{"id":4650,"date":"2023-08-22T12:19:32","date_gmt":"2023-08-22T10:19:32","guid":{"rendered":"https:\/\/kwintesencja.art\/?post_type=product&#038;p=4650"},"modified":"2024-07-28T21:59:18","modified_gmt":"2024-07-28T19:59:18","slug":"martwa-natura-z-japonska-lalka","status":"publish","type":"product","link":"https:\/\/kwintesencja.art\/en\/product\/martwa-natura-z-japonska-lalka\/","title":{"rendered":"Martwa natura z japo\u0144sk\u0105 lalk\u0105"},"content":{"rendered":"<p class=\"western\" align=\"justify\">W\u0142odzimierz Terlikowski urodzi\u0142 si\u0119 1873 roku w Poraju k. \u0141odzi, zmar\u0142 w 1951 roku w Pary\u017cu. By\u0142 jedn\u0105 z g\u0142\u00f3wnych indywidualno\u015bci polskiego \u015brodowiska artystycznego w Pary\u017cu w pierwszej po\u0142owie XX wieku.<br \/>\nPrzez nied\u0142ugi czas studiowa\u0142 w monachijskiej Akademii Sztuk Pi\u0119knych, p\u00f3\u017aniej kr\u00f3tko ucz\u0119szcza\u0142 do pracowni Jeana-Paula Laurensa w Pary\u017cu. Zadebiutowa\u0142 w 1900 roku indywidualn\u0105 wystaw\u0105 w presti\u017cowej paryskiej Galerii Bernheim-Jeune. Uczestniczy\u0142 tak\u017ce w Salonie Jesiennym (1912) i Soci\u00e9t\u00e9 Nationale des Beaux-Arts (1930) oraz w wystawach sztuki polskiej w Pary\u017cu (1918, 1919, 1921, 1929) i Brukseli (1929). Malarz cz\u0119sto eksponowa\u0142 swoje prace, jego wystawy wielokrotnie organizowano tak\u017ce w Polsce, Belgii, Stanach Zjednoczonych oraz we W\u0142oszech. Obrazy W\u0142odzimierza Terlikowskiego cieszy\u0142y si\u0119 du\u017cym powodzeniem ju\u017c za \u017cycia malarza.<br \/>\nArtysta du\u017co podr\u00f3\u017cowa\u0142 po \u015bwiecie, odwiedzi\u0142 m. in. Wielk\u0105 Brytani\u0119, Hiszpani\u0119, W\u0142ochy, Indie, Australi\u0119, Now\u0105 Zelandi\u0119 oraz p\u00f3\u0142nocn\u0105 Afryk\u0119. W 1911 roku na sta\u0142e osiad\u0142 w Pary\u017cu i zwi\u0105za\u0142 si\u0119 ze \u015brodowiskiem \u00c9cole de Paris. Cz\u0119sto wystawia\u0142 swoje prace w stolicy Francji.<\/p>\n<p>W\u0142odzimierz Terlikowski tworzy\u0142 przede wszystkim zr\u00f3\u017cnicowane pejza\u017ce z wielu zak\u0105tk\u00f3w \u015bwiata, portrety oraz martwe natury z kwiatami. Malarstwo artysty jest bardzo dekoracyjne, jego obrazy cz\u0119sto s\u0105 uznawane za najlepsze dzie\u0142a polskiego postimpresjonizmu.<br \/>\nPrace W\u0142odzimierza Terlikowskiego charakteryzuj\u0105 si\u0119 \u017cyw\u0105, nasycon\u0105 gam\u0105 barwn\u0105, silnymi kontrastami kolorystycznymi inspirowanymi sztuk\u0105 fowist\u00f3w oraz grub\u0105, mi\u0119sist\u0105 faktur\u0105 farby nak\u0142adanej szerokim p\u0119dzlem i szpachl\u0105 w celu powi\u0119kszenia efekt\u00f3w \u015bwietlnych na powierzchni obrazu.<br \/>\nOpr\u00f3cz malarstwa sztalugowego artysta zajmowa\u0142 si\u0119 r\u00f3wnie\u017c malarstwem \u015bciennym.<\/p>\n<p>Malarz w 1920 roku zosta\u0142 odznaczony francusk\u0105 Legi\u0105 Honorow\u0105.<br \/>\nObrazy W\u0142odzimierza Terlikowskiego znajduj\u0105 si\u0119 w licznych kolekcjach prywatnych na \u015bwiecie oraz w zbiorach wielu instytucji publicznych, m. in. w Muzeum Narodowym w Warszawie, w Centre Georges Pompidou w Pary\u017cu, w muzeum w Lyonie, Bordeaux czy Marsylii.<\/p>\n<p>&nbsp;<\/p>","protected":false},"excerpt":{"rendered":"<p>Tytu\u0142: Martwa natura z japo\u0144sk\u0105 lalk\u0105<br \/>\nAutor: W\u0142odzimierz Terlikowski<br \/>\nRok: 1925<br \/>\nTechnika: Olej na p\u0142\u00f3tnie<br \/>\nPraca oprawiona w pi\u0119kn\u0105, du\u017c\u0105 ram\u0119<br \/>\nWymiary: 46 x 55 cm, 63 x 72 cm (z ram\u0105)<br \/>\nSygnatura: odr\u0119czna, p.l.: 1925\/V.de Terlikowski<br \/>\nStan zachowania:\u00a0 dobry<\/p>","protected":false},"featured_media":4651,"template":"","meta":{"_monsterinsights_skip_tracking":false,"_monsterinsights_sitenote_active":false,"_monsterinsights_sitenote_note":"","_monsterinsights_sitenote_category":0,"_themeisle_gutenberg_block_has_review":false},"product_cat":[39],"product_tag":[240],"class_list":["post-4650","product","type-product","status-publish","has-post-thumbnail","hentry","product_cat-obrazy","product_tag-terlikowski-wlodzimierz","product_shipping_class-rodzaj-wysylki-3"],"aioseo_notices":[],"_links":{"self":[{"href":"https:\/\/kwintesencja.art\/en\/wp-json\/wp\/v2\/product\/4650","targetHints":{"allow":["GET"]}}],"collection":[{"href":"https:\/\/kwintesencja.art\/en\/wp-json\/wp\/v2\/product"}],"about":[{"href":"https:\/\/kwintesencja.art\/en\/wp-json\/wp\/v2\/types\/product"}],"wp:featuredmedia":[{"embeddable":true,"href":"https:\/\/kwintesencja.art\/en\/wp-json\/wp\/v2\/media\/4651"}],"wp:attachment":[{"href":"https:\/\/kwintesencja.art\/en\/wp-json\/wp\/v2\/media?parent=4650"}],"wp:term":[{"taxonomy":"product_cat","embeddable":true,"href":"https:\/\/kwintesencja.art\/en\/wp-json\/wp\/v2\/product_cat?post=4650"},{"taxonomy":"product_tag","embeddable":true,"href":"https:\/\/kwintesencja.art\/en\/wp-json\/wp\/v2\/product_tag?post=4650"}],"curies":[{"name":"wp","href":"https:\/\/api.w.org\/{rel}","templated":true}]}}