{"id":4573,"date":"2023-07-18T11:15:10","date_gmt":"2023-07-18T09:15:10","guid":{"rendered":"https:\/\/kwintesencja.art\/?post_type=product&#038;p=4573"},"modified":"2024-03-08T19:50:40","modified_gmt":"2024-03-08T18:50:40","slug":"miejski-pejzaz","status":"publish","type":"product","link":"https:\/\/kwintesencja.art\/en\/product\/miejski-pejzaz\/","title":{"rendered":"Miejski pejza\u017c"},"content":{"rendered":"<p>Jean Peske (1870-1949). Pocz\u0105tkowo uczy\u0142 si\u0119 w Szkole Malarstwa Niko\u0142aja Muraszki w Kijowie, a nast\u0119pnie w latach 1886 &#8211; 89 w Szkole Sztuk Pi\u0119knych w Odessie. W 1890 r. zosta\u0142 uczniem Wojciecha Gersona w jego szkole w Warszawie. W 1891 r. wyjecha\u0142 do Pary\u017ca, gdzie kontynuowa\u0142 studia w Acad\u00e9mie Julian pod kierunkiem Jean-Paula Laurensa i Benjamina Constanta, gdzie osiad\u0142 na sta\u0142e. Od 1894 r. uczestniczy\u0142 w Salonach: Niezale\u017cnych, Soci\u00e9t\u00e9 Nationale des Beaux-Arts, Tuileryjskim. Uczestniczy\u0142 w \u017cyciu artystycznym Pary\u017ca, utrzymywa\u0142 te\u017c kontakty z krajem, gdzie wystawia\u0142 w warszawskiej Zach\u0119cie (1892 r.) oraz w TPSP we Lwowie (1900 r.) i Krakowie (1910 r.), uczestniczy\u0142 te\u017c w wystawie sztuki polskiej w Grand Palais w Pary\u017cu w 1921 r. Pracowa\u0142 wiele na plenerach na po\u0142udniu Francji \u2013 w Bormes, gdzie do 1926 r. mia\u0142 w\u0142asn\u0105 pracowni\u0119 i w Collioure, gdzie utworzy\u0142 muzeum wsp\u00f3\u0142czesnej sztuki francuskiej (obecnie jego imienia i z kolekcj\u0105 jego prac). Malowa\u0142 sceny rodzajowe utrzymane w stylistyce sztuki nabist\u00f3w i postimpresjonist\u00f3w, tak\u017ce portrety i pejza\u017ce.(\u017ar\u00f3d\u0142o: Desa Unicum)<\/p>","protected":false},"excerpt":{"rendered":"<p>Tytu\u0142: Pejza\u017c miejski<br \/>\nAutor: Jean Peske<br \/>\nYear: unknown<br \/>\nTechnika: W\u0119giel, tusz indyjski na papierze<br \/>\nPraca oprawiona (jeden r\u00f3g lekko odkszta\u0142cony)<br \/>\nWymiary: 53 x 35 cm, 66,5 x 48 cm (z ram\u0105)<br \/>\nSygnatura: odr\u0119czna u do\u0142u: Peske<br \/>\nStan zachowania: bardzo dobry<br \/>\nCertificate of Authenticity<\/p>","protected":false},"featured_media":4575,"template":"","meta":{"_monsterinsights_skip_tracking":false,"_monsterinsights_sitenote_active":false,"_monsterinsights_sitenote_note":"","_monsterinsights_sitenote_category":0,"_themeisle_gutenberg_block_has_review":false},"product_cat":[39],"product_tag":[237],"class_list":["post-4573","product","type-product","status-publish","has-post-thumbnail","hentry","product_cat-obrazy","product_tag-peske-jean","product_shipping_class-rodzaj-wysylki-3"],"aioseo_notices":[],"_links":{"self":[{"href":"https:\/\/kwintesencja.art\/en\/wp-json\/wp\/v2\/product\/4573","targetHints":{"allow":["GET"]}}],"collection":[{"href":"https:\/\/kwintesencja.art\/en\/wp-json\/wp\/v2\/product"}],"about":[{"href":"https:\/\/kwintesencja.art\/en\/wp-json\/wp\/v2\/types\/product"}],"wp:featuredmedia":[{"embeddable":true,"href":"https:\/\/kwintesencja.art\/en\/wp-json\/wp\/v2\/media\/4575"}],"wp:attachment":[{"href":"https:\/\/kwintesencja.art\/en\/wp-json\/wp\/v2\/media?parent=4573"}],"wp:term":[{"taxonomy":"product_cat","embeddable":true,"href":"https:\/\/kwintesencja.art\/en\/wp-json\/wp\/v2\/product_cat?post=4573"},{"taxonomy":"product_tag","embeddable":true,"href":"https:\/\/kwintesencja.art\/en\/wp-json\/wp\/v2\/product_tag?post=4573"}],"curies":[{"name":"wp","href":"https:\/\/api.w.org\/{rel}","templated":true}]}}