{"id":4564,"date":"2023-07-18T10:46:36","date_gmt":"2023-07-18T08:46:36","guid":{"rendered":"https:\/\/kwintesencja.art\/?post_type=product&#038;p=4564"},"modified":"2023-08-22T12:21:48","modified_gmt":"2023-08-22T10:21:48","slug":"po-kapieli","status":"publish","type":"product","link":"https:\/\/kwintesencja.art\/en\/product\/po-kapieli\/","title":{"rendered":"Po k\u0105pieli"},"content":{"rendered":"<p>Igor Talwi\u0144ski (1907 -1983) \u2013 polski malarz tworz\u0105cy we Francji. Od roku 1951 wystawia\u0142 na Salonie Paryskim. Swoje obrazy przedstawia\u0142 te\u017c na indywidualnych wystawach w Londynie i Nowym Jorku.<\/p>","protected":false},"excerpt":{"rendered":"<p>Tytu\u0142: Po k\u0105pieli<br \/>\nAutor: Igor Talwi\u0144ski<br \/>\nYear: unknown<br \/>\nTechnika: Olej na p\u0142\u00f3tnie<br \/>\nPraca oprawiona w pi\u0119kn\u0105, du\u017c\u0105 ram\u0119<br \/>\nWymiary: 57 x 71 cm, 79 x 92 cm (z ram\u0105)<br \/>\nSygnatura: odr\u0119czna, p.d.: Igor Talwi\u0144ski<br \/>\nStan zachowania: bardzo dobry<br \/>\nCertificate of Authenticity<\/p>","protected":false},"featured_media":4566,"template":"","meta":{"_monsterinsights_skip_tracking":false,"_monsterinsights_sitenote_active":false,"_monsterinsights_sitenote_note":"","_monsterinsights_sitenote_category":0,"_themeisle_gutenberg_block_has_review":false},"product_cat":[39],"product_tag":[236],"class_list":["post-4564","product","type-product","status-publish","has-post-thumbnail","hentry","product_cat-obrazy","product_tag-talwinski-igor","product_shipping_class-rodzaj-wysylki-3"],"aioseo_notices":[],"_links":{"self":[{"href":"https:\/\/kwintesencja.art\/en\/wp-json\/wp\/v2\/product\/4564","targetHints":{"allow":["GET"]}}],"collection":[{"href":"https:\/\/kwintesencja.art\/en\/wp-json\/wp\/v2\/product"}],"about":[{"href":"https:\/\/kwintesencja.art\/en\/wp-json\/wp\/v2\/types\/product"}],"wp:featuredmedia":[{"embeddable":true,"href":"https:\/\/kwintesencja.art\/en\/wp-json\/wp\/v2\/media\/4566"}],"wp:attachment":[{"href":"https:\/\/kwintesencja.art\/en\/wp-json\/wp\/v2\/media?parent=4564"}],"wp:term":[{"taxonomy":"product_cat","embeddable":true,"href":"https:\/\/kwintesencja.art\/en\/wp-json\/wp\/v2\/product_cat?post=4564"},{"taxonomy":"product_tag","embeddable":true,"href":"https:\/\/kwintesencja.art\/en\/wp-json\/wp\/v2\/product_tag?post=4564"}],"curies":[{"name":"wp","href":"https:\/\/api.w.org\/{rel}","templated":true}]}}