{"id":4476,"date":"2023-05-23T23:16:44","date_gmt":"2023-05-23T21:16:44","guid":{"rendered":"https:\/\/kwintesencja.art\/?post_type=product&#038;p=4476"},"modified":"2026-03-06T09:34:23","modified_gmt":"2026-03-06T08:34:23","slug":"gold-of-azure","status":"publish","type":"product","link":"https:\/\/kwintesencja.art\/en\/product\/gold-of-azure\/","title":{"rendered":"Gold of Azure"},"content":{"rendered":"<p>Joan Mir\u00f3 (1893-1983) jest\u00a0katalo\u0144skim\u00a0malarzem,\u00a0rze\u017abiarzem,\u00a0rytownikiem\u00a0i\u00a0ceramikiem\u00a0. Okre\u015blaj\u0105c si\u0119 przede wszystkim jako \u201emi\u0119dzynarodowy katalo\u0144czyk\u201d, jest jednym z g\u0142\u00f3wnych przedstawicieli ruchu\u00a0surrealistycznego\u00a0.<br \/>\nJego prace odzwierciedlaj\u0105 jego poci\u0105g do\u00a0pod\u015bwiadomo\u015bci, do \u201edzieci\u0119cego ducha\u201d i do swojego kraju. We wczesnych latach wykazywa\u0142 silne\u00a0wp\u0142ywy fowist\u00f3w,\u00a0kubist\u00f3w\u00a0i\u00a0ekspresjonist\u00f3w, zanim przekszta\u0142ci\u0142 si\u0119 w malarstwo p\u0142askie z pewn\u0105\u00a0naiwno\u015bci\u0105\u00a0. Obraz zatytu\u0142owany\u00a0La Ferme, namalowany w 1921 roku, jest jednym z najs\u0142ynniejszych obraz\u00f3w tego okresu.<br \/>\nPo wyje\u017adzie do Pary\u017ca jego tw\u00f3rczo\u015b\u0107 staje si\u0119 bardziej oniryczna, co koresponduje z g\u0142\u00f3wnymi nurtami ruchu surrealistycznego, do kt\u00f3rego jest przywi\u0105zany. W licznych wywiadach i pismach z lat 30. Mir\u00f3 manifestuje ch\u0119\u0107 porzucenia konwencjonalnych metod malowania, by \u2013 jak sam m\u00f3wi \u2013 \u201ezabi\u0107 ich, zamordowa\u0107 lub zgwa\u0142ci\u0107\u201d, promuj\u0105c w ten spos\u00f3b wsp\u00f3\u0142czesn\u0105 form\u0119 ekspresji. Nie chce spe\u0142nia\u0107 \u017cadnych wymaga\u0144, ani estetyki i jej metod, ani surrealizmu.<br \/>\nNa jego cze\u015b\u0107 powsta\u0142a w 1975 roku w Barcelonie\u00a0Fundacja Joan-Mir\u00f3\u00a0. Jest to centrum kulturalno-artystyczne po\u015bwi\u0119cone prezentowaniu nowych trend\u00f3w w sztuce wsp\u00f3\u0142czesnej. Jest pocz\u0105tkowo zasilany z du\u017cego funduszu oferowanego przez nauczyciela. Inne miejsca maj\u0105 wa\u017cne kolekcje dzie\u0142 Mir\u00f3, takie jak\u00a0Pilar and Joan Mir\u00f3 Foundation\u00a0w\u00a0Palma de Mallorca,\u00a0Mus\u00e9e National d\u2019art moderne\u00a0de\u00a0Paris,\u00a0Mus\u00e9e d\u2019art moderne de Lille\u00a0i\u00a0Museum of Modern art\u00a0of\u00a0New York\u00a0.<\/p>","protected":false},"excerpt":{"rendered":"<p>Grafika, edycja limitowana 200 egzemplarzy, na papierze czerpanym.<br \/>\nKa\u017cda grafika jest indywidualnie numerowana.<br \/>\nNapis o\u0142\u00f3wkiem l.d.: 26\/200, p.d.: faksymile \u201eMiro\u201d.<br \/>\nWymiary: 57 cm x 78 cm (arkusz)<br \/>\nL.d.: Arches p.d. sucha piecz\u0119\u0107 wydawcy: <span class=\"HwtZe\" lang=\"pl\">S.P.A.D.E.M 1973<br \/>\nZnak wodny na\u00a0papierze: Arches France<br \/>\nNa odwrocie hologram.<\/span><br \/>\nStan zachowania: bardzo dobry<\/p>","protected":false},"featured_media":4472,"template":"","meta":{"_monsterinsights_skip_tracking":false,"_monsterinsights_sitenote_active":false,"_monsterinsights_sitenote_note":"","_monsterinsights_sitenote_category":0,"_themeisle_gutenberg_block_has_review":false},"product_cat":[41],"product_tag":[206,350],"class_list":["post-4476","product","type-product","status-publish","has-post-thumbnail","hentry","product_cat-grafiki","product_tag-miro-joan","product_tag-wyprzedaz","product_shipping_class-rodzaj-wysylki-2"],"aioseo_notices":[],"_links":{"self":[{"href":"https:\/\/kwintesencja.art\/en\/wp-json\/wp\/v2\/product\/4476","targetHints":{"allow":["GET"]}}],"collection":[{"href":"https:\/\/kwintesencja.art\/en\/wp-json\/wp\/v2\/product"}],"about":[{"href":"https:\/\/kwintesencja.art\/en\/wp-json\/wp\/v2\/types\/product"}],"wp:featuredmedia":[{"embeddable":true,"href":"https:\/\/kwintesencja.art\/en\/wp-json\/wp\/v2\/media\/4472"}],"wp:attachment":[{"href":"https:\/\/kwintesencja.art\/en\/wp-json\/wp\/v2\/media?parent=4476"}],"wp:term":[{"taxonomy":"product_cat","embeddable":true,"href":"https:\/\/kwintesencja.art\/en\/wp-json\/wp\/v2\/product_cat?post=4476"},{"taxonomy":"product_tag","embeddable":true,"href":"https:\/\/kwintesencja.art\/en\/wp-json\/wp\/v2\/product_tag?post=4476"}],"curies":[{"name":"wp","href":"https:\/\/api.w.org\/{rel}","templated":true}]}}