{"id":4438,"date":"2023-05-23T14:31:44","date_gmt":"2023-05-23T12:31:44","guid":{"rendered":"https:\/\/kwintesencja.art\/?post_type=product&#038;p=4438"},"modified":"2025-12-17T20:52:36","modified_gmt":"2025-12-17T19:52:36","slug":"chrystus-swietego-jana-od-krzyza","status":"publish","type":"product","link":"https:\/\/kwintesencja.art\/en\/product\/chrystus-swietego-jana-od-krzyza\/","title":{"rendered":"Chrystus \u015bwi\u0119tego Jana od Krzy\u017ca"},"content":{"rendered":"<p>Salvador Dali (1904-1989) \u2013 Hiszpa\u0144ski malarz, grafik, dekorator, ilustrator i teoretyk malarstwa. By\u0142 czo\u0142owym przedstawicielem surrealizmu. W latach 1921-1926 ucz\u0119szcza\u0142 do Akademii San Fernando w Madrycie. W 1926r. wyjecha\u0142 do Pary\u017ca, gzdie pozna\u0142 m.in. P. Picassa i T. Tzar\u0119. Zwi\u0105zany by\u0142 z G. Eluard, kt\u00f3ra by\u0142a jego muz\u0105. Przyja\u017ani\u0142 si\u0119 z F. G. Lorca, L. Bunuel`em i R. Albertini. Kilka lat przebywa\u0142 w Ameryce. Od 1982r. po \u015bmierci swojej partnerki \u017cyciowej, wi\u00f3d\u0142 \u017cycie w odosobnieniu. Dzi\u0119ki indywidualnej metodzie tw\u00f3rczej (paranoicznokrytycznej) do swojej tw\u00f3rczo\u015bci wprowadzi\u0142 atmosfer\u0119 niezwyk\u0142o\u015bci i fantastyki. Wprowadzi\u0142 wirtuozersk\u0105 technik\u0119 granicz\u0105c\u0105 z iluzjonizmem.<\/p>","protected":false},"excerpt":{"rendered":"<p>Grafika, edycja limitowana na\u00a0papierze czerpanym.<br \/>\nKa\u017cda grafika jest indywidualnie numerowana.<br \/>\nNapis o\u0142\u00f3wkiem l.d.: MXIV\/MM. Wymiary: 50 cm x 66 cm (arkusz)<br \/>\nNa dole sucha piecz\u0119\u0107\u00a0<span class=\"HwtZe\" lang=\"pl\">\u2013\u00a0<span class=\"jCAhz ChMk0b\"><span class=\"ryNqvb\">Certyfikowany Dali.<br \/>\nNa odwrocie hologram.<\/span><\/span><\/span><br \/>\nStan zachowania: bardzo dobry<\/p>","protected":false},"featured_media":7558,"template":"","meta":{"_monsterinsights_skip_tracking":false,"_monsterinsights_sitenote_active":false,"_monsterinsights_sitenote_note":"","_monsterinsights_sitenote_category":0,"_themeisle_gutenberg_block_has_review":false},"product_cat":[41],"product_tag":[196,350],"class_list":["post-4438","product","type-product","status-publish","has-post-thumbnail","hentry","product_cat-grafiki","product_tag-dali-salvador","product_tag-wyprzedaz","product_shipping_class-rodzaj-wysylki-2"],"aioseo_notices":[],"_links":{"self":[{"href":"https:\/\/kwintesencja.art\/en\/wp-json\/wp\/v2\/product\/4438","targetHints":{"allow":["GET"]}}],"collection":[{"href":"https:\/\/kwintesencja.art\/en\/wp-json\/wp\/v2\/product"}],"about":[{"href":"https:\/\/kwintesencja.art\/en\/wp-json\/wp\/v2\/types\/product"}],"wp:featuredmedia":[{"embeddable":true,"href":"https:\/\/kwintesencja.art\/en\/wp-json\/wp\/v2\/media\/7558"}],"wp:attachment":[{"href":"https:\/\/kwintesencja.art\/en\/wp-json\/wp\/v2\/media?parent=4438"}],"wp:term":[{"taxonomy":"product_cat","embeddable":true,"href":"https:\/\/kwintesencja.art\/en\/wp-json\/wp\/v2\/product_cat?post=4438"},{"taxonomy":"product_tag","embeddable":true,"href":"https:\/\/kwintesencja.art\/en\/wp-json\/wp\/v2\/product_tag?post=4438"}],"curies":[{"name":"wp","href":"https:\/\/api.w.org\/{rel}","templated":true}]}}