{"id":4320,"date":"2023-04-20T18:35:26","date_gmt":"2023-04-20T16:35:26","guid":{"rendered":"https:\/\/kwintesencja.art\/?post_type=product&#038;p=4320"},"modified":"2025-07-29T14:00:29","modified_gmt":"2025-07-29T12:00:29","slug":"matka-z-dzieckiem","status":"publish","type":"product","link":"https:\/\/kwintesencja.art\/en\/product\/matka-z-dzieckiem\/","title":{"rendered":"Matka z dzieckiem"},"content":{"rendered":"<p>Zygmunt Landau (1898-1962) Nauk\u0119 malarstwa rozpocz\u0105\u0142 w \u0141odzi, w pracowni Jakuba Kacenbogena, nast\u0119pnie w warszawskiej Akademii Sztuk Pi\u0119knych w pracowni Stanis\u0142awa Lentza. Od roku 1919 przebywa\u0142 w Pary\u017cu. Zwi\u0105zany si\u0119 z kr\u0119giem artyst\u00f3w \u00c9cole de Paris przyja\u017ani\u0142 si\u0119 z Modiglianim i Kislingiem.<br \/>\nW 1921 po raz pierwszy swoje obrazy zaprezentowa\u0142 na wystawach malarzy \u017cydowskich w Warszawie i w \u0141odzi. P\u00f3\u017aniej wystawia\u0142, m.in. na paryskim Salonie Niezale\u017cnych, Salonie Jesiennym. W czasie trwania II wojny \u015bwiatowej mieszka\u0142 w Saint-Tropez, nast\u0119pnie przeni\u00f3s\u0142 si\u0119 do Nicei i Pary\u017ca, aby w latch 50. przeprowadzi\u0107 si\u0119 do Izraela.<br \/>\nW tw\u00f3rczo\u015bci artysty dominuj\u0105 przedstawienia kobiet, macierzy\u0144stwa oraz tematy idylliczne. Malowa\u0142 pejza\u017ce, we wczesnym okresie zdradzaj\u0105ce fascynacje sztuk\u0105 Cezanne\u2019a, tworzy\u0142 te\u017c kompozycje figuralne, martwe natury, kwiaty oraz portrety.<\/p>\n<p>&nbsp;<\/p>","protected":false},"excerpt":{"rendered":"<p>Artysta z kr\u0119gu Ecole de Paris.<br \/>\nRysunek w\u0119glem na kartonie Canson. Wymiary: 48,5 x 63 cm<br \/>\nSygnatura odr\u0119czna: p.d.: Landau Powy\u017cej sygnatury nieczytelny napis o\u0142\u00f3wkiem.<br \/>\nCiekawostka: Na odwrocie r\u00f3wnie\u017c znajduje si\u0119 szkic, ale dost\u0119p do niego jest utrudniony,<br \/>\nponiewa\u017c karton przyklejony jest w czterech rogach do tektury.<\/p>","protected":false},"featured_media":4321,"template":"","meta":{"_monsterinsights_skip_tracking":false,"_monsterinsights_sitenote_active":false,"_monsterinsights_sitenote_note":"","_monsterinsights_sitenote_category":0,"_themeisle_gutenberg_block_has_review":false},"product_cat":[39],"product_tag":[226],"class_list":["post-4320","product","type-product","status-publish","has-post-thumbnail","hentry","product_cat-obrazy","product_tag-landau-zygmunt","product_shipping_class-rodzaj-wysylki-2"],"aioseo_notices":[],"_links":{"self":[{"href":"https:\/\/kwintesencja.art\/en\/wp-json\/wp\/v2\/product\/4320","targetHints":{"allow":["GET"]}}],"collection":[{"href":"https:\/\/kwintesencja.art\/en\/wp-json\/wp\/v2\/product"}],"about":[{"href":"https:\/\/kwintesencja.art\/en\/wp-json\/wp\/v2\/types\/product"}],"wp:featuredmedia":[{"embeddable":true,"href":"https:\/\/kwintesencja.art\/en\/wp-json\/wp\/v2\/media\/4321"}],"wp:attachment":[{"href":"https:\/\/kwintesencja.art\/en\/wp-json\/wp\/v2\/media?parent=4320"}],"wp:term":[{"taxonomy":"product_cat","embeddable":true,"href":"https:\/\/kwintesencja.art\/en\/wp-json\/wp\/v2\/product_cat?post=4320"},{"taxonomy":"product_tag","embeddable":true,"href":"https:\/\/kwintesencja.art\/en\/wp-json\/wp\/v2\/product_tag?post=4320"}],"curies":[{"name":"wp","href":"https:\/\/api.w.org\/{rel}","templated":true}]}}