{"id":4244,"date":"2023-04-12T20:52:54","date_gmt":"2023-04-12T18:52:54","guid":{"rendered":"https:\/\/kwintesencja.art\/?post_type=product&#038;p=4244"},"modified":"2023-05-14T22:17:17","modified_gmt":"2023-05-14T20:17:17","slug":"akt-8","status":"publish","type":"product","link":"https:\/\/kwintesencja.art\/en\/product\/akt-8\/","title":{"rendered":"Akt"},"content":{"rendered":"<p>Henryk Epstein urodzi si\u0119 w 1891 roku w \u0141odzi. W roku 1910 rozpocz\u0105\u0142 studia w Akademii Sztuk Pi\u0119knych w Monachium, od roku 1912 studiowa\u0142 w Pary\u017cu w Acad\u00e9mie de la Grande Chaumi\u00e8re. Pocz\u0105tkowo interesowa\u0142 si\u0119 przede wszystkim postimpresjonizmem, p\u00f3\u017aniej wszed\u0142 w kr\u0105g malarzy fowist\u00f3w. Podczas I wojny \u015bwiatowej zg\u0142osi\u0142 si\u0119 do polskich oddzia\u0142\u00f3w wojskowych. Po wojnie przebywa\u0142 w \u015brodowisku paryskich malarzy awangardowych na Montparnasse, zwi\u0105zanych z rotund\u0105 La Ruche. Zaprzyja\u017ani\u0142 si\u0119 m.in. z Amedeo Modiglianim, Chaimem Soutinem i Markiem Chagallem. Henryk Epstein malowa\u0142 martwe natury, akty, kompozycje figuralne i pejza\u017ce. We Francji malowa\u0142 rybak\u00f3w i ich otoczenie, porty, a tak\u017ce martwe natury przedstawiaj\u0105ce owoce morza, ryby i ptaki. W po\u0142owie lat 30. XX wieku kupi\u0142 gospodarstwo w okolicach \u00c9pernon, gdzie cz\u0119sto wyje\u017cd\u017ca\u0142. Ze wzgl\u0119du na \u017cydowskie pochodzenie zosta\u0142 aresztowany 23 lutego 1944 roku i wywieziony do obozu przej\u015bciowego w Drancy, z kt\u00f3rego \u017cona i c\u00f3rka pr\u00f3bowa\u0142y go bezskutecznie wyci\u0105gn\u0105\u0107. Transportem nr 69 w dniu 7 marca 1944 przewieziono go do obozu w Auschwitz, gdzie zgin\u0105\u0142.<\/p>\n<p>&nbsp;<\/p>","protected":false},"excerpt":{"rendered":"<p>Akt narysowany sangwin\u0105 i w\u0119glem na papierze.<br \/>\nSygnatura odr\u0119czna u do\u0142u: Epstein<br \/>\nWymiary: w \u015bw. p-p.: 31 x 35,5 cm, 47,5 x 58 cm<br \/>\nPraca po konserwacji: dolna cz\u0119\u015b\u0107 rysunku by\u0142a uszkodzona i rozci\u0119ta.<\/p>","protected":false},"featured_media":4246,"template":"","meta":{"_monsterinsights_skip_tracking":false,"_monsterinsights_sitenote_active":false,"_monsterinsights_sitenote_note":"","_monsterinsights_sitenote_category":0,"_themeisle_gutenberg_block_has_review":false},"product_cat":[39],"product_tag":[225],"class_list":["post-4244","product","type-product","status-publish","has-post-thumbnail","hentry","product_cat-obrazy","product_tag-epstein-henryk","product_shipping_class-rodzaj-wysylki-2"],"aioseo_notices":[],"_links":{"self":[{"href":"https:\/\/kwintesencja.art\/en\/wp-json\/wp\/v2\/product\/4244","targetHints":{"allow":["GET"]}}],"collection":[{"href":"https:\/\/kwintesencja.art\/en\/wp-json\/wp\/v2\/product"}],"about":[{"href":"https:\/\/kwintesencja.art\/en\/wp-json\/wp\/v2\/types\/product"}],"wp:featuredmedia":[{"embeddable":true,"href":"https:\/\/kwintesencja.art\/en\/wp-json\/wp\/v2\/media\/4246"}],"wp:attachment":[{"href":"https:\/\/kwintesencja.art\/en\/wp-json\/wp\/v2\/media?parent=4244"}],"wp:term":[{"taxonomy":"product_cat","embeddable":true,"href":"https:\/\/kwintesencja.art\/en\/wp-json\/wp\/v2\/product_cat?post=4244"},{"taxonomy":"product_tag","embeddable":true,"href":"https:\/\/kwintesencja.art\/en\/wp-json\/wp\/v2\/product_tag?post=4244"}],"curies":[{"name":"wp","href":"https:\/\/api.w.org\/{rel}","templated":true}]}}