{"id":4080,"date":"2023-04-01T19:04:54","date_gmt":"2023-04-01T17:04:54","guid":{"rendered":"https:\/\/kwintesencja.art\/?post_type=product&#038;p=4080"},"modified":"2024-03-03T22:55:29","modified_gmt":"2024-03-03T21:55:29","slug":"akt-w-brazowych-ponczochach","status":"publish","type":"product","link":"https:\/\/kwintesencja.art\/en\/product\/akt-w-brazowych-ponczochach\/","title":{"rendered":"Akt w br\u0105zowych po\u0144czochach"},"content":{"rendered":"<p>Egon Schiele (1890-1918) by\u0142 austriackim malarzem i grafikiem, kt\u00f3rego styl najbli\u017cszy jest secesji. Uznawany jest za jednego z najwa\u017cniejszych malarzy figuratywnych pocz\u0105tku XX wieku. Tw\u00f3rczo\u015b\u0107 Egona Schiele stanowi oryginaln\u0105, wyj\u0105tkowo zindywidualizowan\u0105 interpretacj\u0119 zasad secesyjnej dekoracyjno\u015bci, ale i jej inspiracji liniami natury. W dorobku artysty znajdziemy zar\u00f3wno portrety, autoportrety czy pejza\u017ce, jak i niezwykle ekspresyjne akty, przez wielu ze wsp\u00f3\u0142czesnych Schielego uznawane za pornografi\u0119. Jako malarz Egon Schiele zas\u0142yn\u0105\u0142 z oddawanych w pracach intensywnych emocji i surowej seksualno\u015bci. Skr\u0119cone kszta\u0142ty cia\u0142 i wyraziste linie pojawiaj\u0105ce si\u0119 w jego obrazach i rysunkach pozwalaj\u0105 zakwalifikowa\u0107 go jako wczesnego przedstawiciela ekspresjonizmu.<\/p>","protected":false},"excerpt":{"rendered":"<p>Grafika, edycja limitowana 200 egzemplarzy, na papierze Fabriano Cotton Privilege.<br \/>\nKa\u017cda grafika jest indywidualnie numerowana.<br \/>\nNapis o\u0142\u00f3wkiem l.d.: 25\/200, p.d.: faksymile \u201eEgon Schiele\u201d.<br \/>\nWymiary: 50 cm x 70 cm (arkusz)<br \/>\nNa dole sucha piecz\u0119\u0107 \u2013 Certyfikowany przez SPADEM Paris.<br \/>\nNa odwrocie hologram.<br \/>\nStan zachowania: bardzo dobry<\/p>","protected":false},"featured_media":4161,"template":"","meta":{"_monsterinsights_skip_tracking":false,"_monsterinsights_sitenote_active":false,"_monsterinsights_sitenote_note":"","_monsterinsights_sitenote_category":0,"_themeisle_gutenberg_block_has_review":false},"product_cat":[41],"product_tag":[185],"class_list":["post-4080","product","type-product","status-publish","has-post-thumbnail","hentry","product_cat-grafiki","product_tag-schiele-egon","product_shipping_class-rodzaj-wysylki-2"],"aioseo_notices":[],"_links":{"self":[{"href":"https:\/\/kwintesencja.art\/en\/wp-json\/wp\/v2\/product\/4080","targetHints":{"allow":["GET"]}}],"collection":[{"href":"https:\/\/kwintesencja.art\/en\/wp-json\/wp\/v2\/product"}],"about":[{"href":"https:\/\/kwintesencja.art\/en\/wp-json\/wp\/v2\/types\/product"}],"wp:featuredmedia":[{"embeddable":true,"href":"https:\/\/kwintesencja.art\/en\/wp-json\/wp\/v2\/media\/4161"}],"wp:attachment":[{"href":"https:\/\/kwintesencja.art\/en\/wp-json\/wp\/v2\/media?parent=4080"}],"wp:term":[{"taxonomy":"product_cat","embeddable":true,"href":"https:\/\/kwintesencja.art\/en\/wp-json\/wp\/v2\/product_cat?post=4080"},{"taxonomy":"product_tag","embeddable":true,"href":"https:\/\/kwintesencja.art\/en\/wp-json\/wp\/v2\/product_tag?post=4080"}],"curies":[{"name":"wp","href":"https:\/\/api.w.org\/{rel}","templated":true}]}}