{"id":4041,"date":"2023-03-15T10:14:41","date_gmt":"2023-03-15T09:14:41","guid":{"rendered":"https:\/\/kwintesencja.art\/?post_type=product&#038;p=4041"},"modified":"2025-12-01T11:29:12","modified_gmt":"2025-12-01T10:29:12","slug":"pomaranczowy","status":"publish","type":"product","link":"https:\/\/kwintesencja.art\/en\/product\/pomaranczowy\/","title":{"rendered":"Orange is the new black"},"content":{"rendered":"<p>Artur Smo\u0142a urodzony w 1976 r. w D\u0119bicy, od lat 90. zwi\u0105zany z Tarnowem.<br \/>\nPrawnik z wykszta\u0142cenia, malarz z powo\u0142ania.<br \/>\nInspiracje czerpie z motyw\u00f3w ba\u015bniowych, folkowych, mitologii i popkultury.<br \/>\nFascynuje go kobieta, jako ikona i archetyp, ale nawi\u0105zuje tak\u017ce do tajemnic i symboli<br \/>\nzwi\u0105zanych z natura: woda b\u0119d\u0105c\u0105 \u017ar\u00f3d\u0142em \u017cycia, motywem ryb, czy koni symbolizuj\u0105cych<br \/>\nwolno\u015b\u0107 i si\u0142\u0119.<br \/>\nPrace artysty charakteryzuj\u0105 odwa\u017cne barwy, mocne kontury i dba\u0142o\u015b\u0107 o detale, zar\u00f3wno<br \/>\nw minimalistycznych, jak i bogatych, dynamicznych kompozycjach.<\/p>","protected":false},"excerpt":{"rendered":"<p>Tytu\u0142: Orange is the new black<br \/>\nAutor: Artur Smo\u0142a<br \/>\nRok: 2021<br \/>\nTechnika: Inkografia<br \/>\nOprawa: tak, czarna ramka<br \/>\nPodpis: odr\u0119czny p.d.: ASmo\u0142a &#8217;21<br \/>\nWymiary: w \u015bw. p-p.: 21 x 23,5 cm, 40 x 40 cm (z ram\u0105)<br \/>\nStan zachowania: bardzo dobry<br \/>\nCertificate of Authenticity<\/p>","protected":false},"featured_media":6626,"template":"","meta":{"_monsterinsights_skip_tracking":false,"_monsterinsights_sitenote_active":false,"_monsterinsights_sitenote_note":"","_monsterinsights_sitenote_category":0,"_themeisle_gutenberg_block_has_review":false},"product_cat":[41],"product_tag":[138,350],"class_list":["post-4041","product","type-product","status-publish","has-post-thumbnail","hentry","product_cat-grafiki","product_tag-smola-artur","product_tag-wyprzedaz","product_shipping_class-rodzaj-wysylki-2"],"aioseo_notices":[],"_links":{"self":[{"href":"https:\/\/kwintesencja.art\/en\/wp-json\/wp\/v2\/product\/4041","targetHints":{"allow":["GET"]}}],"collection":[{"href":"https:\/\/kwintesencja.art\/en\/wp-json\/wp\/v2\/product"}],"about":[{"href":"https:\/\/kwintesencja.art\/en\/wp-json\/wp\/v2\/types\/product"}],"wp:featuredmedia":[{"embeddable":true,"href":"https:\/\/kwintesencja.art\/en\/wp-json\/wp\/v2\/media\/6626"}],"wp:attachment":[{"href":"https:\/\/kwintesencja.art\/en\/wp-json\/wp\/v2\/media?parent=4041"}],"wp:term":[{"taxonomy":"product_cat","embeddable":true,"href":"https:\/\/kwintesencja.art\/en\/wp-json\/wp\/v2\/product_cat?post=4041"},{"taxonomy":"product_tag","embeddable":true,"href":"https:\/\/kwintesencja.art\/en\/wp-json\/wp\/v2\/product_tag?post=4041"}],"curies":[{"name":"wp","href":"https:\/\/api.w.org\/{rel}","templated":true}]}}