{"id":3950,"date":"2023-03-09T10:23:02","date_gmt":"2023-03-09T09:23:02","guid":{"rendered":"https:\/\/kwintesencja.art\/?post_type=product&#038;p=3950"},"modified":"2025-07-29T14:03:55","modified_gmt":"2025-07-29T12:03:55","slug":"nieba-dwa","status":"publish","type":"product","link":"https:\/\/kwintesencja.art\/en\/product\/nieba-dwa\/","title":{"rendered":"Nieba dwa"},"content":{"rendered":"<p>Anna \u015aliwi\u0144ska (ur.1967) uko\u0144czy\u0142a studia w Akademii Sztuk Pi\u0119knych w Krakowie. Dyplom w 1994 roku na Wydziale Malarstwa w Pracowni prof. Jerzego Nowosielskiego, r\u00f3wnorz\u0119dny dyplom w zakresie Tkaniny Artystycznej w Pracowni prof. Lilli Kulki i prof. Ryszarda Kwietnia, aneks dyplomowy w Pracowni Projektowania Ksi\u0105\u017cki i Typografii u prof. Romana Banaszewskiego. W 2012 roku doktorat w zakresie sztuk pi\u0119knych. Stypendium Ministra Kultury i Dziedzictwa Narodowego na rok 2000 i 2003. Stypendystka Miasta Tarnowa na rok 2015 i 2018. Nagroda Miasta Tarnowa za osi\u0105gni\u0119cia w dziedzinie tw\u00f3rczo\u015bci artystycznej w 2020. Obszary dzia\u0142alno\u015bci artystycznej: malarstwo, rysunek, tkanina unikatowa \u2013 sztuka w\u0142\u00f3kna i obiekt, sztuka ksi\u0105\u017cki (ksi\u0105\u017cka artystyczna, grafika ilustracyjna)<\/p>","protected":false},"excerpt":{"rendered":"<p>Akryl, olej na p\u0142\u00f3tnie, wymiary: 24 x 30 cm, 31 x 41 cm (z ram\u0105)<br \/>\nObraz sygnowany na odwrocie. Rok: 2023<br \/>\n(artystka studiowa\u0142a u prof. Nowosielskiego)<\/p>","protected":false},"featured_media":3949,"template":"","meta":{"_monsterinsights_skip_tracking":false,"_monsterinsights_sitenote_active":false,"_monsterinsights_sitenote_note":"","_monsterinsights_sitenote_category":0,"_themeisle_gutenberg_block_has_review":false},"product_cat":[39],"product_tag":[113],"class_list":["post-3950","product","type-product","status-publish","has-post-thumbnail","hentry","product_cat-obrazy","product_tag-sliwinska-anna"],"aioseo_notices":[],"_links":{"self":[{"href":"https:\/\/kwintesencja.art\/en\/wp-json\/wp\/v2\/product\/3950","targetHints":{"allow":["GET"]}}],"collection":[{"href":"https:\/\/kwintesencja.art\/en\/wp-json\/wp\/v2\/product"}],"about":[{"href":"https:\/\/kwintesencja.art\/en\/wp-json\/wp\/v2\/types\/product"}],"wp:featuredmedia":[{"embeddable":true,"href":"https:\/\/kwintesencja.art\/en\/wp-json\/wp\/v2\/media\/3949"}],"wp:attachment":[{"href":"https:\/\/kwintesencja.art\/en\/wp-json\/wp\/v2\/media?parent=3950"}],"wp:term":[{"taxonomy":"product_cat","embeddable":true,"href":"https:\/\/kwintesencja.art\/en\/wp-json\/wp\/v2\/product_cat?post=3950"},{"taxonomy":"product_tag","embeddable":true,"href":"https:\/\/kwintesencja.art\/en\/wp-json\/wp\/v2\/product_tag?post=3950"}],"curies":[{"name":"wp","href":"https:\/\/api.w.org\/{rel}","templated":true}]}}