{"id":3931,"date":"2023-03-07T22:25:39","date_gmt":"2023-03-07T21:25:39","guid":{"rendered":"https:\/\/kwintesencja.art\/?post_type=product&#038;p=3931"},"modified":"2023-10-28T22:30:36","modified_gmt":"2023-10-28T20:30:36","slug":"akt-z-czerwona-bluzka","status":"publish","type":"product","link":"https:\/\/kwintesencja.art\/en\/product\/akt-z-czerwona-bluzka\/","title":{"rendered":"Akt z czerwon\u0105 bluzk\u0105"},"content":{"rendered":"<p>Urodzony na Montmartre w Pary\u017cu, w 1937 r. Bonnefoit jest jednym z najbardziej cenionych wsp\u00f3\u0142czesnych malarzy akt\u00f3w. Bonnefoit wst\u0105pi\u0142 do L&#8217;Ecole des Arts Appliqu\u00e9 i L&#8217;Ecole des Beaux-Arts w 1953 r., p\u00f3\u017aniej do L&#8217;Ecole des Beaux Arts w Brukseli, aby studiowa\u0107 grafik\u0119 i rze\u017ab\u0119. W 1962 wr\u00f3ci\u0142 do Pary\u017ca, gdzie studiowa\u0142 u znanego rze\u017abiarza Antoniucci Volti. To w\u0142a\u015bnie pod wp\u0142ywem Voltiego Bonnefoit zacz\u0105\u0142 po\u015bwi\u0119ca\u0107 si\u0119 rysowaniu i malowaniu kobiecego aktu.<br \/>\nBonnefoit jest mistrzem sztuki Sumi-e: wschodnioazjatyckiej formy malowania tuszem. Praktyka Sumi-e, bardzo trudna do opanowania i niezwyk\u0142a ze wzgl\u0119du na kr\u0119te i p\u0142ynne u\u017cycie linii, da\u0142a Bonnefoit wyj\u0105tkowe zrozumienie ekspresji kobiecego aktu. Ta umiej\u0119tno\u015b\u0107 i zrozumienie s\u0105 widoczne w ca\u0142ej jego tw\u00f3rczo\u015bci.<br \/>\nCharakterystyczny styl Bonnefoit, z charakterystycznie zmys\u0142owym i eleganckim przedstawieniem kobiecego cia\u0142a, obejmuje u\u017cycie olej\u00f3w, akwareli, kredki, tuszu i o\u0142\u00f3wka.<br \/>\nDu\u017ce retrospektywy prac Bonnefoita odby\u0142y si\u0119 w Marino Marini Museum we Florencji oraz w muzeach w Korei i Niemczech. Jego prace mo\u017cna znale\u017a\u0107 w kolekcjach sztuki rz\u0105du francuskiego i miasta Pary\u017ca, muzeum Boccaccio w Certaldo i Muzeum Kwan Ju w Korei.<\/p>\n<p>&nbsp;<\/p>","protected":false},"excerpt":{"rendered":"<p>Tytu\u0142: Akt z czerwon\u0105 bluzk\u0105<br \/>\nAutor: Alain Bonnefoit<br \/>\nTechnika: litografia barwna na papierze welinowym Arches.<br \/>\nRok: 1996<br \/>\nOprawa: Nie<br \/>\nPodpis:\u00a0 odr\u0119czny, o\u0142\u00f3wkiem, p.d.: Alain Bonnefoit &#8217;96; l.d. 154\/175 (edycja limitowana)<br \/>\nDimensins:<span class=\"HwtZe\" lang=\"pl\"><span class=\"jCAhz ChMk0b C1N51c\"><span class=\"ryNqvb\"> 40 x 48,5 cm, 50 x 64,5 cm (arkusz)<\/span><\/span><\/span><br \/>\nStan zachowania: bardzo dobry<br \/>\nCertificate of Authenticity<\/p>","protected":false},"featured_media":3927,"template":"","meta":{"_monsterinsights_skip_tracking":false,"_monsterinsights_sitenote_active":false,"_monsterinsights_sitenote_note":"","_monsterinsights_sitenote_category":0,"_themeisle_gutenberg_block_has_review":false},"product_cat":[41],"product_tag":[219],"class_list":["post-3931","product","type-product","status-publish","has-post-thumbnail","hentry","product_cat-grafiki","product_tag-bonnefoit-alain","product_shipping_class-rodzaj-wysylki-2"],"aioseo_notices":[],"_links":{"self":[{"href":"https:\/\/kwintesencja.art\/en\/wp-json\/wp\/v2\/product\/3931","targetHints":{"allow":["GET"]}}],"collection":[{"href":"https:\/\/kwintesencja.art\/en\/wp-json\/wp\/v2\/product"}],"about":[{"href":"https:\/\/kwintesencja.art\/en\/wp-json\/wp\/v2\/types\/product"}],"wp:featuredmedia":[{"embeddable":true,"href":"https:\/\/kwintesencja.art\/en\/wp-json\/wp\/v2\/media\/3927"}],"wp:attachment":[{"href":"https:\/\/kwintesencja.art\/en\/wp-json\/wp\/v2\/media?parent=3931"}],"wp:term":[{"taxonomy":"product_cat","embeddable":true,"href":"https:\/\/kwintesencja.art\/en\/wp-json\/wp\/v2\/product_cat?post=3931"},{"taxonomy":"product_tag","embeddable":true,"href":"https:\/\/kwintesencja.art\/en\/wp-json\/wp\/v2\/product_tag?post=3931"}],"curies":[{"name":"wp","href":"https:\/\/api.w.org\/{rel}","templated":true}]}}