{"id":3826,"date":"2023-02-04T15:20:48","date_gmt":"2023-02-04T14:20:48","guid":{"rendered":"https:\/\/kwintesencja.art\/?post_type=product&#038;p=3826"},"modified":"2023-02-04T15:20:48","modified_gmt":"2023-02-04T14:20:48","slug":"spokojny-sen","status":"publish","type":"product","link":"https:\/\/kwintesencja.art\/en\/product\/spokojny-sen\/","title":{"rendered":"Spokojny sen"},"content":{"rendered":"<p>Jacek Gaj (1938-2021) \u2013 polski grafik, rysownik, profesor Akademii Sztuk Pi\u0119knych w Krakowie. Studiowa\u0142 na Wydziale Malarstwa i Grafiki ASP w Krakowie. Dyplom obroni\u0142 w 1962 w pracowni prof. Mieczys\u0142awa Wejmana i pracowni liternictwa prof. Adama Stalony-Dobrza\u0144skiego. Artysta zajmowa\u0142 si\u0119 grafik\u0105 i rysunkiem. Profesor zwyczajny na Wydziale Grafiki krakowskiej uczelni. Prowadzi\u0142 Pracowni\u0119 Rysunku. W latach 1993-1996 dziekan Wydzia\u0142u Grafiki. W 1993 odznaczony Krzy\u017cem Kawalerskim Orderu Odrodzenia Polski.<\/p>","protected":false},"excerpt":{"rendered":"<p>Akwaforta, papier; 31 x 49 cm (odcisk p\u0142yty), 60 x 80 cm (z opraw\u0105)<br \/>\nsygn. i dat. p. d.: Jacek Gaj 1973; opisany l. d.: \u201eSpokojny sen\u201d (o\u0142\u00f3wkiem)<\/p>","protected":false},"featured_media":3830,"template":"","meta":{"_monsterinsights_skip_tracking":false,"_monsterinsights_sitenote_active":false,"_monsterinsights_sitenote_note":"","_monsterinsights_sitenote_category":0,"_themeisle_gutenberg_block_has_review":false},"product_cat":[41],"product_tag":[216],"class_list":["post-3826","product","type-product","status-publish","has-post-thumbnail","hentry","product_cat-grafiki","product_tag-gaj-jacek"],"aioseo_notices":[],"_links":{"self":[{"href":"https:\/\/kwintesencja.art\/en\/wp-json\/wp\/v2\/product\/3826","targetHints":{"allow":["GET"]}}],"collection":[{"href":"https:\/\/kwintesencja.art\/en\/wp-json\/wp\/v2\/product"}],"about":[{"href":"https:\/\/kwintesencja.art\/en\/wp-json\/wp\/v2\/types\/product"}],"wp:featuredmedia":[{"embeddable":true,"href":"https:\/\/kwintesencja.art\/en\/wp-json\/wp\/v2\/media\/3830"}],"wp:attachment":[{"href":"https:\/\/kwintesencja.art\/en\/wp-json\/wp\/v2\/media?parent=3826"}],"wp:term":[{"taxonomy":"product_cat","embeddable":true,"href":"https:\/\/kwintesencja.art\/en\/wp-json\/wp\/v2\/product_cat?post=3826"},{"taxonomy":"product_tag","embeddable":true,"href":"https:\/\/kwintesencja.art\/en\/wp-json\/wp\/v2\/product_tag?post=3826"}],"curies":[{"name":"wp","href":"https:\/\/api.w.org\/{rel}","templated":true}]}}