{"id":3746,"date":"2023-01-23T11:29:54","date_gmt":"2023-01-23T10:29:54","guid":{"rendered":"https:\/\/kwintesencja.art\/?post_type=product&#038;p=3746"},"modified":"2024-11-01T18:33:49","modified_gmt":"2024-11-01T17:33:49","slug":"pretensje-nad-basenem-w-letnie-poludnie","status":"publish","type":"product","link":"https:\/\/kwintesencja.art\/en\/product\/pretensje-nad-basenem-w-letnie-poludnie\/","title":{"rendered":"P\u0142ywaczka"},"content":{"rendered":"<p>Ewa Bilska &#8211; studentka Akademii Sztuk Pi\u0119knych w Warszawie. Fascynuje si\u0119 portretem i cielesno\u015bci\u0105. Jednym z najwi\u0119kszych jej autorytet\u00f3w w dziedzinie malarstwa jest Olga Bozna\u0144ska. W swoich zainteresowaniach sk\u0142ania si\u0119 r\u00f3wnie\u017c w stron\u0119 Prerafaelit\u00f3w, ikonografii chrze\u015bcija\u0144skiej oraz estetyki XIX wieku. W rysunku inspiruje si\u0119 tw\u00f3rczo\u015bci\u0105 Egona Shiele.<\/p>","protected":false},"excerpt":{"rendered":"<p>Tytu\u0142: Pretensje nad basenem w letnie po\u0142udnie<br \/>\nAutor: Ewa Bilska<br \/>\nRok: 2023<br \/>\nTechnika: Tempera oraz olej na p\u0142\u00f3tnie.<br \/>\nOprawa: nie<br \/>\nPodpis: odr\u0119czny P.d.: Ewa Bilska<br \/>\nWymiary: 40 x 120 cm<br \/>\nStan zachowania: bardzo dobry<br \/>\nCertificate of Authenticity<\/p>","protected":false},"featured_media":4039,"template":"","meta":{"_monsterinsights_skip_tracking":false,"_monsterinsights_sitenote_active":false,"_monsterinsights_sitenote_note":"","_monsterinsights_sitenote_category":0,"_themeisle_gutenberg_block_has_review":false},"product_cat":[39],"product_tag":[51],"class_list":["post-3746","product","type-product","status-publish","has-post-thumbnail","hentry","product_cat-obrazy","product_tag-bilska-ewa","product_shipping_class-rodzaj-wysylki-2"],"aioseo_notices":[],"_links":{"self":[{"href":"https:\/\/kwintesencja.art\/en\/wp-json\/wp\/v2\/product\/3746","targetHints":{"allow":["GET"]}}],"collection":[{"href":"https:\/\/kwintesencja.art\/en\/wp-json\/wp\/v2\/product"}],"about":[{"href":"https:\/\/kwintesencja.art\/en\/wp-json\/wp\/v2\/types\/product"}],"wp:featuredmedia":[{"embeddable":true,"href":"https:\/\/kwintesencja.art\/en\/wp-json\/wp\/v2\/media\/4039"}],"wp:attachment":[{"href":"https:\/\/kwintesencja.art\/en\/wp-json\/wp\/v2\/media?parent=3746"}],"wp:term":[{"taxonomy":"product_cat","embeddable":true,"href":"https:\/\/kwintesencja.art\/en\/wp-json\/wp\/v2\/product_cat?post=3746"},{"taxonomy":"product_tag","embeddable":true,"href":"https:\/\/kwintesencja.art\/en\/wp-json\/wp\/v2\/product_tag?post=3746"}],"curies":[{"name":"wp","href":"https:\/\/api.w.org\/{rel}","templated":true}]}}