{"id":3737,"date":"2023-01-18T11:23:42","date_gmt":"2023-01-18T10:23:42","guid":{"rendered":"https:\/\/kwintesencja.art\/?post_type=product&#038;p=3737"},"modified":"2025-12-22T22:19:12","modified_gmt":"2025-12-22T21:19:12","slug":"the-beauty-of-the-soul","status":"publish","type":"product","link":"https:\/\/kwintesencja.art\/en\/product\/the-beauty-of-the-soul\/","title":{"rendered":"The Beauty of the Soul"},"content":{"rendered":"<p>Kamila Kansy, znana jako Laura Makabresku, jest artystk\u0105 wizualn\u0105. Debiutowa\u0142a w 2012 roku wystaw\u0105 w ramach Miesi\u0105ca Fotografii w Krakowie. Od tego czasu swoje prace prezentowa\u0142a w kraju i za granic\u0105. Jest laureatk\u0105 Nagrody \u201eArteonu\u201d za rok 2018, jak r\u00f3wnie\u017c Og\u00f3lnopolskiego Konkursu Sztuki Sakralnej OKSSa w 2021 roku.<\/p>\n<p>Tw\u00f3rczo\u015b\u0107 jest dla niej cz\u0119\u015bci\u0105 prostej codzienno\u015bci. Jest miejscem, w kt\u00f3re wychodzi oczekiwa\u0107 w nadziei na spotkanie z Osobowym Pi\u0119knem. Fotografuje i pisze, a w zasadzie to tka opowie\u015bci, kt\u00f3rych w\u0105tki cho\u0107 porozrzucane po kadrach i tytu\u0142ach prac plot\u0105 wsp\u00f3ln\u0105 narracj\u0119 o dotkliwym i melancholijnym, \u0142agodnym i prostym trwaniu w \u015bwiecie. Widz w spotkaniu z jej pracami cz\u0119sto uto\u017csamia si\u0119 z bohaterami, kt\u00f3rzy ukazani s\u0105 jako uczestnicy rzeczywisto\u015bci przedstawionej w ca\u0142ej swojej pe\u0142ni, zaanga\u017cowani w ni\u0105 we wszystkich swoich wymiarach na r\u00f3wnych prawach. Przypomnienie sobie o tej cudownej dyspozycji osoby ludzkiej i ponowne otwarcie na ni\u0105 jest paradoksalnie dzia\u0142aniem niewymagaj\u0105cym wysi\u0142ku (aktywno\u015bci, nak\u0142ad\u00f3w), lecz raczej ogo\u0142ocenia zmys\u0142\u00f3w i przestrzeni wok\u00f3\u0142 siebie, pozwolenia na zaistnienie ciszy i wynurzenie si\u0119 dr\u0105\u017c\u0105cej t\u0119sknoty za Rajem, reanimacji my\u015blenia o \u015bwiecie kategoriami ba\u015bni i mitu. Artystka nazywa ten rodzaj tw\u00f3rczo\u015bci \u201erealizmem mistycznym\u201d, gdzie to, co metafizyczne splecione jest z tym, co materialne w tajemniczo oczywisty spos\u00f3b, bez ci\u0119\u017ckiego wra\u017cenia nadzwyczajno\u015bci. Wszystko wydaje si\u0119 by\u0107 na swoim miejscu, chocia\u017c trudno jest powiedzie\u0107, w jaki spos\u00f3b si\u0119 to dzieje. Tw\u00f3rczo\u015b\u0107 ta wydaje si\u0119 by\u0107 wydobywana z bardzo osobistych do\u015bwiadcze\u0144 artystki, cho\u0107 popularno\u015b\u0107 jej dzie\u0142 \u015bwiadczy o tym, \u017ce s\u0105 to do\u015bwiadczenia wsp\u00f3lne dla wielu jej odbiorc\u00f3w, co pozwala s\u0105dzi\u0107, \u017ce by\u0107 mo\u017ce rzeczywi\u015bcie zawieraj\u0105 one w sobie okruchy prawdy o istnieniu.<\/p>\n<p>Prace Laury Makabresku mo\u017cna ogl\u0105da\u0107 na wystawie w Centrum Sztuki Mo\u015bcice, w Tarnowie, w dniach 10.02-09.03.2023<br \/>\nCzytaj wi\u0119cej na blogu:\u00a0<a href=\"https:\/\/kwintesencja.art\/en\/o-sztuce\/\" target=\"_blank\" rel=\"noopener\">TUTAJ<\/a><\/p>","protected":false},"excerpt":{"rendered":"<p>Tytu\u0142: The Beauty of the Soul<br \/>\nAutor: Laura Makabresku<br \/>\nRok: 2023<br \/>\nTechnika: Fotografia, wydruk pigmentowy na\u00a0papierze Solution Fine Art Radiant White 270 gr<br \/>\nOprawa: brak<br \/>\nPodpis: Laura Makabresku,<br \/>\nEdycja limitowana: 15\/15<br \/>\nWymiary: 45 x\u00a060 cm\u00a0(zdj\u0119cie), 50 x\u00a070 cm\u00a0(ca\u0142y wydruk)<br \/>\nStan zachowania: idealny<br \/>\nCertificate of Authenticity<\/p>","protected":false},"featured_media":3738,"template":"","meta":{"_monsterinsights_skip_tracking":false,"_monsterinsights_sitenote_active":false,"_monsterinsights_sitenote_note":"","_monsterinsights_sitenote_category":0,"_themeisle_gutenberg_block_has_review":false},"product_cat":[41,15],"product_tag":[194],"class_list":["post-3737","product","type-product","status-publish","has-post-thumbnail","hentry","product_cat-grafiki","product_cat-pozostale","product_tag-makabresku-laura","product_shipping_class-rodzaj-wysylki-2"],"aioseo_notices":[],"_links":{"self":[{"href":"https:\/\/kwintesencja.art\/en\/wp-json\/wp\/v2\/product\/3737","targetHints":{"allow":["GET"]}}],"collection":[{"href":"https:\/\/kwintesencja.art\/en\/wp-json\/wp\/v2\/product"}],"about":[{"href":"https:\/\/kwintesencja.art\/en\/wp-json\/wp\/v2\/types\/product"}],"wp:featuredmedia":[{"embeddable":true,"href":"https:\/\/kwintesencja.art\/en\/wp-json\/wp\/v2\/media\/3738"}],"wp:attachment":[{"href":"https:\/\/kwintesencja.art\/en\/wp-json\/wp\/v2\/media?parent=3737"}],"wp:term":[{"taxonomy":"product_cat","embeddable":true,"href":"https:\/\/kwintesencja.art\/en\/wp-json\/wp\/v2\/product_cat?post=3737"},{"taxonomy":"product_tag","embeddable":true,"href":"https:\/\/kwintesencja.art\/en\/wp-json\/wp\/v2\/product_tag?post=3737"}],"curies":[{"name":"wp","href":"https:\/\/api.w.org\/{rel}","templated":true}]}}