{"id":3381,"date":"2022-12-20T09:11:22","date_gmt":"2022-12-20T08:11:22","guid":{"rendered":"https:\/\/kwintesencja.art\/?post_type=product&#038;p=3381"},"modified":"2023-06-12T09:26:04","modified_gmt":"2023-06-12T07:26:04","slug":"umarla-klasa","status":"publish","type":"product","link":"https:\/\/kwintesencja.art\/en\/product\/umarla-klasa\/","title":{"rendered":"Umar\u0142a klasa"},"content":{"rendered":"<p><strong>Tadeusz Kantor<\/strong> (1915 Wielopole Skrzy\u0144skie \u2013 1990 Krak\u00f3w). Tw\u00f3rca awangardowy, malarz, rysownik, teoretyk sztuki, scenograf\u00a0 i re\u017cyser, autor happening\u00f3w, wybitny reformator teatru XX wieku, jedna z najwa\u017cniejszych postaci \u017cycia artystycznego w Polsce. W latach 1934 \u2013 1939 studiowa\u0142 w Akademii Sztuk Pi\u0119knych w Krakowie. W czasie okupacji za\u0142o\u017cy\u0142 Podziemny Teatr Niezale\u017cny, gdzie wystawi\u0142 inscenizacj\u0119 <em>Balladyny<\/em> Juliusza S\u0142owackiego (1943) i <em>Powrotu Odysa<\/em> Stanis\u0142awa Wyspia\u0144skiego (1944). Wsp\u00f3\u0142tw\u00f3rca Grupy M\u0142odych Plastyk\u00f3w, skupiaj\u0105cej krakowskich artyst\u00f3w awangardowych. W 1948 wsp\u00f3\u0142organizowa\u0142 I Wystaw\u0119 Sztuki Nowoczesnej w Krakowie, na kt\u00f3rej pokaza\u0142 obrazy metaforyczne. Od po\u0142owy lat 40. do po\u0142owy lat 70. projektowa\u0142 scenografi\u0119 i kostiumy dla teatr\u00f3w zawodowych. W latach 1950-1954 wycofa\u0142 si\u0119 z oficjalnego \u017cycia artystycznego, protestuj\u0105c przeciwko doktrynie socrealizmu. W 1955, nawi\u0105zuj\u0105c do przedwojennego Teatru Artyst\u00f3w Cricot, za\u0142o\u017cy\u0142 wraz z Mari\u0105 Jarem\u0105 i Kazimierzem Mikulskim Teatr Cricot 2. W 1957 wraz z innymi artystami reaktywowa\u0142 Grup\u0119 Krakowsk\u0105. W ramach Teatru Cricot 2, opieraj\u0105c si\u0119 na sztukach Stanis\u0142awa Ignacego Witkiewicza, realizowa\u0142 w kolejnych spektaklach Teatr Autonomiczny (<em>M\u0105twa<\/em>, 1956), Teatr Informel (<em>W ma\u0142ym dworku<\/em>, 1961), Teatr Zerowy (<em>Wariat i zakonnica<\/em>, 1963), Teatr Happeningowy (<em>Kurka wodna<\/em>, 1967), Teatr Niemo\u017cliwy (<em>Nadobnisie i koczkodany<\/em>, 1973). Inspiracj\u0105 dla tw\u00f3rczo\u015bci malarskiej Kantora by\u0142y najnowsze trendy sztuki \u015bwiatowej, z kt\u00f3rymi mia\u0142 okazj\u0119 si\u0119 spotka\u0107 podczas wielu podr\u00f3\u017cy zagranicznych, mi\u0119dzy innymi do Pary\u017ca i Nowego Jorku. Na bazie tych do\u015bwiadcze\u0144 tworzy\u0142 obrazy w nurcie informel, dadaizmu, czy wreszcie nawi\u0105zuj\u0105ce do sztuki konceptualnej. W pocz\u0105tku lat 60. zrezygnowa\u0142 ca\u0142kowicie z obrazowania rzeczywisto\u015bci, realizuj\u0105c m.in. swoj\u0105 autorsk\u0105 ide\u0119 ambala\u017cy. Od roku 1965 realizowa\u0142 szereg akcji artystycznych i happening\u00f3w, wsp\u00f3\u0142pracuj\u0105c z Galeri\u0105 Foksal w Warszawie (m.in. <em>Panoramiczny Happening Morski<\/em> w 1967, <em>Lekcja anatomii wedle Rembrandta<\/em>, 1968).\u00a0 W 1975 roku og\u0142osi\u0142 manifest Teatru \u015amierci, realizuj\u0105c legendarny spektakl <em>Umar\u0142a klasa<\/em>. W latach 80. pokaza\u0142 z Teatrem Cricot 2 kolejne s\u0142ynne spektakle <em>Wielopole, Wielopole<\/em> (1980), <em>Niech sczezn\u0105 arty\u015bci<\/em> (1985) i <em>Nigdy tu ju\u017c nie powr\u00f3c\u0119<\/em> (1988). W\u00f3wczas te\u017c nast\u0105pi\u0142 istotny zwrot w jego tw\u00f3rczo\u015bci malarskiej \u2013 powr\u00f3t do obraz\u00f3w figuratywnych. Pod koniec \u017cycia stworzy\u0142 min. in. wymowny cykl obraz\u00f3w <em>Dalej ju\u017c nic<\/em>, w kt\u00f3rych dokona\u0142 rozrachunku z w\u0142asnym \u017cyciem i tw\u00f3rczo\u015bci\u0105. W 1990 Kantor przygotowa\u0142 ostatni spektakl <em>Dzi\u015b s\u0105 moje urodziny<\/em>, kt\u00f3ry pokazany zosta\u0142 przez Teatr Cricot 2 ju\u017c po \u015bmierci artysty.<\/p>","protected":false},"excerpt":{"rendered":"<p>Umar\u0142a klasa, 1975<br \/>\nFotografia na papierze barytowym. Wymiary: 18 x 24 cm<br \/>\nNa odwrocie: piecz\u0119cie atelier i galerii<\/p>","protected":false},"featured_media":3375,"template":"","meta":{"_monsterinsights_skip_tracking":false,"_monsterinsights_sitenote_active":false,"_monsterinsights_sitenote_note":"","_monsterinsights_sitenote_category":0,"_themeisle_gutenberg_block_has_review":false},"product_cat":[15],"product_tag":[56],"class_list":["post-3381","product","type-product","status-publish","has-post-thumbnail","hentry","product_cat-pozostale","product_tag-kantor-tadeusz","product_shipping_class-rodzaj-wysylki-1"],"aioseo_notices":[],"_links":{"self":[{"href":"https:\/\/kwintesencja.art\/en\/wp-json\/wp\/v2\/product\/3381","targetHints":{"allow":["GET"]}}],"collection":[{"href":"https:\/\/kwintesencja.art\/en\/wp-json\/wp\/v2\/product"}],"about":[{"href":"https:\/\/kwintesencja.art\/en\/wp-json\/wp\/v2\/types\/product"}],"wp:featuredmedia":[{"embeddable":true,"href":"https:\/\/kwintesencja.art\/en\/wp-json\/wp\/v2\/media\/3375"}],"wp:attachment":[{"href":"https:\/\/kwintesencja.art\/en\/wp-json\/wp\/v2\/media?parent=3381"}],"wp:term":[{"taxonomy":"product_cat","embeddable":true,"href":"https:\/\/kwintesencja.art\/en\/wp-json\/wp\/v2\/product_cat?post=3381"},{"taxonomy":"product_tag","embeddable":true,"href":"https:\/\/kwintesencja.art\/en\/wp-json\/wp\/v2\/product_tag?post=3381"}],"curies":[{"name":"wp","href":"https:\/\/api.w.org\/{rel}","templated":true}]}}