{"id":3300,"date":"2022-12-11T20:12:31","date_gmt":"2022-12-11T19:12:31","guid":{"rendered":"https:\/\/kwintesencja.art\/?post_type=product&#038;p=3300"},"modified":"2023-03-02T09:08:16","modified_gmt":"2023-03-02T08:08:16","slug":"akt-z-koszem-kwiatow","status":"publish","type":"product","link":"https:\/\/kwintesencja.art\/en\/product\/akt-z-koszem-kwiatow\/","title":{"rendered":"Akt z koszem kwiat\u00f3w"},"content":{"rendered":"<p>Marc Chagall (1887-1985) \u2013 francuski malarz i grafik pochodzenia rosyjskiego. Wybitny przedstawiciel \u00c9cole de Paris. Rysunku uczy\u0142 si\u0119 u witebskiego malarza Juda Pen. W 1907r. rozpocz\u0105\u0142 studia w Akademii petersburskiej .W latach 1910-1914 przebywa\u0142 na stypendium w Pary\u017cu, gdzie zetkn\u0105\u0142 si\u0119 z kubizmem i zaprzyja\u017ani\u0142 z G. Apollinairem i M. Jacobem. W 1915r. o\u017ceni\u0142 si\u0119 z Bell\u0105 , by\u0142a ona muz\u0105 wielu jego obraz\u00f3w. W 1919r. by\u0142 kierownikiem artystycznym Pa\u0144stwowego Teatru \u017bydowskiego w Moskwie. Od 1947r. mieszka\u0142 na sta\u0142e w Pary\u017cu. Po naiwno-realistycznych obrazach w pocz\u0105tkowej tw\u00f3rczo\u015bci, uleg\u0142 wp\u0142ywom kubizmu, ekspresjonizmu i surrealizmu. W jego obrazach przewa\u017ca pogodna tematyka mi\u0142osna, pejza\u017ce, sceny religijne. Charakterystycznymi dla niego \u015brodkami wyrazu s\u0105 m.in. deformacja kszta\u0142t\u00f3w, zachwianie proporcji, przewaga \u017cywych czerwieni, b\u0142\u0119kit\u00f3w i zieleni.<br \/>\nCzytaj wi\u0119cej o Chagallu: <a href=\"https:\/\/kwintesencja.art\/en\/2022\/12\/11\/spacerujac-w-chmurach\/\" target=\"_blank\" rel=\"noopener\">BLOG O SZTUCE<\/a><\/p>","protected":false},"excerpt":{"rendered":"<p>Tytu\u0142: Akt z koszem kwiat\u00f3w<br \/>\nAutor: Marc Chagall<br \/>\nRok: 1986<br \/>\nTechnika: Litografia (<span class=\"HwtZe\" lang=\"pl\"><span class=\"jCAhz ChMk0b\"><span class=\"ryNqvb\">12 kolor\u00f3w w\u00a0procesie Grano-Litho<\/span><\/span><\/span>)<br \/>\nOprawa: nie<br \/>\nPodpis: z odcisku, p.d.: Marc Chagall<br \/>\nPapier:<span class=\"HwtZe\" lang=\"pl\"> <span class=\"jCAhz ChMk0b\"><span class=\"ryNqvb\">Papier czerpany Rives, 270 gr.<\/span><\/span><\/span><br \/>\nWymiary: 60 \u00d7 80 cm\u00a0(arkusz)<br \/>\nStan zachowania: bardzo dobry (niewielkie naderwanie przy g\u00f3rnej kraw\u0119dzi)<br \/>\nCertyfikat autentyczno\u015bci b\u0119dzie do\u0142\u0105czony<\/p>","protected":false},"featured_media":3297,"template":"","meta":{"_monsterinsights_skip_tracking":false,"_monsterinsights_sitenote_active":false,"_monsterinsights_sitenote_note":"","_monsterinsights_sitenote_category":0,"_themeisle_gutenberg_block_has_review":false},"product_cat":[41],"product_tag":[197],"class_list":["post-3300","product","type-product","status-publish","has-post-thumbnail","hentry","product_cat-grafiki","product_tag-chagall-marc","product_shipping_class-rodzaj-wysylki-2"],"aioseo_notices":[],"_links":{"self":[{"href":"https:\/\/kwintesencja.art\/en\/wp-json\/wp\/v2\/product\/3300","targetHints":{"allow":["GET"]}}],"collection":[{"href":"https:\/\/kwintesencja.art\/en\/wp-json\/wp\/v2\/product"}],"about":[{"href":"https:\/\/kwintesencja.art\/en\/wp-json\/wp\/v2\/types\/product"}],"wp:featuredmedia":[{"embeddable":true,"href":"https:\/\/kwintesencja.art\/en\/wp-json\/wp\/v2\/media\/3297"}],"wp:attachment":[{"href":"https:\/\/kwintesencja.art\/en\/wp-json\/wp\/v2\/media?parent=3300"}],"wp:term":[{"taxonomy":"product_cat","embeddable":true,"href":"https:\/\/kwintesencja.art\/en\/wp-json\/wp\/v2\/product_cat?post=3300"},{"taxonomy":"product_tag","embeddable":true,"href":"https:\/\/kwintesencja.art\/en\/wp-json\/wp\/v2\/product_tag?post=3300"}],"curies":[{"name":"wp","href":"https:\/\/api.w.org\/{rel}","templated":true}]}}