{"id":2930,"date":"2022-10-28T14:54:01","date_gmt":"2022-10-28T12:54:01","guid":{"rendered":"https:\/\/kwintesencja.art\/?post_type=product&#038;p=2930"},"modified":"2023-04-01T18:39:29","modified_gmt":"2023-04-01T16:39:29","slug":"ojcze-gdzie-jestes","status":"publish","type":"product","link":"https:\/\/kwintesencja.art\/en\/product\/ojcze-gdzie-jestes\/","title":{"rendered":"Ojcze gdzie jeste\u015b"},"content":{"rendered":"<p>Borys Fiodorowicz jest absolwentem Akademii Sztuk Pi\u0119knych w Warszawie, pochodzi z teren\u00f3w dzisiejszej Ukrainy. Autor zwi\u0105zany jest z Pracowni\u0105 Tw\u00f3rcz\u0105 B\u0118202, mieszka i pracuje pod Krakowem. Artysta w swoich pracach \u0142\u0105czy stref\u0119 sacrum z otaczaj\u0105cym nas profanum, si\u0119gaj\u0105c cz\u0119sto po tematy trudne i niewygodne.<\/p>","protected":false},"excerpt":{"rendered":"<p>Tytu\u0142: Ojcze gdzie jeste\u015b<br \/>\nAutor: Borys Fiodorowicz<br \/>\nYear: 2022<br \/>\nTechnika: Inkografia (gicl\u00e9e)<br \/>\nOprawa: Nie<br \/>\nPodpis: odr\u0119czny p.d.: Borys Fiodorowicz<br \/>\nNa odwrocie hologram<br \/>\nEdycja: 15\/50<br \/>\nWymiary: 50 x 70 cm<br \/>\nStan zachowania: bardzo dobry<br \/>\nCertificate of Authenticity<\/p>","protected":false},"featured_media":2931,"template":"","meta":{"_monsterinsights_skip_tracking":false,"_monsterinsights_sitenote_active":false,"_monsterinsights_sitenote_note":"","_monsterinsights_sitenote_category":0,"_themeisle_gutenberg_block_has_review":false},"product_cat":[41],"product_tag":[190],"class_list":["post-2930","product","type-product","status-publish","has-post-thumbnail","hentry","product_cat-grafiki","product_tag-fiodorowicz-borys","product_shipping_class-rodzaj-wysylki-2"],"aioseo_notices":[],"_links":{"self":[{"href":"https:\/\/kwintesencja.art\/en\/wp-json\/wp\/v2\/product\/2930","targetHints":{"allow":["GET"]}}],"collection":[{"href":"https:\/\/kwintesencja.art\/en\/wp-json\/wp\/v2\/product"}],"about":[{"href":"https:\/\/kwintesencja.art\/en\/wp-json\/wp\/v2\/types\/product"}],"wp:featuredmedia":[{"embeddable":true,"href":"https:\/\/kwintesencja.art\/en\/wp-json\/wp\/v2\/media\/2931"}],"wp:attachment":[{"href":"https:\/\/kwintesencja.art\/en\/wp-json\/wp\/v2\/media?parent=2930"}],"wp:term":[{"taxonomy":"product_cat","embeddable":true,"href":"https:\/\/kwintesencja.art\/en\/wp-json\/wp\/v2\/product_cat?post=2930"},{"taxonomy":"product_tag","embeddable":true,"href":"https:\/\/kwintesencja.art\/en\/wp-json\/wp\/v2\/product_tag?post=2930"}],"curies":[{"name":"wp","href":"https:\/\/api.w.org\/{rel}","templated":true}]}}