{"id":2896,"date":"2022-10-19T08:43:44","date_gmt":"2022-10-19T06:43:44","guid":{"rendered":"https:\/\/kwintesencja.art\/?post_type=product&#038;p=2896"},"modified":"2024-12-18T13:31:27","modified_gmt":"2024-12-18T12:31:27","slug":"spiaca-dziewczyna","status":"publish","type":"product","link":"https:\/\/kwintesencja.art\/en\/product\/spiaca-dziewczyna\/","title":{"rendered":"\u015api\u0105ca dziewczyna"},"content":{"rendered":"<p><strong>Balthus &#8211; Balthasar K\u0142ossowski de Rola (<\/strong>1908 \u2013 2001) francuski malarz pochodzenia polsko-niemiecko-\u017cydowskiego. Zar\u00f3wno jego ojciec, niemiecki historyk sztuki o\u00a0polskich korzeniach Erich Klossowski, jak i\u00a0matka, Niemka \u017cydowskiego pochodzenia Elisabeth Dorothea Spiro, c\u00f3rka kantora synagogi Pod\u00a0Bia\u0142ym Bocianem we\u00a0Wroc\u0142awiu Abrahama Baera Spiro, zajmowali si\u0119 malarstwem. R\u00f3wnie\u017c wuj Balthusa, Eugen Spiro by\u0142 malarzem. W\u00a0roku 1914 po\u00a0wybuchu 1 Wojny \u015awiatowej Klossowscy przenie\u015bli si\u0119 najpierw do\u00a0Niemiec, a\u00a0potem do\u00a0Szwajcarii. Oficjalnie Balthus zadebiutowa\u0142 ju\u017c w\u00a01921 r. cyklem czterdziestu rysowanych tuszem obrazk\u00f3w, kt\u00f3re wykona\u0142 maj\u0105c osiem lat, przedstawiaj\u0105cych przygody kotka Mitsou, a\u00a0zebranych w\u00a0tomiku, kt\u00f3ry\u00a0wyda\u0142 i\u00a0wst\u0119pem opatrzy\u0142 Rainer Maria Rilke. W\u00a0roku 1924 Balthus wr\u00f3ci\u0142 do\u00a0Pary\u017ca gdzie rozpocz\u0105\u0142 studia artystyczne. Jego pierwsza wystawa odby\u0142a si\u0119 w\u00a0galerii w\u00a0Pary\u017cu. Malarstwo Balthusa, oryginalne i\u00a0nie\u00a0poddaj\u0105ce si\u0119 pr\u00f3bom klasyfikacji, nale\u017cy do\u00a0najbardziej pasjonuj\u0105cych zjawisk 20.wiecznej sztuki. Tw\u00f3rca zachowuje realizm, lecz\u00a0malowane przez\u00a0niego wn\u0119trza i\u00a0pejza\u017ce miejskie bliskie s\u0105\u00a0surrealizmowi. Pomimo wszystko nie\u00a0chcia\u0142 by\u0107 kojarzony z\u00a0tym ruchem. W\u0142a\u015bciwie nie\u00a0przy\u0142\u0105czy\u0142 si\u0119 do\u00a0\u017cadnej grupy ani szko\u0142y. Cz\u0119stym motywem jego dzie\u0142 s\u0105\u00a0koty i\u00a0m\u0142ode dziewcz\u0119ta malowane we\u00a0wn\u0119trzach mieszkalnych. Opr\u00f3cz obraz\u00f3w Balthus tworzy\u0142 tak\u017ce ilustracje ksi\u0105\u017ckowe oraz\u00a0scenografie teatralne. Powiedzia\u0142, \u017ce\u00a0jego malarstwo jest g\u0142\u0119boko religijne, a\u00a0sam fakt malowania jest modlitw\u0105. Jednak ju\u017c pierwsza wystawa w\u00a0Pary\u017cu wywo\u0142a\u0142a kontrowersje. Artysta zyska\u0142 opini\u0119 maluj\u0105cego m\u0142ode, wyzywaj\u0105ce dziewcz\u0119ta. Jednak autor t\u0142umaczy\u0142 si\u0119, \u017ce\u00a0to\u00a0stan swobody i\u00a0ufno\u015bci w\u0142a\u015bciwy dzieci\u0144stwu, stan radosnej niewinno\u015bci. Bratem Balthusa by\u0142 znany filozof francuski Pierre Klossowski. W\u00a0roku 1998 otrzyma\u0142 tytu\u0142 doktora honoris causa Akademii Sztuk Pi\u0119knych we\u00a0Wroc\u0142awiu. By\u0142 tak\u017ce laureatem <em>Nagrody Cesarza Japonii<\/em> przyznanej mu\u00a0w\u00a0 roku 1991.<\/p>\n<p>Czytaj wi\u0119cej o arty\u015bcie na blogu: <a href=\"https:\/\/kwintesencja.art\/en\/2022\/09\/25\/krol-kotow\/\">KR\u00d3L KOT\u00d3W<\/a><\/p>","protected":false},"excerpt":{"rendered":"<p>Tytu\u0142: \u015api\u0105ca dziewczyna<br \/>\nAutor: Balthus &#8211; Balthasar K\u0142ossowski de Rola<br \/>\nRok: 1971<br \/>\nTechnika: gravure, offset<br \/>\nOprawa: czarna ramka ze szk\u0142em<br \/>\nPodpis: z druku, l.d.: balthus<br \/>\nWymiary: w \u015bw p-p: 15 x 19,5 cm, z ramk\u0105 30 x 40 cm<br \/>\nStan zachowania: bardzo dobry<br \/>\nCertificate of Authenticity<\/p>","protected":false},"featured_media":2897,"template":"","meta":{"_monsterinsights_skip_tracking":false,"_monsterinsights_sitenote_active":false,"_monsterinsights_sitenote_note":"","_monsterinsights_sitenote_category":0,"_themeisle_gutenberg_block_has_review":false},"product_cat":[41],"product_tag":[188],"class_list":["post-2896","product","type-product","status-publish","has-post-thumbnail","hentry","product_cat-grafiki","product_tag-balthus","product_shipping_class-rodzaj-wysylki-2"],"aioseo_notices":[],"_links":{"self":[{"href":"https:\/\/kwintesencja.art\/en\/wp-json\/wp\/v2\/product\/2896","targetHints":{"allow":["GET"]}}],"collection":[{"href":"https:\/\/kwintesencja.art\/en\/wp-json\/wp\/v2\/product"}],"about":[{"href":"https:\/\/kwintesencja.art\/en\/wp-json\/wp\/v2\/types\/product"}],"wp:featuredmedia":[{"embeddable":true,"href":"https:\/\/kwintesencja.art\/en\/wp-json\/wp\/v2\/media\/2897"}],"wp:attachment":[{"href":"https:\/\/kwintesencja.art\/en\/wp-json\/wp\/v2\/media?parent=2896"}],"wp:term":[{"taxonomy":"product_cat","embeddable":true,"href":"https:\/\/kwintesencja.art\/en\/wp-json\/wp\/v2\/product_cat?post=2896"},{"taxonomy":"product_tag","embeddable":true,"href":"https:\/\/kwintesencja.art\/en\/wp-json\/wp\/v2\/product_tag?post=2896"}],"curies":[{"name":"wp","href":"https:\/\/api.w.org\/{rel}","templated":true}]}}