{"id":2834,"date":"2022-10-13T13:37:17","date_gmt":"2022-10-13T11:37:17","guid":{"rendered":"https:\/\/kwintesencja.art\/?post_type=product&#038;p=2834"},"modified":"2025-07-30T09:08:15","modified_gmt":"2025-07-30T07:08:15","slug":"ciern","status":"publish","type":"product","link":"https:\/\/kwintesencja.art\/en\/product\/ciern\/","title":{"rendered":"Cier\u0144"},"content":{"rendered":"<p>Piotr Qkla Kukla. Rocznik 1964. Dyplom z rze\u017aby pod kierunkiem Prof. Janiny Jele\u0144skiej-Papp \u2013 Instytut Sztuki krakowskiej Akademii Pedagogicznej. Od uko\u0144czenia studi\u00f3w czynnie zajmuje si\u0119 tw\u00f3rczo\u015bci\u0105 oraz dzia\u0142alno\u015bci\u0105 zwi\u0105zan\u0105 z r\u00f3\u017cnymi aspektami sztuki. W latach dziewi\u0119\u0107dziesi\u0105tych wypracowa\u0142 w\u0142asn\u0105 formu\u0142\u0119 wypowiedzi artystycznej tworz\u0105c tak zwane \u201eobiekty sztukopodobne\u201d. Od 1997 roku pracuje w tarnowskim BWA jako kierownik Dzia\u0142u Organizacji Wystaw, obok pracy merytorycznej zajmuje si\u0119 aran\u017cacj\u0105 i realizacj\u0105 techniczn\u0105 wystaw sztuki wsp\u00f3\u0142czesnej.<br \/>\nJego tw\u00f3rczo\u015b\u0107 jest trudna do zdefiniowania, albowiem dzia\u0142a pod wieloma pseudonimami artystycznymi w kra\u0144cowo r\u00f3\u017cnych dziedzinach.<br \/>\nW latach 1986-2022 bra\u0142 udzia\u0142 w blisko 100 wystawach i projektach zbiorowych, zrealizowa\u0142 kilkadziesi\u0105t prezentacji indywidualnych (Polska, Niemcy, Austria). Prace w kolekcjach i zbiorach prywatnych na ca\u0142ym \u015bwiecie.<\/p>","protected":false},"excerpt":{"rendered":"<p>Tytu\u0142: Cier\u0144 &#8211; dyptyk<br \/>\nAutor: Piotr Qkla Kukla<br \/>\nRok: 2021<br \/>\nTechnika: akryl\/p\u0142yta<br \/>\nBinding: yes<br \/>\nPodpis: odr\u0119czny na odwrocie<br \/>\nWymiary: 58 \u00d7 78 cm &#8211; ka\u017cdy z dw\u00f3ch<br \/>\nStan zachowania: bardzo dobry<br \/>\nCertificate of Authenticity<\/p>","protected":false},"featured_media":2835,"template":"","meta":{"_monsterinsights_skip_tracking":false,"_monsterinsights_sitenote_active":false,"_monsterinsights_sitenote_note":"","_monsterinsights_sitenote_category":0,"_themeisle_gutenberg_block_has_review":false},"product_cat":[39],"product_tag":[94],"class_list":["post-2834","product","type-product","status-publish","has-post-thumbnail","hentry","product_cat-obrazy","product_tag-kukla-qkla-piotr","product_shipping_class-rodzaj-wysylki-2"],"aioseo_notices":[],"_links":{"self":[{"href":"https:\/\/kwintesencja.art\/en\/wp-json\/wp\/v2\/product\/2834","targetHints":{"allow":["GET"]}}],"collection":[{"href":"https:\/\/kwintesencja.art\/en\/wp-json\/wp\/v2\/product"}],"about":[{"href":"https:\/\/kwintesencja.art\/en\/wp-json\/wp\/v2\/types\/product"}],"wp:featuredmedia":[{"embeddable":true,"href":"https:\/\/kwintesencja.art\/en\/wp-json\/wp\/v2\/media\/2835"}],"wp:attachment":[{"href":"https:\/\/kwintesencja.art\/en\/wp-json\/wp\/v2\/media?parent=2834"}],"wp:term":[{"taxonomy":"product_cat","embeddable":true,"href":"https:\/\/kwintesencja.art\/en\/wp-json\/wp\/v2\/product_cat?post=2834"},{"taxonomy":"product_tag","embeddable":true,"href":"https:\/\/kwintesencja.art\/en\/wp-json\/wp\/v2\/product_tag?post=2834"}],"curies":[{"name":"wp","href":"https:\/\/api.w.org\/{rel}","templated":true}]}}