{"id":2807,"date":"2022-10-11T11:52:03","date_gmt":"2022-10-11T09:52:03","guid":{"rendered":"https:\/\/kwintesencja.art\/?post_type=product&#038;p=2807"},"modified":"2024-03-08T13:18:12","modified_gmt":"2024-03-08T12:18:12","slug":"chamante","status":"publish","type":"product","link":"https:\/\/kwintesencja.art\/en\/product\/chamante\/","title":{"rendered":"Charmante"},"content":{"rendered":"<p><strong>Boles\u0142aw Sza\u0144kowski<\/strong> (Warszawa 1873 &#8211; Fischbachau w Bawarii 1953), popularny malarz-portrecista, studiowa\u0142 w krakowskiej Szkole Sztuk Pi\u0119knych (1891-1894), w Akademii monachijskiej u Johanna C. Hertericha (1894) oraz w Acad\u00e9mie Colarrosi i Acad\u00e9mie Julian w Pary\u017cu (1896-1898). W 1912 zamieszka\u0142 na sta\u0142e w Monachium, sk\u0105d wielokrotnie wyje\u017cd\u017ca\u0142 do Francji, Belgii, Anglii i Szkocji, Stan\u00f3w Zjednoczonych. Ceniony portrecista, malowa\u0142 wiele reprezentacyjnych portret\u00f3w os\u00f3b z arystokracji oraz europejskich rodzin panuj\u0105cych. Portretowa\u0142, m.in. Ignacego Paderewskiego, ksi\u0119\u017cn\u0119 Daisy von Pless, Radziwi\u0142\u0142\u00f3w, Potockich, rodzin\u0119 cesarsk\u0105 w Berlinie i kr\u00f3lewsk\u0105 rodzin\u0119 w Rumunii. Ch\u0119tnie malowa\u0142 idealizowane portrety pi\u0119knych i wytwornych dam oraz, bardziej kameralne, wdzi\u0119czne portrety dzieci\u0119ce, wielokrotnie portretuj\u0105c tak\u017ce swoje c\u00f3rki &#8211; Ad\u0119 i Helen\u0119. Na paryskim Salonie w 1900 roku uzyska\u0142 mention honorable za obraz Portret oficera. Bra\u0142 udzia\u0142 w wielu wystawach we Niemczech i Austrii; cz\u0119sto nadsy\u0142a\u0142 obrazy na wystawy krajowe; w 1928 i 1939 mia\u0142 du\u017ce wystawy indywidualne w warszawskiej Zach\u0119cie.<\/p>\n<p><em>(Uwaga: miejsce urodzenia Sza\u0144kowskiego podajemy za s\u0142ownikiem Thieme-Beckera; w r\u00f3\u017cnych \u017ar\u00f3d\u0142ach wymieniane bywa te\u017c K\u0119pno lub Pogwizd\u00f3w w Kieleckiem).<\/em><\/p>","protected":false},"excerpt":{"rendered":"<p>Tytu\u0142: Charmante<br \/>\nAutor: Boles\u0142aw Sza\u0144kowski<br \/>\nRok: 1910<br \/>\nTechnika: Litografia barwna<br \/>\nOprawa: drewniana rama ze zdobieniami, szk\u0142o antyrefleksyjne<br \/>\nPodpis:\u00a0 Szankowski 1910<br \/>\nWymiary: w \u015bw. p-p: 29 x 36,5 cm, z ram\u0105: 50 x 57 cm<br \/>\nStan zachowania: bardzo dobry<br \/>\nNa odwrocie oryginalna nalepka firmy ramiarskiej<br \/>\nCertificate of Authenticity<\/p>","protected":false},"featured_media":2844,"template":"","meta":{"_monsterinsights_skip_tracking":false,"_monsterinsights_sitenote_active":false,"_monsterinsights_sitenote_note":"","_monsterinsights_sitenote_category":0,"_themeisle_gutenberg_block_has_review":false},"product_cat":[39,41],"product_tag":[186],"class_list":["post-2807","product","type-product","status-publish","has-post-thumbnail","hentry","product_cat-obrazy","product_cat-grafiki","product_tag-szankowski-boleslaw","product_shipping_class-rodzaj-wysylki-2"],"aioseo_notices":[],"_links":{"self":[{"href":"https:\/\/kwintesencja.art\/en\/wp-json\/wp\/v2\/product\/2807","targetHints":{"allow":["GET"]}}],"collection":[{"href":"https:\/\/kwintesencja.art\/en\/wp-json\/wp\/v2\/product"}],"about":[{"href":"https:\/\/kwintesencja.art\/en\/wp-json\/wp\/v2\/types\/product"}],"wp:featuredmedia":[{"embeddable":true,"href":"https:\/\/kwintesencja.art\/en\/wp-json\/wp\/v2\/media\/2844"}],"wp:attachment":[{"href":"https:\/\/kwintesencja.art\/en\/wp-json\/wp\/v2\/media?parent=2807"}],"wp:term":[{"taxonomy":"product_cat","embeddable":true,"href":"https:\/\/kwintesencja.art\/en\/wp-json\/wp\/v2\/product_cat?post=2807"},{"taxonomy":"product_tag","embeddable":true,"href":"https:\/\/kwintesencja.art\/en\/wp-json\/wp\/v2\/product_tag?post=2807"}],"curies":[{"name":"wp","href":"https:\/\/api.w.org\/{rel}","templated":true}]}}