{"id":2790,"date":"2022-10-11T11:22:58","date_gmt":"2022-10-11T09:22:58","guid":{"rendered":"https:\/\/kwintesencja.art\/?post_type=product&#038;p=2790"},"modified":"2024-11-25T23:41:00","modified_gmt":"2024-11-25T22:41:00","slug":"bez-tytulu-4","status":"publish","type":"product","link":"https:\/\/kwintesencja.art\/en\/product\/bez-tytulu-4\/","title":{"rendered":"Bez tytu\u0142u"},"content":{"rendered":"<p>Ewa Kuryluk (ur.1946) &#8211; historyk sztuki, malarka, rysowniczka, autorka instalacji plastycznych, eseistka, pisarka. W 1970 r. sko\u0144czy\u0142 ASP w Warszawie. Studia z zakresu malarstwa i historii sztuki uko\u0144czy\u0142a w Krakowie. Wsp\u00f3\u0142za\u0142o\u017cycielka grupy \u015amietanka oraz ruchu O popraw\u0119. Jej najs\u0142ynniejsze prace to rysunki na bawe\u0142nianych i jedwabnych chustach, kt\u00f3re rozwieszane i drapowane przez artystk\u0119 w r\u00f3\u017cnych miejscach tworz\u0105 niepowtarzalne instalacje. Od kilku lat artystka wplata r\u00f3wnie\u017c w swoje rysunki fragmenty tekst\u00f3w, cz\u0119sto pochodz\u0105cych z jej prozy, podkre\u015blaj\u0105c jedno\u015b\u0107 wszystkich podejmowanych przez siebie projekt\u00f3w: naukowych, pisarskich i plastycznych. Na dokonania prozatorskie artystki sk\u0142adaj\u0105 si\u0119 dwie nowatorskie powie\u015bci: &#8220;Wiek 21 &#8220;(napisany po angielsku, wydany w Polsce w roku 1995) i &#8220;Grand Hotel Oriental&#8221;.<\/p>","protected":false},"excerpt":{"rendered":"<p>Tytu\u0142: bez tytu\u0142u<br \/>\nAutor: Ewa Kuryluk<br \/>\nRok: 1973<br \/>\nTechnika: litografia<br \/>\nOprawa: tak, czarna rama ze szk\u0142em<br \/>\nPodpis: odr\u0119czny o\u0142\u00f3wkiem l.d. Ewa Kuryluk, p.d. 2\/6<br \/>\nWymiary: w \u015bw. p-p: 20 x 26 cm, z ram\u0105: 32,5 x 42,5 cm<br \/>\nStan zachowania: bardzo dobry<br \/>\nProweniencja: Prywatna kolekcja w UK, przyjaciel artystki<br \/>\nCertificate of Authenticity<\/p>","protected":false},"featured_media":2794,"template":"","meta":{"_monsterinsights_skip_tracking":false,"_monsterinsights_sitenote_active":false,"_monsterinsights_sitenote_note":"","_monsterinsights_sitenote_category":0,"_themeisle_gutenberg_block_has_review":false},"product_cat":[41],"product_tag":[184],"class_list":["post-2790","product","type-product","status-publish","has-post-thumbnail","hentry","product_cat-grafiki","product_tag-kuryluk-ewa","product_shipping_class-rodzaj-wysylki-2"],"aioseo_notices":[],"_links":{"self":[{"href":"https:\/\/kwintesencja.art\/en\/wp-json\/wp\/v2\/product\/2790","targetHints":{"allow":["GET"]}}],"collection":[{"href":"https:\/\/kwintesencja.art\/en\/wp-json\/wp\/v2\/product"}],"about":[{"href":"https:\/\/kwintesencja.art\/en\/wp-json\/wp\/v2\/types\/product"}],"wp:featuredmedia":[{"embeddable":true,"href":"https:\/\/kwintesencja.art\/en\/wp-json\/wp\/v2\/media\/2794"}],"wp:attachment":[{"href":"https:\/\/kwintesencja.art\/en\/wp-json\/wp\/v2\/media?parent=2790"}],"wp:term":[{"taxonomy":"product_cat","embeddable":true,"href":"https:\/\/kwintesencja.art\/en\/wp-json\/wp\/v2\/product_cat?post=2790"},{"taxonomy":"product_tag","embeddable":true,"href":"https:\/\/kwintesencja.art\/en\/wp-json\/wp\/v2\/product_tag?post=2790"}],"curies":[{"name":"wp","href":"https:\/\/api.w.org\/{rel}","templated":true}]}}