{"id":2568,"date":"2022-07-31T14:49:37","date_gmt":"2022-07-31T12:49:37","guid":{"rendered":"https:\/\/kwintesencja.art\/?post_type=product&#038;p=2568"},"modified":"2025-07-07T14:15:38","modified_gmt":"2025-07-07T12:15:38","slug":"cacciata-del-paradiso-terrestre","status":"publish","type":"product","link":"https:\/\/kwintesencja.art\/en\/product\/cacciata-del-paradiso-terrestre\/","title":{"rendered":"Cacciata del Paradiso Terrestre"},"content":{"rendered":"<p>Joanna Niedba\u0142owska uko\u0144czy\u0142a z wyr\u00f3\u017cnieniem malarstwo na krakowskiej Akademii Sztuk Pi\u0119knych. Studiowa\u0142a w pracowni prof. A. Brincken i prof. S. Rodzi\u0144skiego, a tak\u017ce w pracowni liternictwa u prof. B. Oleszki.<\/p>","protected":false},"excerpt":{"rendered":"<div class=\"woocommerce-product-details__short-description\">\n<p>Tytu\u0142: Cacciata del Paradiso Terrestre (dyptyk)<br \/>\nAutor: Joanna Niedba\u0142owska<br \/>\nRok: 2001<br \/>\nTechnika: Olej na\u00a0p\u0142\u00f3tnie.<br \/>\nOprawa: nie<br \/>\nWymiary: ca\u0142kowity 160\u00d7180 cm (2 obrazy 80x180cm)<br \/>\nStan: bardzo dobry<br \/>\nCertificate of Authenticity<\/p>\n<\/div>","protected":false},"featured_media":2569,"template":"","meta":{"_monsterinsights_skip_tracking":false,"_monsterinsights_sitenote_active":false,"_monsterinsights_sitenote_note":"","_monsterinsights_sitenote_category":0,"_themeisle_gutenberg_block_has_review":false},"product_cat":[39],"product_tag":[62],"class_list":["post-2568","product","type-product","status-publish","has-post-thumbnail","hentry","product_cat-obrazy","product_tag-niedbalowska-joanna","product_shipping_class-rodzaj-wysylki-3"],"aioseo_notices":[],"_links":{"self":[{"href":"https:\/\/kwintesencja.art\/en\/wp-json\/wp\/v2\/product\/2568","targetHints":{"allow":["GET"]}}],"collection":[{"href":"https:\/\/kwintesencja.art\/en\/wp-json\/wp\/v2\/product"}],"about":[{"href":"https:\/\/kwintesencja.art\/en\/wp-json\/wp\/v2\/types\/product"}],"wp:featuredmedia":[{"embeddable":true,"href":"https:\/\/kwintesencja.art\/en\/wp-json\/wp\/v2\/media\/2569"}],"wp:attachment":[{"href":"https:\/\/kwintesencja.art\/en\/wp-json\/wp\/v2\/media?parent=2568"}],"wp:term":[{"taxonomy":"product_cat","embeddable":true,"href":"https:\/\/kwintesencja.art\/en\/wp-json\/wp\/v2\/product_cat?post=2568"},{"taxonomy":"product_tag","embeddable":true,"href":"https:\/\/kwintesencja.art\/en\/wp-json\/wp\/v2\/product_tag?post=2568"}],"curies":[{"name":"wp","href":"https:\/\/api.w.org\/{rel}","templated":true}]}}