{"id":2481,"date":"2022-07-28T22:02:32","date_gmt":"2022-07-28T20:02:32","guid":{"rendered":"https:\/\/kwintesencja.art\/?post_type=product&#038;p=2481"},"modified":"2023-04-01T18:54:43","modified_gmt":"2023-04-01T16:54:43","slug":"deszcz","status":"publish","type":"product","link":"https:\/\/kwintesencja.art\/en\/product\/deszcz\/","title":{"rendered":"Deszcz"},"content":{"rendered":"<p>Kuba Elwertowski &#8211; doktor sztuki, artysta malarz, grafik designer, wyk\u0142adowca akademicki Wy\u017cszej Szko\u0142y Bankowej w Toruniu, trener kreatywno\u015bci, arteterapeuta &#8211; nauczyciel dyplomowany szkolnictwa specjalnego, CEO grupy artystycznej Parter.Zero2 i Atelier Proces\u00f3w Tw\u00f3rczych Apetyt, tw\u00f3rca artystycznych, nocnych instalacji \u015bwietlnych festiwalu Oko Nigdy Nie \u015api, mi\u0142o\u015bnik Bydgoszczy a zarazem jej krytyk, minimalista.<\/p>","protected":false},"excerpt":{"rendered":"<p>Tytu\u0142: Deszcz<br \/>\nAutor: Jakub Elwertowski<br \/>\nYear: 2022<br \/>\nTechnika: Collage na p\u0142\u00f3tnie<br \/>\nOprawa: nie<br \/>\nPodpis: odr\u0119czny na odwrocie<br \/>\nWymiary: 120 x 120 cm<br \/>\nStan zachowania: bardzo dobry<br \/>\nCertificate of Authenticity<\/p>","protected":false},"featured_media":2478,"template":"","meta":{"_monsterinsights_skip_tracking":false,"_monsterinsights_sitenote_active":false,"_monsterinsights_sitenote_note":"","_monsterinsights_sitenote_category":0,"_themeisle_gutenberg_block_has_review":false},"product_cat":[39],"product_tag":[160],"class_list":["post-2481","product","type-product","status-publish","has-post-thumbnail","hentry","product_cat-obrazy","product_tag-elwertowski-jakub","product_shipping_class-rodzaj-wysylki-3"],"aioseo_notices":[],"_links":{"self":[{"href":"https:\/\/kwintesencja.art\/en\/wp-json\/wp\/v2\/product\/2481","targetHints":{"allow":["GET"]}}],"collection":[{"href":"https:\/\/kwintesencja.art\/en\/wp-json\/wp\/v2\/product"}],"about":[{"href":"https:\/\/kwintesencja.art\/en\/wp-json\/wp\/v2\/types\/product"}],"wp:featuredmedia":[{"embeddable":true,"href":"https:\/\/kwintesencja.art\/en\/wp-json\/wp\/v2\/media\/2478"}],"wp:attachment":[{"href":"https:\/\/kwintesencja.art\/en\/wp-json\/wp\/v2\/media?parent=2481"}],"wp:term":[{"taxonomy":"product_cat","embeddable":true,"href":"https:\/\/kwintesencja.art\/en\/wp-json\/wp\/v2\/product_cat?post=2481"},{"taxonomy":"product_tag","embeddable":true,"href":"https:\/\/kwintesencja.art\/en\/wp-json\/wp\/v2\/product_tag?post=2481"}],"curies":[{"name":"wp","href":"https:\/\/api.w.org\/{rel}","templated":true}]}}