{"id":2449,"date":"2022-07-27T11:22:40","date_gmt":"2022-07-27T09:22:40","guid":{"rendered":"https:\/\/kwintesencja.art\/?post_type=product&#038;p=2449"},"modified":"2023-01-14T00:30:00","modified_gmt":"2023-01-13T23:30:00","slug":"kompozycja","status":"publish","type":"product","link":"https:\/\/kwintesencja.art\/en\/product\/kompozycja\/","title":{"rendered":"Kompozycja"},"content":{"rendered":"<p>Jonasz Stern (1904-1988) \u2013 malarz, grafik, pedagog.<br \/>\nKszta\u0142ci\u0142 si\u0119 prywatnie we Lwowie, a nast\u0119pnie, od roku 1928, w Krakowie \u2013 r\u00f3wnie\u017c w prywatnej Wolnej Szkole Malarstwa i Rysunk\u00f3w Ludwiki Mehofferowej. Niemal r\u00f3wnolegle rozpocz\u0105\u0142 studia w krakowskiej Akademii Sztuk Pi\u0119knych (w latach 1929\u20131935 by\u0142 uczniem Teodora Axentowicza, W\u0142adys\u0142awa Jarockiego, Stanis\u0142awa Kamockiego, Fryderyka Pautscha; w latach 1954\u20131975 sam wyk\u0142ada\u0142 malarstwo w tej\u017ce akademii). Wcze\u015bnie zacz\u0105\u0142 odgrywa\u0107 znacz\u0105c\u0105 rol\u0119 w \u015brodowisku artystycznym Krakowa, wsp\u00f3\u0142tworz\u0105c \u2013 z Mari\u0105 Jarem\u0105, Sasz\u0105 Blonderem, Leopoldem Lewickim, Stanis\u0142awem Osostowiczem i Henrykiem Wici\u0144skim \u2013 Grup\u0119 Krakowsk\u0105.<\/p>","protected":false},"excerpt":{"rendered":"<p>Tytu\u0142: Kompozycja<br \/>\nAutor: Jonasz Stern<br \/>\nRok: lata 50 XX w.<br \/>\nTechnika: Monotypia<br \/>\nOprawa: Nie<br \/>\nPodpis: odr\u0119czny<br \/>\nEdycja: 9\/100<br \/>\nWymiary: w \u015bw pp.: 21 x 30 cm; z passepartout 29,5 x 40 cm<br \/>\nStan zachowania: bardzo dobry<br \/>\nCertificate of Authenticity<\/p>","protected":false},"featured_media":2450,"template":"","meta":{"_monsterinsights_skip_tracking":false,"_monsterinsights_sitenote_active":false,"_monsterinsights_sitenote_note":"","_monsterinsights_sitenote_category":0,"_themeisle_gutenberg_block_has_review":false},"product_cat":[41],"product_tag":[158],"class_list":["post-2449","product","type-product","status-publish","has-post-thumbnail","hentry","product_cat-grafiki","product_tag-stern-jonasz","product_shipping_class-rodzaj-wysylki-2"],"aioseo_notices":[],"_links":{"self":[{"href":"https:\/\/kwintesencja.art\/en\/wp-json\/wp\/v2\/product\/2449","targetHints":{"allow":["GET"]}}],"collection":[{"href":"https:\/\/kwintesencja.art\/en\/wp-json\/wp\/v2\/product"}],"about":[{"href":"https:\/\/kwintesencja.art\/en\/wp-json\/wp\/v2\/types\/product"}],"wp:featuredmedia":[{"embeddable":true,"href":"https:\/\/kwintesencja.art\/en\/wp-json\/wp\/v2\/media\/2450"}],"wp:attachment":[{"href":"https:\/\/kwintesencja.art\/en\/wp-json\/wp\/v2\/media?parent=2449"}],"wp:term":[{"taxonomy":"product_cat","embeddable":true,"href":"https:\/\/kwintesencja.art\/en\/wp-json\/wp\/v2\/product_cat?post=2449"},{"taxonomy":"product_tag","embeddable":true,"href":"https:\/\/kwintesencja.art\/en\/wp-json\/wp\/v2\/product_tag?post=2449"}],"curies":[{"name":"wp","href":"https:\/\/api.w.org\/{rel}","templated":true}]}}