{"id":2426,"date":"2022-07-27T10:48:54","date_gmt":"2022-07-27T08:48:54","guid":{"rendered":"https:\/\/kwintesencja.art\/?post_type=product&#038;p=2426"},"modified":"2022-12-20T08:43:48","modified_gmt":"2022-12-20T07:43:48","slug":"krata","status":"publish","type":"product","link":"https:\/\/kwintesencja.art\/en\/product\/krata\/","title":{"rendered":"Krata"},"content":{"rendered":"<p>Krzysztof Sk\u00f3rczewski, urodzony w 1947 r. W Krakowie. W latach 1965 \u2013 1971 studiuje w krakowskiej Akademii Sztuk Pi\u0119knych, gdzie uzyskuje dyplom na wydziale grafiki. Od 1970 roku bierze udzia\u0142 w konkursach i wystawach grafiki studenckiej. Do roku 1976 powstaje 30 linoryt\u00f3w, uprawia te\u017c grafik\u0119 u\u017cytkow\u0105.<\/p>\n<p>W trakcie studi\u00f3w w Kr\u00f3lewskiej Wy\u017cszej Szkole Artystycznej w Sztokholmie w 1976 roku podejmuje pr\u00f3by rytowania w miedzi. Od tego czasu do dnia dzisiejszego powstaje ponad 250 miedzioryt\u00f3w . Od roku 1994 powstaj\u0105 te\u017c cykle pasteli i akwareli i rysunk\u00f3w. W okresie ponad 40 lat pracy artystycznej bierze udzia\u0142 w ponad 200 wystawach zbiorowych i licznych wystawach indywidualnych z czego najwa\u017cniejsze w Palazzo Sormanii i Galerii \u201eIl Mercante di Stampe\u201d w Mediolanie (1982), wystawa w Galerii \u201eNDA\u201d w Sapporo, w Japonii (1988), wystawy w Galerii \u201eJan Fejkiel\u201d w Krakowie (1995, 2007), wystawa w Galerii \u201eIl Tempo\u201d w Bolonii (2006). Bierze udzia\u0142 w licznych aukcjach charytatywnych.<\/p>\n<p>Artysta otrzyma\u0142 wiele nagr\u00f3d w tym najbardziej presti\u017cowe to: I nagroda na Mi\u0119dzynarodowym Festiwalu Sztuki Graficznej w Menton (Francja 1989), II nagroda na Mi\u0119dzynarodowym Biennale Grafiki (Krak\u00f3w 1972), Nagroda Towarzystwa Albertina (Wiede\u0144 1972).<\/p>\n<p>Prace artysty znajduj\u0105 si\u0119 mi\u0119dzy innymi w takich kolekcjach jak: Muzeum Sztuki i Historii we Fryburgu, Zbiory Graficzne Albertina we Wiedniu, Gabinet Druk\u00f3w w Genewie, Kunsthalle w Bremie, Muzeum Sztuki Wsp\u00f3\u0142czesnej w Nowym Jorku, Narodowa Galeria Sztuki w Waszyngtonie, Muzeum Miedzi w Legnicy.<\/p>","protected":false},"excerpt":{"rendered":"<p>Tytu\u0142: Krata<br \/>\nAutor: Krzysztof Sk\u00f3rczewski<br \/>\nRok: 1989<br \/>\nTechnika: Miedzioryt<br \/>\nOprawa: Nie<br \/>\nPodpis: odr\u0119czny<br \/>\nEdycja: 27\/100<br \/>\nWymiary: 48,5 x 56 cm<br \/>\nStan zachowania: bardzo dobry<br \/>\nCertificate of Authenticity<\/p>","protected":false},"featured_media":2427,"template":"","meta":{"_monsterinsights_skip_tracking":false,"_monsterinsights_sitenote_active":false,"_monsterinsights_sitenote_note":"","_monsterinsights_sitenote_category":0,"_themeisle_gutenberg_block_has_review":false},"product_cat":[41],"product_tag":[157],"class_list":["post-2426","product","type-product","status-publish","has-post-thumbnail","hentry","product_cat-grafiki","product_tag-skorczewski-krzysztof","product_shipping_class-rodzaj-wysylki-2"],"aioseo_notices":[],"_links":{"self":[{"href":"https:\/\/kwintesencja.art\/en\/wp-json\/wp\/v2\/product\/2426","targetHints":{"allow":["GET"]}}],"collection":[{"href":"https:\/\/kwintesencja.art\/en\/wp-json\/wp\/v2\/product"}],"about":[{"href":"https:\/\/kwintesencja.art\/en\/wp-json\/wp\/v2\/types\/product"}],"wp:featuredmedia":[{"embeddable":true,"href":"https:\/\/kwintesencja.art\/en\/wp-json\/wp\/v2\/media\/2427"}],"wp:attachment":[{"href":"https:\/\/kwintesencja.art\/en\/wp-json\/wp\/v2\/media?parent=2426"}],"wp:term":[{"taxonomy":"product_cat","embeddable":true,"href":"https:\/\/kwintesencja.art\/en\/wp-json\/wp\/v2\/product_cat?post=2426"},{"taxonomy":"product_tag","embeddable":true,"href":"https:\/\/kwintesencja.art\/en\/wp-json\/wp\/v2\/product_tag?post=2426"}],"curies":[{"name":"wp","href":"https:\/\/api.w.org\/{rel}","templated":true}]}}