{"id":2420,"date":"2022-07-27T10:41:30","date_gmt":"2022-07-27T08:41:30","guid":{"rendered":"https:\/\/kwintesencja.art\/?post_type=product&#038;p=2420"},"modified":"2022-11-27T23:15:37","modified_gmt":"2022-11-27T22:15:37","slug":"podroz-iiia","status":"publish","type":"product","link":"https:\/\/kwintesencja.art\/en\/product\/podroz-iiia\/","title":{"rendered":"Podr\u00f3\u017c IIIa"},"content":{"rendered":"<p>Andrzej Pietsch (1932 \u2013 2010). Artysta grafik, taternik i alpinista. Studiowa\u0142 na Akademii Sztuk Pi\u0119knych w Krakowie (1951-58 dyplom u prof. Mieczys\u0142awa Wejmana). W 1986 uzyska\u0142 tytu\u0142 profesora zwyczajnego. Wsp\u00f3\u0142pracowa\u0142 z kilkoma innymi uczelniami w kraju (m.in. w Poznaniu, Katowicach, Lublinie, Cieszynie), w okresie 1972-78 by\u0142 prorektorem ASP w Krakowie. Do roku 1999 mia\u0142 ok. 70 wystaw indywidualnych, w tym oko\u0142o po\u0142owy za granic\u0105, uczestniczy\u0142 w ponad 200 wystawach zbiorowych. Z czasem sta\u0142 si\u0119 jednym z najbardziej cenionych polskich grafik\u00f3w, od 1966 otrzymywa\u0142 wyr\u00f3\u017cnienia mi\u0119dzynarodowe. Zajmowa\u0142 si\u0119 m.in. wkl\u0119s\u0142odrukiem, tworzy\u0142 grafiki m.in. w kilku cyklach, np. \u201eAktorki\u201d (od 1964), \u201ePodr\u00f3\u017cni\u201d i \u201ePodr\u00f3\u017ce\u201d (od 1966), \u201eTrawy\u201d (od 1984), a tak\u017ce (zw\u0142aszcza wcze\u015bniej) motywy g\u00f3rskie. Sta\u0142 si\u0119 te\u017c cenionym dydaktykiem (do 2000 roku o\u015bmiu z jego uczni\u00f3w sta\u0142o si\u0119 profesorami, a pod jego kierunkiem dyplomy uko\u0144czy\u0142o przesz\u0142o 170 student\u00f3w). Uczestnik wielu gremi\u00f3w konkursowych.<\/p>","protected":false},"excerpt":{"rendered":"<p>Tytu\u0142: Podr\u00f3\u017c IIIa<br \/>\nAutor: Andrzej Pietsch<br \/>\nRok: 1994<br \/>\nTechnika: Akwaforta<br \/>\nOprawa: Nie<br \/>\nPodpis: odr\u0119czny<br \/>\nEdycja: 34\/40<br \/>\nWymiary: 49 x 65 cm<br \/>\nStan zachowania: bardzo dobry<br \/>\nCertificate of Authenticity<br \/>\nPraca dost\u0119pna do sprzeda\u017cy, ale zarezerwowana na wystaw\u0119 (28.10-4.12.2022)<br \/>\nMo\u017cliwy odbi\u00f3r po 4 grudnia 2022<\/p>","protected":false},"featured_media":2421,"template":"","meta":{"_monsterinsights_skip_tracking":false,"_monsterinsights_sitenote_active":false,"_monsterinsights_sitenote_note":"","_monsterinsights_sitenote_category":0,"_themeisle_gutenberg_block_has_review":false},"product_cat":[41],"product_tag":[159],"class_list":["post-2420","product","type-product","status-publish","has-post-thumbnail","hentry","product_cat-grafiki","product_tag-pietsch-andrzej","product_shipping_class-rodzaj-wysylki-2"],"aioseo_notices":[],"_links":{"self":[{"href":"https:\/\/kwintesencja.art\/en\/wp-json\/wp\/v2\/product\/2420","targetHints":{"allow":["GET"]}}],"collection":[{"href":"https:\/\/kwintesencja.art\/en\/wp-json\/wp\/v2\/product"}],"about":[{"href":"https:\/\/kwintesencja.art\/en\/wp-json\/wp\/v2\/types\/product"}],"wp:featuredmedia":[{"embeddable":true,"href":"https:\/\/kwintesencja.art\/en\/wp-json\/wp\/v2\/media\/2421"}],"wp:attachment":[{"href":"https:\/\/kwintesencja.art\/en\/wp-json\/wp\/v2\/media?parent=2420"}],"wp:term":[{"taxonomy":"product_cat","embeddable":true,"href":"https:\/\/kwintesencja.art\/en\/wp-json\/wp\/v2\/product_cat?post=2420"},{"taxonomy":"product_tag","embeddable":true,"href":"https:\/\/kwintesencja.art\/en\/wp-json\/wp\/v2\/product_tag?post=2420"}],"curies":[{"name":"wp","href":"https:\/\/api.w.org\/{rel}","templated":true}]}}