{"id":2365,"date":"2022-07-27T08:59:35","date_gmt":"2022-07-27T06:59:35","guid":{"rendered":"https:\/\/kwintesencja.art\/?post_type=product&#038;p=2365"},"modified":"2022-12-20T08:45:16","modified_gmt":"2022-12-20T07:45:16","slug":"kto-tu-prowadzi","status":"publish","type":"product","link":"https:\/\/kwintesencja.art\/en\/product\/kto-tu-prowadzi\/","title":{"rendered":"Kto tu prowadzi?"},"content":{"rendered":"<p>Urodzi\u0142 si\u0119 w Nowym S\u0105czu. Studiowa\u0142 w krakowskiej Akademii Sztuk Pi\u0119knych pocz\u0105tkowo na Wydziale Malarstwa w pracowni prof. Hanny Rudzkiej-Cybis i prof. Tadeusza Kantora a nast\u0119pnie na Wydziale Grafiki. W 1978 roku uzyska\u0142 dyplom w pracowni prof. Mieczys\u0142awa Wejmana. \u2028Tworzy w zakresie grafiki warsztatowej, g\u0142\u00f3wnie w technice miedziorytu, rysunku, grafiki ksi\u0105\u017ckowej, grafiki reklamowej, ilustracji, plakatu oraz architektury wn\u0119trz.<br \/>\nBra\u0142 udzia\u0142 w wielu wystawach w kraju i za granic\u0105 m.in.: w Belgii, Finlandii, Jugos\u0142awii, Niemczech, Holandii, Danii, Wielkiej Brytanii.<br \/>\nW 1978 roku za projekt i realizacj\u0119 wn\u0119trz WOPR w Krakowie otrzyma\u0142 nagrod\u0119 Ministra Rolnictwa. W latach 1980-1983 dla Zamku Kr\u00f3lewskiego na Wawelu namalowa\u0142 wraz z \u017con\u0105 Krystyn\u0105 Gaber wielkoformatowe portrety kr\u00f3l\u00f3w polskich (realizacja pokonkursowa). Zaprojektowa\u0142 reprezentacyjne wn\u0119trza Browaru Okocim. Jest autorem projekt\u00f3w zrealizowanych wn\u0119trz Polskiej Akademii Umiej\u0119tno\u015bci w Krakowie oraz Centrum Sztuki Wsp\u00f3\u0142czesnej w Zamku Sieleckim w Sosnowcu. \u2028Zbigniew Czop jest Dyrektorem Programowym Mi\u0119dzynarodowych Mistrzowskich Kurs\u00f3w Interpretacji Muzycznej ZAS i cz\u0142onkiem zarz\u0105du Fundacji Kultury Polskiej. W 2009 roku zosta\u0142 odznaczony medalem Gloria Artis, a w 2010 roku otrzyma\u0142 Nagrod\u0105 Honorow\u0105 Ministra Kultury i Dziedzictwa Narodowego oraz medal Honoris Gratia.<\/p>","protected":false},"excerpt":{"rendered":"<p>Tytu\u0142: Kto tu prowadzi?<br \/>\nAutor: Zbigniew Czop<br \/>\nRok: 2003<br \/>\nTechnika: Miedzioryt<br \/>\nOprawa: Nie<br \/>\nPodpis: odr\u0119czny<br \/>\nWymiary: 41 x 37 cm<br \/>\nEdycja: 8\/100<br \/>\nStan zachowania: bardzo dobry<br \/>\nCertificate of Authenticity<\/p>","protected":false},"featured_media":2366,"template":"","meta":{"_monsterinsights_skip_tracking":false,"_monsterinsights_sitenote_active":false,"_monsterinsights_sitenote_note":"","_monsterinsights_sitenote_category":0,"_themeisle_gutenberg_block_has_review":false},"product_cat":[41],"product_tag":[154],"class_list":["post-2365","product","type-product","status-publish","has-post-thumbnail","hentry","product_cat-grafiki","product_tag-czop-zbigniew"],"aioseo_notices":[],"_links":{"self":[{"href":"https:\/\/kwintesencja.art\/en\/wp-json\/wp\/v2\/product\/2365","targetHints":{"allow":["GET"]}}],"collection":[{"href":"https:\/\/kwintesencja.art\/en\/wp-json\/wp\/v2\/product"}],"about":[{"href":"https:\/\/kwintesencja.art\/en\/wp-json\/wp\/v2\/types\/product"}],"wp:featuredmedia":[{"embeddable":true,"href":"https:\/\/kwintesencja.art\/en\/wp-json\/wp\/v2\/media\/2366"}],"wp:attachment":[{"href":"https:\/\/kwintesencja.art\/en\/wp-json\/wp\/v2\/media?parent=2365"}],"wp:term":[{"taxonomy":"product_cat","embeddable":true,"href":"https:\/\/kwintesencja.art\/en\/wp-json\/wp\/v2\/product_cat?post=2365"},{"taxonomy":"product_tag","embeddable":true,"href":"https:\/\/kwintesencja.art\/en\/wp-json\/wp\/v2\/product_tag?post=2365"}],"curies":[{"name":"wp","href":"https:\/\/api.w.org\/{rel}","templated":true}]}}