{"id":2100,"date":"2022-06-29T13:33:41","date_gmt":"2022-06-29T11:33:41","guid":{"rendered":"https:\/\/kwintesencja.art\/?post_type=product&#038;p=2100"},"modified":"2022-06-29T13:44:27","modified_gmt":"2022-06-29T11:44:27","slug":"kobieta-patrzaca-w-lustro-zbyt-dlugo","status":"publish","type":"product","link":"https:\/\/kwintesencja.art\/en\/product\/kobieta-patrzaca-w-lustro-zbyt-dlugo\/","title":{"rendered":"Kobieta patrz\u0105ca w lustro zbyt d\u0142ugo"},"content":{"rendered":"","protected":false},"excerpt":{"rendered":"<p>Tytu\u0142: Kobieta patrz\u0105ca w lustro zbyt d\u0142ugo<br \/>\nAutor: Ewa Bilska<br \/>\nYear: 2022<br \/>\nTechnika: Rysunek na papierze<br \/>\nOprawa: nie<br \/>\nPodpis: odr\u0119czny L.d.: Ewa Bilska<br \/>\nWymiary: 14&#215;20,5cm<br \/>\nStan zachowania: bardzo dobry<br \/>\nCertificate of Authenticity<\/p>","protected":false},"featured_media":2056,"template":"","meta":{"_monsterinsights_skip_tracking":false,"_monsterinsights_sitenote_active":false,"_monsterinsights_sitenote_note":"","_monsterinsights_sitenote_category":0,"_themeisle_gutenberg_block_has_review":false},"product_cat":[39],"product_tag":[51],"class_list":["post-2100","product","type-product","status-publish","has-post-thumbnail","hentry","product_cat-obrazy","product_tag-bilska-ewa","product_shipping_class-rodzaj-wysylki-1"],"aioseo_notices":[],"_links":{"self":[{"href":"https:\/\/kwintesencja.art\/en\/wp-json\/wp\/v2\/product\/2100","targetHints":{"allow":["GET"]}}],"collection":[{"href":"https:\/\/kwintesencja.art\/en\/wp-json\/wp\/v2\/product"}],"about":[{"href":"https:\/\/kwintesencja.art\/en\/wp-json\/wp\/v2\/types\/product"}],"wp:featuredmedia":[{"embeddable":true,"href":"https:\/\/kwintesencja.art\/en\/wp-json\/wp\/v2\/media\/2056"}],"wp:attachment":[{"href":"https:\/\/kwintesencja.art\/en\/wp-json\/wp\/v2\/media?parent=2100"}],"wp:term":[{"taxonomy":"product_cat","embeddable":true,"href":"https:\/\/kwintesencja.art\/en\/wp-json\/wp\/v2\/product_cat?post=2100"},{"taxonomy":"product_tag","embeddable":true,"href":"https:\/\/kwintesencja.art\/en\/wp-json\/wp\/v2\/product_tag?post=2100"}],"curies":[{"name":"wp","href":"https:\/\/api.w.org\/{rel}","templated":true}]}}