{"id":2098,"date":"2022-06-29T13:16:24","date_gmt":"2022-06-29T11:16:24","guid":{"rendered":"https:\/\/kwintesencja.art\/?post_type=product&#038;p=2098"},"modified":"2022-06-29T13:16:25","modified_gmt":"2022-06-29T11:16:25","slug":"zar-2","status":"publish","type":"product","link":"https:\/\/kwintesencja.art\/en\/product\/zar-2\/","title":{"rendered":"\u017bar"},"content":{"rendered":"","protected":false},"excerpt":{"rendered":"<p>Tytu\u0142: \u017bar<br \/>\nAutor: Ewa Bilska<br \/>\nYear: 2022<br \/>\nTechnika: Rysunek na kartonie<br \/>\nOprawa: nie<br \/>\nPodpis: odr\u0119czny na odwrocie<br \/>\nWymiary: 100x70cm<br \/>\nStan zachowania: bardzo dobry<br \/>\nCertificate of Authenticity<\/p>","protected":false},"featured_media":2062,"template":"","meta":{"_monsterinsights_skip_tracking":false,"_monsterinsights_sitenote_active":false,"_monsterinsights_sitenote_note":"","_monsterinsights_sitenote_category":0,"_themeisle_gutenberg_block_has_review":false},"product_cat":[39],"product_tag":[51],"class_list":["post-2098","product","type-product","status-publish","has-post-thumbnail","hentry","product_cat-obrazy","product_tag-bilska-ewa","product_shipping_class-rodzaj-wysylki-2"],"aioseo_notices":[],"_links":{"self":[{"href":"https:\/\/kwintesencja.art\/en\/wp-json\/wp\/v2\/product\/2098","targetHints":{"allow":["GET"]}}],"collection":[{"href":"https:\/\/kwintesencja.art\/en\/wp-json\/wp\/v2\/product"}],"about":[{"href":"https:\/\/kwintesencja.art\/en\/wp-json\/wp\/v2\/types\/product"}],"wp:featuredmedia":[{"embeddable":true,"href":"https:\/\/kwintesencja.art\/en\/wp-json\/wp\/v2\/media\/2062"}],"wp:attachment":[{"href":"https:\/\/kwintesencja.art\/en\/wp-json\/wp\/v2\/media?parent=2098"}],"wp:term":[{"taxonomy":"product_cat","embeddable":true,"href":"https:\/\/kwintesencja.art\/en\/wp-json\/wp\/v2\/product_cat?post=2098"},{"taxonomy":"product_tag","embeddable":true,"href":"https:\/\/kwintesencja.art\/en\/wp-json\/wp\/v2\/product_tag?post=2098"}],"curies":[{"name":"wp","href":"https:\/\/api.w.org\/{rel}","templated":true}]}}