{"id":1985,"date":"2022-06-03T14:27:02","date_gmt":"2022-06-03T12:27:02","guid":{"rendered":"https:\/\/kwintesencja.art\/?post_type=product&#038;p=1985"},"modified":"2025-12-01T11:46:26","modified_gmt":"2025-12-01T10:46:26","slug":"wolno-plyna-lodzie","status":"publish","type":"product","link":"https:\/\/kwintesencja.art\/en\/product\/wolno-plyna-lodzie\/","title":{"rendered":"Czerwona planeta"},"content":{"rendered":"","protected":false},"excerpt":{"rendered":"<p>Tytu\u0142: Wolno p\u0142yn\u0105 \u0142odzie<br \/>\nAutor: Artur Smo\u0142a<br \/>\nRok: 2020\/2022<br \/>\nTechnika: Inkografia<br \/>\nOprawa: nie (na fotografii przyk\u0142adowa)<br \/>\nPodpis: odr\u0119czny o\u0142\u00f3wkiem: A.Smo\u0142a<br \/>\nEdycja: limitowana 1\/10<br \/>\nWymiary: 40x30cm, ca\u0142y arkusz: 50x42cm<br \/>\nStan zachowania: bardzo dobry<br \/>\nCertificate of Authenticity<\/p>","protected":false},"featured_media":1991,"template":"","meta":{"_monsterinsights_skip_tracking":false,"_monsterinsights_sitenote_active":false,"_monsterinsights_sitenote_note":"","_monsterinsights_sitenote_category":0,"_themeisle_gutenberg_block_has_review":false},"product_cat":[41],"product_tag":[138,350],"class_list":["post-1985","product","type-product","status-publish","has-post-thumbnail","hentry","product_cat-grafiki","product_tag-smola-artur","product_tag-wyprzedaz","product_shipping_class-rodzaj-wysylki-2"],"aioseo_notices":[],"_links":{"self":[{"href":"https:\/\/kwintesencja.art\/en\/wp-json\/wp\/v2\/product\/1985","targetHints":{"allow":["GET"]}}],"collection":[{"href":"https:\/\/kwintesencja.art\/en\/wp-json\/wp\/v2\/product"}],"about":[{"href":"https:\/\/kwintesencja.art\/en\/wp-json\/wp\/v2\/types\/product"}],"wp:featuredmedia":[{"embeddable":true,"href":"https:\/\/kwintesencja.art\/en\/wp-json\/wp\/v2\/media\/1991"}],"wp:attachment":[{"href":"https:\/\/kwintesencja.art\/en\/wp-json\/wp\/v2\/media?parent=1985"}],"wp:term":[{"taxonomy":"product_cat","embeddable":true,"href":"https:\/\/kwintesencja.art\/en\/wp-json\/wp\/v2\/product_cat?post=1985"},{"taxonomy":"product_tag","embeddable":true,"href":"https:\/\/kwintesencja.art\/en\/wp-json\/wp\/v2\/product_tag?post=1985"}],"curies":[{"name":"wp","href":"https:\/\/api.w.org\/{rel}","templated":true}]}}