{"id":1857,"date":"2022-05-19T22:19:46","date_gmt":"2022-05-19T20:19:46","guid":{"rendered":"https:\/\/kwintesencja.art\/?post_type=product&#038;p=1857"},"modified":"2023-03-26T22:22:29","modified_gmt":"2023-03-26T20:22:29","slug":"statek-roza","status":"publish","type":"product","link":"https:\/\/kwintesencja.art\/en\/product\/statek-roza\/","title":{"rendered":"Statek r\u00f3\u017ca"},"content":{"rendered":"<p>O arty\u015bcie:<br \/>\nRafa\u0142 Olbi\u0144ski. Urodzony w Kielcach, w 1969 roku uko\u0144czy\u0142 studia na Wydziale Architektury Politechniki Warszawskiej. W roku 1981 wyemigrowa\u0142 do Stan\u00f3w Zjednoczonych. Szybko zaistnia\u0142 w tamtejszym \u015brodowisku i da\u0142 si\u0119 pozna\u0107 jako znakomity ilustrator i malarz. Od 1985 roku jest wyk\u0142adowc\u0105 School of Visual Arts w Nowym Jorku. Zajmuje si\u0119 r\u00f3wnie\u017c ilustracj\u0105, malarstwem, projektowaniem plakat\u00f3w oraz scenografi\u0105. Zdoby\u0142 ogromne uznanie na ca\u0142ym \u015bwiecie a jego plakaty i ilustracje ukazuj\u0105 si\u0119 regularnie na \u0142amach takich czasopism jak Newsweek, Time, Business Week, New York Times, New Yorker. Jest tw\u00f3rc\u0105 bardzo pracowitym z ogromnym dorobkiem. Na swoim koncie ma ju\u017c liczne plakaty dla ameryka\u0144skich oper (New York City Opera, Utah Opera, Pacific Opera San Francisco, Philadelphia Opera), scenografi\u0119 operow\u0105 do przedstawienia Don Giovanniego w Filadelfii.<\/p>\n<p>Jego prace prezentowane by\u0142y na wielu wystawach w Stanach Zjednoczonych, Japonii, Francji, Niemczech i w Polsce.<\/p>","protected":false},"excerpt":{"rendered":"<p>Tytu\u0142: Statek r\u00f3\u017ca<br \/>\nAutor: Rafa\u0142 Olbi\u0144ski<br \/>\nTechnika: Litografia barwna<br \/>\nOprawa: nie<br \/>\nPodpis: sygnatura odr\u0119czna o\u0142\u00f3wkiem: Olbi\u0144ski oraz nr serii<br \/>\nWymiary: 57 x 85 cm, ca\u0142y arkusz: 67 x 96,5 cm<br \/>\nStan zachowania: bardzo dobry<br \/>\nCertificate of Authenticity<\/p>","protected":false},"featured_media":1972,"template":"","meta":{"_monsterinsights_skip_tracking":false,"_monsterinsights_sitenote_active":false,"_monsterinsights_sitenote_note":"","_monsterinsights_sitenote_category":0,"_themeisle_gutenberg_block_has_review":false},"product_cat":[41],"product_tag":[65],"class_list":["post-1857","product","type-product","status-publish","has-post-thumbnail","hentry","product_cat-grafiki","product_tag-olbinski-rafal","product_shipping_class-rodzaj-wysylki-2"],"aioseo_notices":[],"_links":{"self":[{"href":"https:\/\/kwintesencja.art\/en\/wp-json\/wp\/v2\/product\/1857","targetHints":{"allow":["GET"]}}],"collection":[{"href":"https:\/\/kwintesencja.art\/en\/wp-json\/wp\/v2\/product"}],"about":[{"href":"https:\/\/kwintesencja.art\/en\/wp-json\/wp\/v2\/types\/product"}],"wp:featuredmedia":[{"embeddable":true,"href":"https:\/\/kwintesencja.art\/en\/wp-json\/wp\/v2\/media\/1972"}],"wp:attachment":[{"href":"https:\/\/kwintesencja.art\/en\/wp-json\/wp\/v2\/media?parent=1857"}],"wp:term":[{"taxonomy":"product_cat","embeddable":true,"href":"https:\/\/kwintesencja.art\/en\/wp-json\/wp\/v2\/product_cat?post=1857"},{"taxonomy":"product_tag","embeddable":true,"href":"https:\/\/kwintesencja.art\/en\/wp-json\/wp\/v2\/product_tag?post=1857"}],"curies":[{"name":"wp","href":"https:\/\/api.w.org\/{rel}","templated":true}]}}