{"id":1742,"date":"2022-05-04T22:06:59","date_gmt":"2022-05-04T20:06:59","guid":{"rendered":"https:\/\/kwintesencja.art\/?post_type=product&#038;p=1742"},"modified":"2023-04-21T10:24:27","modified_gmt":"2023-04-21T08:24:27","slug":"vega-zett-2","status":"publish","type":"product","link":"https:\/\/kwintesencja.art\/en\/product\/vega-zett-2\/","title":{"rendered":"Vega &#8211; zett 2"},"content":{"rendered":"<p><b>Victor Vasarely<\/b>\u00a0(P\u00e9cs 1906 &#8211; Pary\u017c 1997) &#8211; malarz i grafik francuski pochodzenia w\u0119gierskiego. Przedstawiciel abstrakcji geometrycznej; od 1930 w Pary\u017cu; stopniowo wprowadza do swych prac problem ruchu, zmierzaj\u0105c do sztuki kinetycznej. Tworzy uk\u0142ady form dynamicznych, sugeruj\u0105cych ruch i przestrze\u0144; od 1955 powstawa\u0142y cykle obraz\u00f3w &#8220;optyczno-kinetycznych&#8221;, sprawiaj\u0105cych wra\u017cenie pulsowania, falowania, wirowania lub migotania . Uwa\u017cany za inicjatora op-artu.<\/p>","protected":false},"excerpt":{"rendered":"<p>Tytu\u0142: Vega &#8211; zett 2<br \/>\nAutor: Victor Vasarely<br \/>\nRok: 1975<br \/>\nTechnika: heliograwiura na b\u0142yszcz\u0105cym papierze<br \/>\nPraca na podstawie obrazu z 1971 r.<br \/>\nGrafika pochodzi z portfolio &#8220;Structure Universelle du Damier&#8221; wydanego w 1975 r. przez Griffon \/ Neuch\u00e2tel \/ Szwajcaria.<br \/>\nOprawa: CZarna ramka<br \/>\nWymiary: w \u015bw. p.p. 26 x 26 cm, z ram\u0105: 40 x 40 cm.<br \/>\nStan zachowania: bardzo dobry<br \/>\nCertificate of Authenticity<\/p>","protected":false},"featured_media":3412,"template":"","meta":{"_monsterinsights_skip_tracking":false,"_monsterinsights_sitenote_active":false,"_monsterinsights_sitenote_note":"","_monsterinsights_sitenote_category":0,"_themeisle_gutenberg_block_has_review":false},"product_cat":[41],"product_tag":[122],"class_list":["post-1742","product","type-product","status-publish","has-post-thumbnail","hentry","product_cat-grafiki","product_tag-vasarely-victor","product_shipping_class-rodzaj-wysylki-2"],"aioseo_notices":[],"_links":{"self":[{"href":"https:\/\/kwintesencja.art\/en\/wp-json\/wp\/v2\/product\/1742","targetHints":{"allow":["GET"]}}],"collection":[{"href":"https:\/\/kwintesencja.art\/en\/wp-json\/wp\/v2\/product"}],"about":[{"href":"https:\/\/kwintesencja.art\/en\/wp-json\/wp\/v2\/types\/product"}],"wp:featuredmedia":[{"embeddable":true,"href":"https:\/\/kwintesencja.art\/en\/wp-json\/wp\/v2\/media\/3412"}],"wp:attachment":[{"href":"https:\/\/kwintesencja.art\/en\/wp-json\/wp\/v2\/media?parent=1742"}],"wp:term":[{"taxonomy":"product_cat","embeddable":true,"href":"https:\/\/kwintesencja.art\/en\/wp-json\/wp\/v2\/product_cat?post=1742"},{"taxonomy":"product_tag","embeddable":true,"href":"https:\/\/kwintesencja.art\/en\/wp-json\/wp\/v2\/product_tag?post=1742"}],"curies":[{"name":"wp","href":"https:\/\/api.w.org\/{rel}","templated":true}]}}