{"id":1444,"date":"2022-03-19T17:39:28","date_gmt":"2022-03-19T16:39:28","guid":{"rendered":"https:\/\/kwintesencja.art\/?post_type=product&#038;p=1444"},"modified":"2023-03-20T09:28:38","modified_gmt":"2023-03-20T08:28:38","slug":"tropikalia","status":"publish","type":"product","link":"https:\/\/kwintesencja.art\/en\/product\/tropikalia\/","title":{"rendered":"Tropikalia"},"content":{"rendered":"<p>O artystce:<br \/>\nSylwia Wenska absolwentka Wydzia\u0142u Architektury Wn\u0119trz ASP w Krakowie. Zajmuje si\u0119 projektowaniem i wykonywaniem unikatowej odzie\u017cy, element\u00f3w scenografii oraz wn\u0119trz. Maluje w technice akrylowej, wykonuje rysunki kredkami, w obrazach te techniki przenikaj\u0105 si\u0119. S\u0105 to najcz\u0119\u015bciej alegoryczne portrety i wizerunki zwierz\u0105t. Uczestniczy w plenerach malarskich i wystawia regularnie swoje prace na wystawach indywidualnych i zbiorowych.<\/p>","protected":false},"excerpt":{"rendered":"<div class=\"woocommerce-product-details__short-description\">\n<div class=\"woocommerce-product-details__short-description\">\n<div class=\"woocommerce-product-details__short-description\">\n<div class=\"woocommerce-product-details__short-description\">\n<div class=\"woocommerce-product-details__short-description\">\n<p>Tytu\u0142: Tropikalia<\/p>\n<p>Autor: Sylwia Wenska<\/p>\n<p>Rok: 2020<\/p>\n<p>Technika: technika mieszana na kartonie<\/p>\n<p>Oprawa: nie<\/p>\n<p>Certificate of Authenticity<\/p>\n<p>Podpis: odr\u0119czny<\/p>\n<p>Wymiary: 70\u00d7100 cm.<\/p>\n<p>Stan zachowania: bardzo dobry<\/p>\n<\/div>\n<\/div>\n<\/div>\n<\/div>\n<\/div>","protected":false},"featured_media":1435,"template":"","meta":{"_monsterinsights_skip_tracking":false,"_monsterinsights_sitenote_active":false,"_monsterinsights_sitenote_note":"","_monsterinsights_sitenote_category":0,"_themeisle_gutenberg_block_has_review":false},"product_cat":[39],"product_tag":[100],"class_list":["post-1444","product","type-product","status-publish","has-post-thumbnail","hentry","product_cat-obrazy","product_tag-wenska-sylwia","product_shipping_class-rodzaj-wysylki-2"],"aioseo_notices":[],"_links":{"self":[{"href":"https:\/\/kwintesencja.art\/en\/wp-json\/wp\/v2\/product\/1444","targetHints":{"allow":["GET"]}}],"collection":[{"href":"https:\/\/kwintesencja.art\/en\/wp-json\/wp\/v2\/product"}],"about":[{"href":"https:\/\/kwintesencja.art\/en\/wp-json\/wp\/v2\/types\/product"}],"wp:featuredmedia":[{"embeddable":true,"href":"https:\/\/kwintesencja.art\/en\/wp-json\/wp\/v2\/media\/1435"}],"wp:attachment":[{"href":"https:\/\/kwintesencja.art\/en\/wp-json\/wp\/v2\/media?parent=1444"}],"wp:term":[{"taxonomy":"product_cat","embeddable":true,"href":"https:\/\/kwintesencja.art\/en\/wp-json\/wp\/v2\/product_cat?post=1444"},{"taxonomy":"product_tag","embeddable":true,"href":"https:\/\/kwintesencja.art\/en\/wp-json\/wp\/v2\/product_tag?post=1444"}],"curies":[{"name":"wp","href":"https:\/\/api.w.org\/{rel}","templated":true}]}}