{"id":1395,"date":"2022-03-16T13:24:39","date_gmt":"2022-03-16T12:24:39","guid":{"rendered":"https:\/\/kwintesencja.art\/?post_type=product&#038;p=1395"},"modified":"2024-04-10T23:56:07","modified_gmt":"2024-04-10T21:56:07","slug":"kobieta-w-kapeluszu","status":"publish","type":"product","link":"https:\/\/kwintesencja.art\/en\/product\/kobieta-w-kapeluszu\/","title":{"rendered":"Kobieta w kapeluszu"},"content":{"rendered":"<p>Polski malarz urodzony w Rozwadowie (obecnie dzielnica Stalowej Woli). Syn Alfonsa &#8211; s\u0119dziego powiatowego oraz Barbary Heleny z Pysz\u00f3w. W 1885 zamieszka\u0142 z rodzicami w Krakowie gdzie w latach 1891-1899 studiowa\u0142 w SSP u I. Jab\u0142o\u0144skiego, W. \u0141uszczkiewicza i L. Wycz\u00f3\u0142kowskiego. W tym samym czasie by utrzyma\u0107 si\u0119 zajmowa\u0142 si\u0119 kopiowaniem obraz\u00f3w i projektowaniem poczt\u00f3wek. W 1903 roku wyjecha\u0142 do Monachium gdzie kontynuowa\u0142 studia, nast\u0119pnie uda\u0142 si\u0119 do Wiednia gdzie do 1907 roku uczy\u0142 si\u0119 u Kazimierza Pochwalskiego. W czasie pobytu w Wiedniu wiele podr\u00f3\u017cowa\u0142, m.in. do Wenecji, Budapesztu, Drezna, Londynu. W latach 1908 \u2013 1912 przebywa\u0142 w Pary\u017cu, sk\u0105d odwiedza\u0142 Krak\u00f3w by bra\u0107 udzia\u0142 w przygotowaniach do przedstawie\u0144 Zielonego Balonika, przez p\u00f3\u0142 roku pracowa\u0142 jako nauczyciel rysunku na Wy\u017cszych Kursach dla Kobiet im. A. Branieckiego r\u00f3wnie\u017c w Krakowie. Podczas I wojny \u015bwiatowej s\u0142u\u017cy\u0142 w armii austriackiej, po tym jak zosta\u0142 ranny przydzielono go do kwatery prasowej z zadaniem rysunkowego dokumentowania wojennych zniszcze\u0144 \u2013 rysunki te by\u0142y wystawiane w TPSP w Krakowie i Wiedniu. W 1922 powr\u00f3ci\u0142 do Pary\u017ca. By\u0142 cz\u0142onkiem m.in. : TPSP, Secesji Wiede\u0144skiej, Grupy Dziesi\u0119ciu, Grupy Zero, Towarzystwa Artyst\u00f3w Polskich \u201eSztuka\u201d, TZSP, wystawia\u0142 zar\u00f3wno w kraju jak i za granic\u0105, otrzyma\u0142 wiele nagr\u00f3d. Sporadycznie zajmowa\u0142 si\u0119 grafik\u0105 , m.in. wykonywa\u0142 zaproszenia dla \u201eZielonego Balonika\u201d w technice litografii. We wczesnym okresie tw\u00f3rczo\u015bci malowa\u0142 wiejskie sceny rodzajowe i pejza\u017ce podkrakowskich Bronowic, po wyje\u017adzie za granic\u0119 tematem jego prac by\u0142y sceny z \u017cycia Monachium i Pary\u017ca. By\u0142 pod du\u017cym wp\u0142ywem impresjonizmu. Po roku 1920 tematem jego dzie\u0142 staje si\u0119 mieszkalne wn\u0119trze, kwiaty, namalowa\u0142 r\u00f3wnie\u017c wiele obraz\u00f3w z wizerunkami kot\u00f3w i ps\u00f3w, jednak g\u0142\u00f3wnym tematem sta\u0142a si\u0119 posta\u0107 kobiety, bardzo rzadko malowa\u0142 m\u0119\u017cczyzn. Pozy modela by\u0142y najcz\u0119\u015bciej bardzo proste, poddane m\u0142odopolskiej stylizacji. W Pary\u017cu najcz\u0119\u015bciej portretowa\u0142 swoj\u0105 ulubion\u0105 modelk\u0119 Jane &#8211; jej oraz innym portretowanym, cz\u0119sto aktorkom krakowskim nadawa\u0142 wyraz \u201ekobiety demonicznej\u201d, wielokrotnie malowa\u0142 r\u00f3wnie\u017c portrety \u017cony. Obrazy te, malowane p\u0142ask\u0105 plam\u0105, o p\u0142ynnych konturach, st\u0142umion\u0105 gam\u0105 barwn\u0105, z rozproszonym \u015bwiat\u0142ocieniem cieszy\u0142y si\u0119 popularno\u015bci\u0105, podobnie jak liczne martwe natury kwiatowe.<\/p>","protected":false},"excerpt":{"rendered":"<p>Tytu\u0142: Kobieta w kapeluszu<br \/>\nAutor: Alfons Karpi\u0144ski<br \/>\nRok: odbitka lata 90. XXw<br \/>\nTechnika: Akwaforta, akwatinta<br \/>\nOprawa: nie<br \/>\nPodpis: z odcisku,\u00a0 p.d. monogramem AK<br \/>\nWymiary: 18 \u00d7 13 cm<br \/>\nStan zachowania: bardzo dobry<br \/>\nCertificate of Authenticity<\/p>","protected":false},"featured_media":1397,"template":"","meta":{"_monsterinsights_skip_tracking":false,"_monsterinsights_sitenote_active":false,"_monsterinsights_sitenote_note":"","_monsterinsights_sitenote_category":0,"_themeisle_gutenberg_block_has_review":false},"product_cat":[41],"product_tag":[96],"class_list":["post-1395","product","type-product","status-publish","has-post-thumbnail","hentry","product_cat-grafiki","product_tag-karpinski-alfons","product_shipping_class-rodzaj-wysylki-1"],"aioseo_notices":[],"_links":{"self":[{"href":"https:\/\/kwintesencja.art\/en\/wp-json\/wp\/v2\/product\/1395","targetHints":{"allow":["GET"]}}],"collection":[{"href":"https:\/\/kwintesencja.art\/en\/wp-json\/wp\/v2\/product"}],"about":[{"href":"https:\/\/kwintesencja.art\/en\/wp-json\/wp\/v2\/types\/product"}],"wp:featuredmedia":[{"embeddable":true,"href":"https:\/\/kwintesencja.art\/en\/wp-json\/wp\/v2\/media\/1397"}],"wp:attachment":[{"href":"https:\/\/kwintesencja.art\/en\/wp-json\/wp\/v2\/media?parent=1395"}],"wp:term":[{"taxonomy":"product_cat","embeddable":true,"href":"https:\/\/kwintesencja.art\/en\/wp-json\/wp\/v2\/product_cat?post=1395"},{"taxonomy":"product_tag","embeddable":true,"href":"https:\/\/kwintesencja.art\/en\/wp-json\/wp\/v2\/product_tag?post=1395"}],"curies":[{"name":"wp","href":"https:\/\/api.w.org\/{rel}","templated":true}]}}