{"id":1165,"date":"2022-03-06T14:24:34","date_gmt":"2022-03-06T13:24:34","guid":{"rendered":"https:\/\/kwintesencja.dkonto.pl\/?post_type=product&#038;p=1165"},"modified":"2024-01-19T14:37:09","modified_gmt":"2024-01-19T13:37:09","slug":"mona-lisa","status":"publish","type":"product","link":"https:\/\/kwintesencja.art\/en\/product\/mona-lisa\/","title":{"rendered":"Marilyn Monroe"},"content":{"rendered":"<p>Andy Warhol (oryginalne nazwisko Andrew Warhol, 6 sierpnia 1928 Pittsburgh, Pensylwania, USA &#8211; 22 lutego 1987 Nowy Jork, Nowy Jork, USA) by\u0142 ameryka\u0144skim malarzem, grafikiem, filmowcem i liderem ameryka\u0144skiego ruchu pop art. Karier\u0119 rozpocz\u0105\u0142 jako ilustrator artyku\u0142\u00f3w promocyjnych. P\u00f3\u017aniej da\u0142 si\u0119 pozna\u0107 na ca\u0142ym \u015bwiecie jako malarz, re\u017cyser awangardowych film\u00f3w i menad\u017cer rockowego zespo\u0142u The Velvet Underground. By\u0142 przedstawiany w kilku filmach biograficznych i dokumentalnych o nim. W 1991 roku w pobli\u017cu rodzinnego miasta jego rodzic\u00f3w, w miejscowo\u015bci Medzilaborce, otwarto muzeum po\u015bwi\u0119cone jego tw\u00f3rczo\u015bci. Kolejne muzeum zosta\u0142o otwarte trzy lata p\u00f3\u017aniej w jego rodzinnym Pittsburghu.<\/p>","protected":false},"excerpt":{"rendered":"<p>Litografia barwna, sygnowana odr\u0119cznie przez Andy\u2019ego Warhola, edycja limitowana: 132\/250<br \/>\nNa prawym marginesie odr\u0119czny podpis markerem: Andy Warhol, l.d. o\u0142\u00f3wkiem: 132\/250<br \/>\nNa odwrocie certyfikat autentyczno\u015bci: piecz\u0119\u0107 z odr\u0119cznym podpisem: Frederick Hughes (menad\u017cer Andy\u2019ego Warhola)<br \/>\nWymiary: w \u015bw p-p.: 39 x 39 cm, z ram\u0105: 61 x 61 cm<br \/>\nPraca oprawiona w z\u0142ota ram\u0119, ze szk\u0142em antyrefleksyjnym.<br \/>\nProweniencja:<br \/>\nkolekcja prywatna, USA<\/p>","protected":false},"featured_media":5649,"template":"","meta":{"_monsterinsights_skip_tracking":false,"_monsterinsights_sitenote_active":false,"_monsterinsights_sitenote_note":"","_monsterinsights_sitenote_category":0,"_themeisle_gutenberg_block_has_review":false},"product_cat":[41],"product_tag":[74],"class_list":["post-1165","product","type-product","status-publish","has-post-thumbnail","hentry","product_cat-grafiki","product_tag-warhol-andy","product_shipping_class-rodzaj-wysylki-2"],"aioseo_notices":[],"_links":{"self":[{"href":"https:\/\/kwintesencja.art\/en\/wp-json\/wp\/v2\/product\/1165","targetHints":{"allow":["GET"]}}],"collection":[{"href":"https:\/\/kwintesencja.art\/en\/wp-json\/wp\/v2\/product"}],"about":[{"href":"https:\/\/kwintesencja.art\/en\/wp-json\/wp\/v2\/types\/product"}],"wp:featuredmedia":[{"embeddable":true,"href":"https:\/\/kwintesencja.art\/en\/wp-json\/wp\/v2\/media\/5649"}],"wp:attachment":[{"href":"https:\/\/kwintesencja.art\/en\/wp-json\/wp\/v2\/media?parent=1165"}],"wp:term":[{"taxonomy":"product_cat","embeddable":true,"href":"https:\/\/kwintesencja.art\/en\/wp-json\/wp\/v2\/product_cat?post=1165"},{"taxonomy":"product_tag","embeddable":true,"href":"https:\/\/kwintesencja.art\/en\/wp-json\/wp\/v2\/product_tag?post=1165"}],"curies":[{"name":"wp","href":"https:\/\/api.w.org\/{rel}","templated":true}]}}