{"id":1149,"date":"2022-03-06T13:53:10","date_gmt":"2022-03-06T12:53:10","guid":{"rendered":"https:\/\/kwintesencja.dkonto.pl\/?post_type=product&#038;p=1149"},"modified":"2022-03-25T14:08:05","modified_gmt":"2022-03-25T13:08:05","slug":"tybet-kolo-zycia-bhavacakra-drzeworyt-xviii-xix-w","status":"publish","type":"product","link":"https:\/\/kwintesencja.art\/en\/product\/tybet-kolo-zycia-bhavacakra-drzeworyt-xviii-xix-w\/","title":{"rendered":"Tybet Ko\u0142o \u017cycia Bhavacakra drzeworyt XVIII\/XIX w."},"content":{"rendered":"<p>Ko\u0142o \u017bycia, tzw. Kala Czakra. Dedykowane jest ono wszystkim \u017cywym istotom, kt\u00f3re jeszcze nie osi\u0105gn\u0119\u0142y pierwszego stopnia duchowego wyzwolenia. Ko\u0142o ilustruje istot\u0119 buddyjskiej nauki, cztery \u015bcie\u017cki prawdy, istnienie ziemskiego cierpienia, jego pocz\u0105tek i przyczyn\u0119, a tak\u017ce wskazuje drog\u0119 wybawienia. Opisuje pow\u00f3d wszelkiego z\u0142a i jego skutk\u00f3w, jakich do\u015bwiadcza cz\u0142owiek od narodzin a\u017c do \u015bmierci. Jednak\u017ce ka\u017cdy jest odpowiedzialny za swoje uczynki i ich skutki.<\/p>","protected":false},"excerpt":{"rendered":"<p>Tytu\u0142: Tybet Ko\u0142o \u017cycia Bhavacakra<\/p>\n<p>Autor: nie odczytany<\/p>\n<p>Rok: XVIII\/XIX w.<\/p>\n<p>Technika: Drzeworyt<\/p>\n<p>Oprawa: Tak, czarna ramka, za szk\u0142em<\/p>\n<p>Podpis: z odcisku<\/p>\n<p>Wymiary: 10,5\u00d715,5cm, z ramk\u0105: 28x32cm<\/p>\n<p>Stan zachowania: dobry<\/p>\n<p>Certificate of Authenticity<\/p>\n<p>Drzeworyt buddyjski na papierze ry\u017cowym o charakterze edukacyjnym, ilustruj\u0105cy tzw. &#8220;Ko\u0142o \u017bycia&#8221; trzymane przez w\u0142adc\u0119 \u015bmierci, Yama.<\/p>\n<p>Artefakt w bardzo dobrym stanie zachowania, oprawiony za szk\u0142o w passe-partout i ram\u0119. Widoczne niewielkie przebarwienia i zabrudzenia powierzchniowe papieru.<\/p>","protected":false},"featured_media":1150,"template":"","meta":{"_monsterinsights_skip_tracking":false,"_monsterinsights_sitenote_active":false,"_monsterinsights_sitenote_note":"","_monsterinsights_sitenote_category":0,"_themeisle_gutenberg_block_has_review":false},"product_cat":[41,15],"product_tag":[],"class_list":["post-1149","product","type-product","status-publish","has-post-thumbnail","hentry","product_cat-grafiki","product_cat-pozostale","product_shipping_class-rodzaj-wysylki-1"],"aioseo_notices":[],"_links":{"self":[{"href":"https:\/\/kwintesencja.art\/en\/wp-json\/wp\/v2\/product\/1149","targetHints":{"allow":["GET"]}}],"collection":[{"href":"https:\/\/kwintesencja.art\/en\/wp-json\/wp\/v2\/product"}],"about":[{"href":"https:\/\/kwintesencja.art\/en\/wp-json\/wp\/v2\/types\/product"}],"wp:featuredmedia":[{"embeddable":true,"href":"https:\/\/kwintesencja.art\/en\/wp-json\/wp\/v2\/media\/1150"}],"wp:attachment":[{"href":"https:\/\/kwintesencja.art\/en\/wp-json\/wp\/v2\/media?parent=1149"}],"wp:term":[{"taxonomy":"product_cat","embeddable":true,"href":"https:\/\/kwintesencja.art\/en\/wp-json\/wp\/v2\/product_cat?post=1149"},{"taxonomy":"product_tag","embeddable":true,"href":"https:\/\/kwintesencja.art\/en\/wp-json\/wp\/v2\/product_tag?post=1149"}],"curies":[{"name":"wp","href":"https:\/\/api.w.org\/{rel}","templated":true}]}}