{"id":1142,"date":"2022-03-06T13:27:02","date_gmt":"2022-03-06T12:27:02","guid":{"rendered":"https:\/\/kwintesencja.dkonto.pl\/?post_type=product&#038;p=1142"},"modified":"2022-03-25T14:08:50","modified_gmt":"2022-03-25T13:08:50","slug":"dream","status":"publish","type":"product","link":"https:\/\/kwintesencja.art\/en\/product\/dream\/","title":{"rendered":"Dream"},"content":{"rendered":"<p>O arty\u015bcie:<br \/>\nJacek Sroka uprawia malarstwo, grafik\u0119, rysunek. W swym dorobku ma ponad sto wystaw indywidualnych, bra\u0142 udzia\u0142 w wielu pokazach sztuki polskiej w kraju i za granic\u0105. Jest laureatem nagr\u00f3d i wyr\u00f3\u017cnie\u0144 m.in. na Biennale Grafiki w Mulhouse (1984), Grafica Atlantica w Reykjaviku (1987), Grand Prix na Biennale Grafiki w Vaasa (1987), Grand Prix na Biennale Grafiki w Seulu (1988), Nagrody im. Witolda Wojtkiewicza w Krakowie (2001). W 2008 roku odby\u0142a si\u0119 retrospektywna wystaw artysty w krakowskim Muzeum Narodowym. Prace w licznych zbiorach muzealnych (m.in. Muzeum Narodowe w Krakowie; Metropolitan Museum, Nowy Jork; Albertina Wiede\u0144; National Gallery, Waszyngton; Museu Oscar Niemeyer, Kurytyba; Utsunomiya Museum of Art, Utsunomiya).<\/p>","protected":false},"excerpt":{"rendered":"<div class=\"woocommerce-product-details__short-description\">\n<p><strong>PRODUKT NIEDOST\u0118PNY<\/strong><\/p>\n<p>Tytu\u0142: Dream<\/p>\n<p>Autor: Jacek Sroka<\/p>\n<p>Rok: 1983<\/p>\n<p>Technika: Akwaforta<\/p>\n<p>Oprawa: Tak, czarna ramka i\u00a0szk\u0142o antyrefleksyjne<\/p>\n<p>Podpis: odr\u0119czny, E\/A<\/p>\n<p>Wymiary: 14\u00d710cm, z ramk\u0105: 35x33cm<\/p>\n<p>Stan zachowania: bardzo dobry<\/p>\n<p>Certificate of Authenticity<\/p>\n<\/div>","protected":false},"featured_media":1140,"template":"","meta":{"_monsterinsights_skip_tracking":false,"_monsterinsights_sitenote_active":false,"_monsterinsights_sitenote_note":"","_monsterinsights_sitenote_category":0,"_themeisle_gutenberg_block_has_review":false},"product_cat":[41],"product_tag":[71],"class_list":["post-1142","product","type-product","status-publish","has-post-thumbnail","hentry","product_cat-grafiki","product_tag-sroka-jacek","product_shipping_class-rodzaj-wysylki-2"],"aioseo_notices":[],"_links":{"self":[{"href":"https:\/\/kwintesencja.art\/en\/wp-json\/wp\/v2\/product\/1142","targetHints":{"allow":["GET"]}}],"collection":[{"href":"https:\/\/kwintesencja.art\/en\/wp-json\/wp\/v2\/product"}],"about":[{"href":"https:\/\/kwintesencja.art\/en\/wp-json\/wp\/v2\/types\/product"}],"wp:featuredmedia":[{"embeddable":true,"href":"https:\/\/kwintesencja.art\/en\/wp-json\/wp\/v2\/media\/1140"}],"wp:attachment":[{"href":"https:\/\/kwintesencja.art\/en\/wp-json\/wp\/v2\/media?parent=1142"}],"wp:term":[{"taxonomy":"product_cat","embeddable":true,"href":"https:\/\/kwintesencja.art\/en\/wp-json\/wp\/v2\/product_cat?post=1142"},{"taxonomy":"product_tag","embeddable":true,"href":"https:\/\/kwintesencja.art\/en\/wp-json\/wp\/v2\/product_tag?post=1142"}],"curies":[{"name":"wp","href":"https:\/\/api.w.org\/{rel}","templated":true}]}}