{"id":1108,"date":"2022-03-05T23:38:35","date_gmt":"2022-03-05T22:38:35","guid":{"rendered":"https:\/\/kwintesencja.dkonto.pl\/?post_type=product&#038;p=1108"},"modified":"2025-04-23T20:44:59","modified_gmt":"2025-04-23T18:44:59","slug":"komnata-rozkoszy-ziemskich","status":"publish","type":"product","link":"https:\/\/kwintesencja.art\/en\/product\/komnata-rozkoszy-ziemskich\/","title":{"rendered":"Komnata rozkoszy ziemskich"},"content":{"rendered":"<p>Tomasz S\u0119towski, born in Cz\u0119stochowa in 1961, is a painter associated primarily with surrealism and magical realism. He studied art at the Cz\u0119stochowa Pedagogical University. He has been a member of the Polish Artists' Association (ZPAP) since 1991. He claims to be a self-taught painter whose education<br \/>\nThe program provided only a technical foundation, and he developed his own, extremely distinctive style through his own explorations. His works have been presented in numerous solo and group exhibitions, such as the highly popular traveling exhibition \"Polish Surrealists.\" The artist primarily creates paintings in oil, acrylic, and gouache. In addition, he creates graphic art using traditional techniques\u2014etching and soft varnish. Tomasz S\u0119towski \u2013 fantasy painting. The painter belongs to the so-called magical realism movement, which has its roots in the surrealism of the last century. In S\u0119towski's work, however, this style is highly transformed and creates an individual solution with strongly defined stylistic features. The center of the composition usually features a figure, most often a woman. However, the artist subjects it to numerous modifications and metamorphoses. He incorporates landscape elements or even entire multi-level cities into it, which expand to create incredible, illusionistic structures. S\u0119towski combines various elements familiar from everyday life and uses them to create fairy-tale cities, evoking incredible fantasy worlds, full of supernatural creatures, forces, and magic. Tomasz S\u0119towski \u2013 paintings offer Tomasz S\u0119towski's works are extremely popular among collectors worldwide. Their original form and intriguing style are particularly appealing. The increased interest in his paintings is also accompanied by higher prices \u2013 the works are gaining in popularity.<br \/>\nbecause in value with each subsequent year.<\/p>","protected":false},"excerpt":{"rendered":"<p>Tytu\u0142: Komnata rozkoszy ziemskich<br \/>\nAutor: Tomasz S\u0119towski<br \/>\nTechnika: Inkografia<br \/>\nOprawa: tak \u2013 z\u0142ota<br \/>\nPodpis: odr\u0119czny, piecz\u0119\u0107 autorska, certyfikat<br \/>\nWymiary: 75 x 38 cm,\u00a0 z ram\u0105: 110 x 77 cm<br \/>\nCertificate of Authenticity<\/p>","protected":false},"featured_media":6478,"template":"","meta":{"_monsterinsights_skip_tracking":false,"_monsterinsights_sitenote_active":false,"_monsterinsights_sitenote_note":"","_monsterinsights_sitenote_category":0,"_themeisle_gutenberg_block_has_review":false},"product_cat":[39,41],"product_tag":[69],"class_list":["post-1108","product","type-product","status-publish","has-post-thumbnail","hentry","product_cat-obrazy","product_cat-grafiki","product_tag-setowski-tomasz","product_shipping_class-rodzaj-wysylki-3"],"aioseo_notices":[],"_links":{"self":[{"href":"https:\/\/kwintesencja.art\/en\/wp-json\/wp\/v2\/product\/1108","targetHints":{"allow":["GET"]}}],"collection":[{"href":"https:\/\/kwintesencja.art\/en\/wp-json\/wp\/v2\/product"}],"about":[{"href":"https:\/\/kwintesencja.art\/en\/wp-json\/wp\/v2\/types\/product"}],"wp:featuredmedia":[{"embeddable":true,"href":"https:\/\/kwintesencja.art\/en\/wp-json\/wp\/v2\/media\/6478"}],"wp:attachment":[{"href":"https:\/\/kwintesencja.art\/en\/wp-json\/wp\/v2\/media?parent=1108"}],"wp:term":[{"taxonomy":"product_cat","embeddable":true,"href":"https:\/\/kwintesencja.art\/en\/wp-json\/wp\/v2\/product_cat?post=1108"},{"taxonomy":"product_tag","embeddable":true,"href":"https:\/\/kwintesencja.art\/en\/wp-json\/wp\/v2\/product_tag?post=1108"}],"curies":[{"name":"wp","href":"https:\/\/api.w.org\/{rel}","templated":true}]}}