{"id":1105,"date":"2022-03-05T23:12:52","date_gmt":"2022-03-05T22:12:52","guid":{"rendered":"https:\/\/kwintesencja.dkonto.pl\/?post_type=product&#038;p=1105"},"modified":"2022-06-14T12:09:28","modified_gmt":"2022-06-14T10:09:28","slug":"faust","status":"publish","type":"product","link":"https:\/\/kwintesencja.art\/en\/product\/faust\/","title":{"rendered":"Faust"},"content":{"rendered":"<p>O arty\u015bcie:<\/p>\n<p>Rembrandt van Rijn, holenderski malarz, rysownik i grafik, uwa\u017cany jest za jednego z najwybitniejszych artyst\u00f3w w dziejach sztuki. Do perfekcji opanowa\u0142 technik\u0119 \u015bwiat\u0142ocienia, wykorzystuj\u0105c j\u0105 dla pog\u0142\u0119bienia dramatyzmu i nastrojowo\u015bci swych kompozycji. Nazywany jest tak\u017ce \u201emalarzem duszy\u201d. Inspirowa\u0142 si\u0119 motywami biblijnymi i mitologicznymi, tworzy\u0142 tak\u017ce sceny rodzajowe, pejza\u017ce oraz liczne portrety i autoportrety.<\/p>\n<p>Ciekawostki:<\/p>\n<p>Wed\u0142ug legendy Faust by\u0142 cz\u0142owiekiem wykszta\u0142conym, kt\u00f3ry odwr\u00f3ci\u0142 si\u0119 od Boga i zawar\u0142 uk\u0142ad z diab\u0142em, oddaj\u0105c mu swoj\u0105 dusz\u0119 za wiedz\u0119. Na rycinie obserwujemy moment, w kt\u00f3rym magiczny dysk pojawia si\u0119 w gabinecie Fausta, lewituj\u0105c na tle wielkiego okna. Obiekt ten roz\u015bwietla promieniami twarz Fausta, ukazuj\u0105c mistrzowsk\u0105 gr\u0119 \u015bwiate\u0142 i cieni na grafice. Rembrandt pos\u0142u\u017cy\u0142 si\u0119 tutaj zawi\u0142ymi liniami, by doda\u0107 g\u0142\u0119bi i perspektywy tej pracy, kieruj\u0105c nasz wzrok w samo centrum wydarze\u0144, gdzie rozgrywa si\u0119 jaka\u015b metafizyczna scena.<\/p>","protected":false},"excerpt":{"rendered":"<p>Tytu\u0142: Faust<\/p>\n<p>Autor: Rembrandt (1606-1669)<\/p>\n<p>Rok: 1652\/1978<\/p>\n<p>Technika: Litografia<\/p>\n<p>Oprawa: tak \u2013 czarna ramka<\/p>\n<p>Podpis: z odcisku<\/p>\n<p>Wymiary: 17&#215;22 cm \/ rama 30x40cm<\/p>\n<p>Stan zachowania: bardzo dobry<\/p>\n<p>Certificate of Authenticity<\/p>","protected":false},"featured_media":1107,"template":"","meta":{"_monsterinsights_skip_tracking":false,"_monsterinsights_sitenote_active":false,"_monsterinsights_sitenote_note":"","_monsterinsights_sitenote_category":0,"_themeisle_gutenberg_block_has_review":false},"product_cat":[41],"product_tag":[68],"class_list":["post-1105","product","type-product","status-publish","has-post-thumbnail","hentry","product_cat-grafiki","product_tag-rembrandt","product_shipping_class-rodzaj-wysylki-1"],"aioseo_notices":[],"_links":{"self":[{"href":"https:\/\/kwintesencja.art\/en\/wp-json\/wp\/v2\/product\/1105","targetHints":{"allow":["GET"]}}],"collection":[{"href":"https:\/\/kwintesencja.art\/en\/wp-json\/wp\/v2\/product"}],"about":[{"href":"https:\/\/kwintesencja.art\/en\/wp-json\/wp\/v2\/types\/product"}],"wp:featuredmedia":[{"embeddable":true,"href":"https:\/\/kwintesencja.art\/en\/wp-json\/wp\/v2\/media\/1107"}],"wp:attachment":[{"href":"https:\/\/kwintesencja.art\/en\/wp-json\/wp\/v2\/media?parent=1105"}],"wp:term":[{"taxonomy":"product_cat","embeddable":true,"href":"https:\/\/kwintesencja.art\/en\/wp-json\/wp\/v2\/product_cat?post=1105"},{"taxonomy":"product_tag","embeddable":true,"href":"https:\/\/kwintesencja.art\/en\/wp-json\/wp\/v2\/product_tag?post=1105"}],"curies":[{"name":"wp","href":"https:\/\/api.w.org\/{rel}","templated":true}]}}