{"id":1100,"date":"2022-03-05T23:08:58","date_gmt":"2022-03-05T22:08:58","guid":{"rendered":"https:\/\/kwintesencja.dkonto.pl\/?post_type=product&#038;p=1100"},"modified":"2025-10-01T12:02:10","modified_gmt":"2025-10-01T10:02:10","slug":"ofiara-abrahama","status":"publish","type":"product","link":"https:\/\/kwintesencja.art\/en\/product\/ofiara-abrahama\/","title":{"rendered":"Ofiara Abrahama"},"content":{"rendered":"<p>O arty\u015bcie:<\/p>\n<p>Rembrandt van Rijn, holenderski malarz, rysownik i grafik, uwa\u017cany jest za jednego z najwybitniejszych artyst\u00f3w w dziejach sztuki. Do perfekcji opanowa\u0142 technik\u0119 \u015bwiat\u0142ocienia, wykorzystuj\u0105c j\u0105 dla pog\u0142\u0119bienia dramatyzmu i nastrojowo\u015bci swych kompozycji. Nazywany jest tak\u017ce \u201emalarzem duszy\u201d. Inspirowa\u0142 si\u0119 motywami biblijnymi i mitologicznymi, tworzy\u0142 tak\u017ce sceny rodzajowe, pejza\u017ce oraz liczne portrety i autoportrety.<\/p>\n<p>Ciekawostki:<\/p>\n<p>Wed\u0142ug Starego Testamentu B\u00f3g wystawi\u0142 na pr\u00f3b\u0119 wiar\u0119 Abrahama, nakazuj\u0105c mu z\u0142o\u017cy\u0107 w ofierze swojego jedynego syna Izaaka. W sam\u0105 por\u0119 pojawi\u0142 si\u0119 anio\u0142 Pa\u0144ski, uprzedzaj\u0105c straszliwy czyn i uwalniaj\u0105c Abrahama z jego rozpaczy. Rembrandt pokazuje moment odkupienia, Abraham rozpoznaj\u0105cy mi\u0142osierdzie Bo\u017ce. W miejsce swego dziecka z\u0142o\u017cy barana.<\/p>","protected":false},"excerpt":{"rendered":"<p>Tytu\u0142: Ofiara Abrahama<\/p>\n<p>Autor: Rembrandt (1606-1669)<\/p>\n<p>Rok: 1655\/1978<\/p>\n<p>Technika: Litografia<\/p>\n<p>Oprawa: tak \u2013 czarna ramka<\/p>\n<p>Podpis: z odcisku<\/p>\n<p>Wymiary: 14&#215;16,5 cm \/ rama 30x40cm<\/p>\n<p>Stan zachowania: bardzo dobry<\/p>\n<p>Certificate of Authenticity<\/p>","protected":false},"featured_media":1104,"template":"","meta":{"_monsterinsights_skip_tracking":false,"_monsterinsights_sitenote_active":false,"_monsterinsights_sitenote_note":"","_monsterinsights_sitenote_category":0,"_themeisle_gutenberg_block_has_review":false},"product_cat":[41],"product_tag":[68],"class_list":["post-1100","product","type-product","status-publish","has-post-thumbnail","hentry","product_cat-grafiki","product_tag-rembrandt","product_shipping_class-rodzaj-wysylki-1"],"aioseo_notices":[],"_links":{"self":[{"href":"https:\/\/kwintesencja.art\/en\/wp-json\/wp\/v2\/product\/1100","targetHints":{"allow":["GET"]}}],"collection":[{"href":"https:\/\/kwintesencja.art\/en\/wp-json\/wp\/v2\/product"}],"about":[{"href":"https:\/\/kwintesencja.art\/en\/wp-json\/wp\/v2\/types\/product"}],"wp:featuredmedia":[{"embeddable":true,"href":"https:\/\/kwintesencja.art\/en\/wp-json\/wp\/v2\/media\/1104"}],"wp:attachment":[{"href":"https:\/\/kwintesencja.art\/en\/wp-json\/wp\/v2\/media?parent=1100"}],"wp:term":[{"taxonomy":"product_cat","embeddable":true,"href":"https:\/\/kwintesencja.art\/en\/wp-json\/wp\/v2\/product_cat?post=1100"},{"taxonomy":"product_tag","embeddable":true,"href":"https:\/\/kwintesencja.art\/en\/wp-json\/wp\/v2\/product_tag?post=1100"}],"curies":[{"name":"wp","href":"https:\/\/api.w.org\/{rel}","templated":true}]}}