{"id":1049,"date":"2022-03-05T13:12:08","date_gmt":"2022-03-05T12:12:08","guid":{"rendered":"https:\/\/kwintesencja.dkonto.pl\/?post_type=product&#038;p=1049"},"modified":"2022-03-25T14:17:09","modified_gmt":"2022-03-25T13:17:09","slug":"genealogia-natury","status":"publish","type":"product","link":"https:\/\/kwintesencja.art\/en\/product\/genealogia-natury\/","title":{"rendered":"Genealogia natury"},"content":{"rendered":"<p><strong>Henryk Opa\u0142ka<\/strong> (1929-2018) w latach II wojny \u015bwiatowej przebywa\u0142 wraz z rodzin\u0105 (m. in. m\u0142odszym bratem Romanem, przysz\u0142ym malarzem) w Niemczech. Tam pobiera\u0142 pierwsze nauki artystyczne. Po wojnie wr\u00f3ci\u0142 do Francji, sk\u0105d w 1946 przyjecha\u0142 do Polski. Nie uko\u0144czy\u0142 uczelni artystycznej, cho\u0107 wieloletnie zwi\u0105zki \u0142\u0105czy\u0142y go z dydaktyk\u0105. W latach 1959-1990 by\u0142 instruktorem w Do\u015bwiadczalnej Pracowni Litografii ZPAP na Saskiej K\u0119pie w Warszawie. W latach 1980-1984 pracowa\u0142 te\u017c jako mistrz w Pracowni Litografii prof. Mariana Rojewskiego na Wydziale Grafiki warszawskiej ASP. Od lat 80. tworzy i wystawia autorskie litografie, za kt\u00f3re otrzyma\u0142 wiele wyr\u00f3\u017cnie\u0144, m. in. wyr\u00f3\u017cnienie na Og\u00f3lnopolskiej Wystawie Malarstwa i Grafiki, Warszawa 1986; srebrny medal na Mi\u0119dzynarodowym Festiwalu Sztuki, Bagdad 1988; nagroda na I Biennale Litografii Kraj\u00f3w Nadba\u0142tyckich, Nidzica 1996; 5 medali na kolejnych wystawach Premio Internazionale di Grafica del Pomero &#8211; Villa Burba, Mediolan 1997-2004. Ponad 20 razy by\u0142 laureatem nagr\u00f3d r\u00f3\u017cnego stopnia w warszawskim konkursie &#8220;Najlepsza Grafika Miesi\u0105ca&#8221;. Opr\u00f3cz litografii zajmuje si\u0119 malarstwem.<\/p>","protected":false},"excerpt":{"rendered":"<p><strong>PRODUKT NIEDOST\u0118PNY<\/strong><\/p>\n<p>Tytu\u0142: Genealogia natury<\/p>\n<p>Autor: Henryk Opa\u0142ka<\/p>\n<p>Rok: 1981<\/p>\n<p>Technika: Litografia na papierze<\/p>\n<p>Oprawa: tak, rama i szk\u0142o antyrefleksyjne<\/p>\n<p>Podpis: odr\u0119czny, nr 1\/7<\/p>\n<p>Wymiary: 82,5&#215;70 cm, z ram\u0105: 86,5x74cm<\/p>\n<p>Stan zachowania: bardzo dobry<\/p>\n<p>Certificate of Authenticity<\/p>","protected":false},"featured_media":1056,"template":"","meta":{"_monsterinsights_skip_tracking":false,"_monsterinsights_sitenote_active":false,"_monsterinsights_sitenote_note":"","_monsterinsights_sitenote_category":0,"_themeisle_gutenberg_block_has_review":false},"product_cat":[41],"product_tag":[66],"class_list":["post-1049","product","type-product","status-publish","has-post-thumbnail","hentry","product_cat-grafiki","product_tag-opalka-henryk","product_shipping_class-rodzaj-wysylki-3"],"aioseo_notices":[],"_links":{"self":[{"href":"https:\/\/kwintesencja.art\/en\/wp-json\/wp\/v2\/product\/1049","targetHints":{"allow":["GET"]}}],"collection":[{"href":"https:\/\/kwintesencja.art\/en\/wp-json\/wp\/v2\/product"}],"about":[{"href":"https:\/\/kwintesencja.art\/en\/wp-json\/wp\/v2\/types\/product"}],"wp:featuredmedia":[{"embeddable":true,"href":"https:\/\/kwintesencja.art\/en\/wp-json\/wp\/v2\/media\/1056"}],"wp:attachment":[{"href":"https:\/\/kwintesencja.art\/en\/wp-json\/wp\/v2\/media?parent=1049"}],"wp:term":[{"taxonomy":"product_cat","embeddable":true,"href":"https:\/\/kwintesencja.art\/en\/wp-json\/wp\/v2\/product_cat?post=1049"},{"taxonomy":"product_tag","embeddable":true,"href":"https:\/\/kwintesencja.art\/en\/wp-json\/wp\/v2\/product_tag?post=1049"}],"curies":[{"name":"wp","href":"https:\/\/api.w.org\/{rel}","templated":true}]}}