{"id":1035,"date":"2022-03-05T12:07:58","date_gmt":"2022-03-05T11:07:58","guid":{"rendered":"https:\/\/kwintesencja.dkonto.pl\/?post_type=product&#038;p=1035"},"modified":"2022-03-25T14:17:59","modified_gmt":"2022-03-25T13:17:59","slug":"akt-siedzacy","status":"publish","type":"product","link":"https:\/\/kwintesencja.art\/en\/product\/akt-siedzacy\/","title":{"rendered":"Akt siedz\u0105cy"},"content":{"rendered":"<p>Jerzy Nowosielski (1923-2011) by\u0142 jednym z najwa\u017cniejszych polskich malarzy 2. po\u0142owy XX wieku. By\u0142 artyst\u0105 niezwykle wszechstronnym. Opr\u00f3cz pisania ikon uprawia\u0142 malarstwo, rysunek, scenografi\u0119, filozofi\u0119 i teologi\u0119. Nale\u017ca\u0142 do \u015brodowiska, kt\u00f3re skupione by\u0142o wok\u00f3\u0142 Tadeusza Kantora.<\/p>","protected":false},"excerpt":{"rendered":"<p><strong>PRODUKT NIEDOST\u0118PNY<\/strong><\/p>\n<p>Tytu\u0142: Akt siedz\u0105cy<\/p>\n<p>Autor: Jerzy Nowosielski<\/p>\n<p>Rok: 1999<\/p>\n<p>Technika: Serigrafia barwna na papierze<\/p>\n<p>Podpis: tak, odr\u0119czny oraz nr 25\/60<\/p>\n<p>Oprawa: tak, drewniana, szk\u0142o<\/p>\n<p>Wymiary: 70x100cm, w oprawie: 79x108cm<\/p>\n<p>Stan zachowania: bardzo dobry<\/p>\n<p>Certificate of Authenticity<\/p>","protected":false},"featured_media":1039,"template":"","meta":{"_monsterinsights_skip_tracking":false,"_monsterinsights_sitenote_active":false,"_monsterinsights_sitenote_note":"","_monsterinsights_sitenote_category":0,"_themeisle_gutenberg_block_has_review":false},"product_cat":[41],"product_tag":[64],"class_list":["post-1035","product","type-product","status-publish","has-post-thumbnail","hentry","product_cat-grafiki","product_tag-nowosielski-jerzy","product_shipping_class-rodzaj-wysylki-3"],"aioseo_notices":[],"_links":{"self":[{"href":"https:\/\/kwintesencja.art\/en\/wp-json\/wp\/v2\/product\/1035","targetHints":{"allow":["GET"]}}],"collection":[{"href":"https:\/\/kwintesencja.art\/en\/wp-json\/wp\/v2\/product"}],"about":[{"href":"https:\/\/kwintesencja.art\/en\/wp-json\/wp\/v2\/types\/product"}],"wp:featuredmedia":[{"embeddable":true,"href":"https:\/\/kwintesencja.art\/en\/wp-json\/wp\/v2\/media\/1039"}],"wp:attachment":[{"href":"https:\/\/kwintesencja.art\/en\/wp-json\/wp\/v2\/media?parent=1035"}],"wp:term":[{"taxonomy":"product_cat","embeddable":true,"href":"https:\/\/kwintesencja.art\/en\/wp-json\/wp\/v2\/product_cat?post=1035"},{"taxonomy":"product_tag","embeddable":true,"href":"https:\/\/kwintesencja.art\/en\/wp-json\/wp\/v2\/product_tag?post=1035"}],"curies":[{"name":"wp","href":"https:\/\/api.w.org\/{rel}","templated":true}]}}