{"id":1031,"date":"2022-03-05T11:41:23","date_gmt":"2022-03-05T10:41:23","guid":{"rendered":"https:\/\/kwintesencja.dkonto.pl\/?post_type=product&#038;p=1031"},"modified":"2023-02-13T08:06:50","modified_gmt":"2023-02-13T07:06:50","slug":"pasja-wg-gabriela","status":"publish","type":"product","link":"https:\/\/kwintesencja.art\/en\/product\/pasja-wg-gabriela\/","title":{"rendered":"Pasja wg Gabriela"},"content":{"rendered":"<p>O arty\u015bcie:<\/p>\n<p>Joanna Niedba\u0142owska uko\u0144czy\u0142a z wyr\u00f3\u017cnieniem malarstwo na krakowskiej Akademii Sztuk Pi\u0119knych. Studiowa\u0142a w pracowni prof. A. Brincken i prof. S. Rodzi\u0144skiego, a tak\u017ce w pracowni liternictwa u prof. B. Oleszki.<\/p>","protected":false},"excerpt":{"rendered":"<p>Tytu\u0142: Pasja wg Gabriela<\/p>\n<p>Autor: Joanna Niedba\u0142owska<\/p>\n<p>Rok: 2001<\/p>\n<p>Technika: Olej na p\u0142\u00f3tnie.<\/p>\n<p>Oprawa: nie<\/p>\n<p>Wymiary: 140&#215;130 cm<\/p>\n<p>Stan: bardzo dobry<\/p>\n<p>Certificate of Authenticity<\/p>","protected":false},"featured_media":1014,"template":"","meta":{"_monsterinsights_skip_tracking":false,"_monsterinsights_sitenote_active":false,"_monsterinsights_sitenote_note":"","_monsterinsights_sitenote_category":0,"_themeisle_gutenberg_block_has_review":false},"product_cat":[39],"product_tag":[62],"class_list":["post-1031","product","type-product","status-publish","has-post-thumbnail","hentry","product_cat-obrazy","product_tag-niedbalowska-joanna","product_shipping_class-rodzaj-wysylki-3"],"aioseo_notices":[],"_links":{"self":[{"href":"https:\/\/kwintesencja.art\/en\/wp-json\/wp\/v2\/product\/1031","targetHints":{"allow":["GET"]}}],"collection":[{"href":"https:\/\/kwintesencja.art\/en\/wp-json\/wp\/v2\/product"}],"about":[{"href":"https:\/\/kwintesencja.art\/en\/wp-json\/wp\/v2\/types\/product"}],"wp:featuredmedia":[{"embeddable":true,"href":"https:\/\/kwintesencja.art\/en\/wp-json\/wp\/v2\/media\/1014"}],"wp:attachment":[{"href":"https:\/\/kwintesencja.art\/en\/wp-json\/wp\/v2\/media?parent=1031"}],"wp:term":[{"taxonomy":"product_cat","embeddable":true,"href":"https:\/\/kwintesencja.art\/en\/wp-json\/wp\/v2\/product_cat?post=1031"},{"taxonomy":"product_tag","embeddable":true,"href":"https:\/\/kwintesencja.art\/en\/wp-json\/wp\/v2\/product_tag?post=1031"}],"curies":[{"name":"wp","href":"https:\/\/api.w.org\/{rel}","templated":true}]}}