{"id":1320,"date":"2022-03-10T07:59:03","date_gmt":"2022-03-10T06:59:03","guid":{"rendered":"https:\/\/kwintesencja.art\/?page_id=1320"},"modified":"2026-04-04T19:19:53","modified_gmt":"2026-04-04T17:19:53","slug":"artysci","status":"publish","type":"page","link":"https:\/\/kwintesencja.art\/en\/artysci\/","title":{"rendered":"Artists"},"content":{"rendered":"<div class=\"vc_row wpb_row vc_row-fluid\"><div class=\"wpb_column vc_column_container vc_col-sm-4\"><div class=\"vc_column-inner\"><div class=\"wpb_wrapper\">\n\t<div class=\"wpb_text_column wpb_content_element\" >\n\t\t<div class=\"wpb_wrapper\">\n\t\t\t<h2>A<\/h2>\n<p><a title=\"BABULA Joanna\" href=\"\/en\/product-tag\/wyprzedaz\/\">WYPRZEDA\u017b<\/a><br \/>\n<a title=\"BABULA Joanna\" href=\"\/en\/product-tag\/artysta-nierozpoznany\/\">UNRECOGNIZED ARTIST<\/a><br \/>\n<a title=\"BABULA Joanna\" href=\"\/en\/product-tag\/artysta-mniej-znany\/\">A LESS KNOWN ARTIST<\/a><br \/>\n<a title=\"BABULA Joanna\" href=\"\/en\/product-tag\/abakanowicz-magdalena\/\">ABAKANOWICZ Magdalena<\/a><br \/>\n<a title=\"BABULA Joanna\" href=\"\/en\/product-tag\/aberdam-alfred\/\">ABERDAM Alfred<\/a><br \/>\n<a title=\"BABULA Joanna\" href=\"\/en\/product-tag\/adlen-michel\/\">ADLEN Michel<\/a><br \/>\n<a title=\"BABULA Joanna\" href=\"\/en\/product-tag\/adler-jankiel\/\">ADLER Jankiel<\/a><br \/>\n<a title=\"BABULA Joanna\" href=\"\/en\/product-tag\/ajdukiewicz-tadeusz\/\">AJDUKIEWICZ Tadeusz<\/a><br \/>\n<a title=\"BABULA Joanna\" href=\"\/en\/product-tag\/ajwazowski-iwan-konstantynowicz\/\">AJWAZOWSKI Iwan Konstantynowicz<\/a><br \/>\n<a title=\"BABULA Joanna\" href=\"\/en\/product-tag\/andrychowski-andrzej\/\">ANDRYCHOWSKI Andrzej<\/a><\/p>\n<h2>B<\/h2>\n<p><a title=\"BABULA Joanna\" href=\"\/en\/product-tag\/bajek-zbigniew\/\">BAJEK Zbigniew<\/a><br \/>\n<a title=\"BABULA Joanna\" href=\"\/en\/product-tag\/bakalowicz-wladyslaw\/\">BAKA\u0141OWICZ W\u0142adys\u0142aw<\/a><br \/>\n<a title=\"BABULA Joanna\" href=\"\/en\/product-tag\/balthus\/\">BALTHUS<\/a><br \/>\n<a title=\"BABULA Joanna\" href=\"\/en\/product-tag\/balka-miroslaw\/\">BA\u0141KA Miros\u0142aw<\/a><br \/>\n<a title=\"CZAPSKI J\u00f3zef\" href=\"\/en\/product-tag\/banksy\/\">BANKSY<\/a><br \/>\n<a title=\"CZAPSKI J\u00f3zef\" href=\"\/en\/product-tag\/basquiat-jean-michel\/\">BASQUIAT Jean-Michel<\/a><br \/>\n<a title=\"BEKSI\u0143SKI Zdzis\u0142aw\" href=\"\/en\/product-tag\/beksinski-zdzislaw\/\">BEKSI\u0143SKI Zdzis\u0142aw<\/a><br \/>\n<a title=\"BILSKA Ewa\" href=\"\/en\/product-tag\/berlewi-henryk\/\">BERLEWI Henryk<\/a><br \/>\n<a title=\"BILSKA Ewa\" href=\"\/en\/product-tag\/bienias-grzegorz\/\">BIENIAS Grzegorz<\/a><br \/>\n<a title=\"BILSKA Ewa\" href=\"\/en\/product-tag\/bilska-ewa\/\">BILSKA Ewa<\/a><br \/>\n<a title=\"BO\u017bEK Kacper\" href=\"\/en\/product-tag\/bonnefoit-alain\/\">BONNEFOIT Alain<\/a><br \/>\n<a title=\"BO\u017bEK Kacper\" href=\"\/en\/product-tag\/botero-fernando\/\">BOTERO Fernando<\/a><br \/>\n<a title=\"BO\u017bEK Kacper\" href=\"\/en\/product-tag\/botticelli-sandro\/\">BOTTICELLI Sandro<\/a><br \/>\n<a title=\"BO\u017bEK Kacper\" href=\"\/en\/product-tag\/bozek-kacper\/\">BO\u017bEK Kacper<\/a><br \/>\n<a href=\"\/en\/product-tag\/brach-stanislaw\/\">BRACH Stanis\u0142aw<\/a><br \/>\n<a href=\"\/en\/product-tag\/brewka-wojciech\/\">BREWKA Wojciech<\/a><br \/>\n<a href=\"\/en\/product-tag\/buffet-bernard\/\">BUFFET Bernard<\/a><\/p>\n<h2>C<\/h2>\n<p><a title=\"CZAPSKI J\u00f3zef\" href=\"\/en\/product-tag\/chagall-marc\/\">CHAGALL Marc<\/a><br \/>\n<a title=\"CZAPSKI J\u00f3zef\" href=\"\/en\/product-tag\/chapiro-jacques\/\">CHAPIRO Jacques<\/a><br \/>\n<a title=\"CZAPSKI J\u00f3zef\" href=\"\/en\/product-tag\/chirico-giorgio\/\">CHIROCO Giorgio<\/a><br \/>\n<a title=\"CZAPSKI J\u00f3zef\" href=\"\/en\/product-tag\/chrystow-slawomir\/\">CHRYSTOW S\u0142awomir<\/a><br \/>\n<a title=\"CZAPSKI J\u00f3zef\" href=\"\/en\/product-tag\/chmielinski-wladyslaw\/\">CHMIELI\u0143SKI W\u0142adys\u0142aw<\/a><br \/>\n<a title=\"CZAPSKI J\u00f3zef\" href=\"\/en\/product-tag\/cocteau-jean\/\">COCTEAU Jean<\/a><br \/>\n<a title=\"CZAPSKI J\u00f3zef\" href=\"\/en\/product-tag\/czapski-jozef\/\">CZAPSKI J\u00f3zef<\/a><br \/>\n<a title=\"CZAPSKI J\u00f3zef\" href=\"\/en\/product-tag\/czedekowski-boleslaw-jan\/\">CZEDEKOWSKI Boles\u0142aw Jan<\/a><br \/>\n<a title=\"CZAPSKI J\u00f3zef\" href=\"\/en\/product-tag\/czop-zbigniew\/\">CZOP Zbigniew<\/a><\/p>\n<h2>D<\/h2>\n<p><a title=\"CZAPSKI J\u00f3zef\" href=\"\/en\/product-tag\/dali-salvador\/\">DALI Salvador<\/a><br \/>\n<a title=\"DUDA-GRACZ Jerzy\" href=\"\/en\/product-tag\/dubrowin-jan\/\">DUBROWIN Jan<\/a><br \/>\n<a title=\"DUDA-GRACZ Jerzy\" href=\"\/en\/product-tag\/duda-gracz-jerzy\/\">DUDA-GRACZ Jerzy<\/a><br \/>\n<a title=\"DWURNIK Edward\" href=\"\/en\/product-tag\/dwurnik-edward\/\">DWURNIK Edward<\/a><\/p>\n<h2>E<\/h2>\n<p><a title=\"DUDA-GRACZ Jerzy\" href=\"\/en\/product-tag\/elwertowski-jakub\/\">ELWERTOWSKI Jakub<\/a><br \/>\n<a title=\"DUDA-GRACZ Jerzy\" href=\"\/en\/product-tag\/epstein-henryk\/\">EPSTEIN Henryk<\/a><br \/>\n<a title=\"DUDA-GRACZ Jerzy\" href=\"\/en\/product-tag\/ernst-max\/\">ERNST Max<\/a><\/p>\n<h2>F<\/h2>\n<p><a title=\"FIJA\u0141KOWSKI Stanis\u0142aw\" href=\"\/en\/product-tag\/fijalkowski-stanislaw\/\">FIJA\u0141KOWSKI Stanis\u0142aw<\/a><br \/>\n<a title=\"FINI Leonor\" href=\"\/en\/product-tag\/fini-leonor\/\">FINI Leonor<\/a><br \/>\n<a title=\"FINI Leonor\" href=\"\/en\/product-tag\/foujita-tsuguharu\/\">FOUJITA Tsuguharu<\/a><\/p>\n<h2>G<\/h2>\n<p><a title=\"GOTTLIEB Leopold\" href=\"\/en\/product-tag\/gaj-jacek\/\">GAJ Jacek<\/a><br \/>\n<a title=\"GOTTLIEB Leopold\" href=\"\/en\/product-tag\/gieraga-andrzej\/\">GIERAGA Andrzej<\/a><br \/>\n<a title=\"GOTTLIEB Leopold\" href=\"\/en\/product-tag\/goldberg-chaim\/\">GOLDBERG Chaim<\/a><br \/>\n<a title=\"GOTTLIEB Leopold\" href=\"\/en\/product-tag\/gottlieb-leopold\/\">GOTTLIEB Leopold<\/a><br \/>\n<a href=\"\/en\/product-tag\/gorecka-dorota\/\">G\u00d3RECKA Dorota<\/a><br \/>\n<a title=\"GREENE Milton\" href=\"\/en\/product-tag\/grabowski-stanislaw\/\">GRABOWSKI Stanis\u0142aw<\/a><br \/>\n<a title=\"GREENE Milton\" href=\"\/en\/product-tag\/greene-milton\/\">GREENE Milton<\/a><br \/>\n<a href=\"\/en\/product-tag\/gromaire-marcel\/\">GROMAIRE Marcel<\/a><br \/>\n<a href=\"\/en\/product-tag\/grosz-george\/\">GROSZ George<\/a><br \/>\n<a href=\"\/en\/product-tag\/grunsweigh-nathan\/\">GRUNSWEIGH Nathan<\/a><\/p>\n<h2>H<\/h2>\n<p><a title=\"HAYDEN Henryk\" href=\"\/en\/product-tag\/haring-keith\/\">HARING Keith<\/a><br \/>\n<a title=\"HAYDEN Henryk\" href=\"\/en\/product-tag\/hasior-wladyslaw\/\">HASIOR W\u0142adys\u0142aw<\/a><br \/>\n<a title=\"HAYDEN Henryk\" href=\"\/en\/product-tag\/hassenberg-irena-reno\/\">HASSENBERG Irena (Reno)<\/a><br \/>\n<a title=\"HAYDEN Henryk\" href=\"\/en\/product-tag\/hayden-henryk\/\">HAYDEN Henryk<\/a><br \/>\n<a title=\"HAYDEN Henryk\" href=\"\/en\/product-tag\/henner-jean-jacques\/\">HENNER Jean Jacques<\/a><br \/>\n<a title=\"HAYDEN Henryk\" href=\"\/en\/product-tag\/hofman-wlastimil\/\">HOFMAN Wlastimil<\/a><br \/>\n<a title=\"HAYDEN Henryk\" href=\"\/en\/product-tag\/hopper-edward\/\">HOPPER Edward<\/a><\/p>\n\n\t\t<\/div>\n\t<\/div>\n<\/div><\/div><\/div><div class=\"wpb_column vc_column_container vc_col-sm-4\"><div class=\"vc_column-inner\"><div class=\"wpb_wrapper\">\n\t<div class=\"wpb_text_column wpb_content_element\" >\n\t\t<div class=\"wpb_wrapper\">\n\t\t\t<h2>J<\/h2>\n<p><a title=\"KANTOR Tadeusz\" href=\"\/en\/product-tag\/jahl-wladyslaw-alojzy\/\">JAHL W\u0142adys\u0142aw Alojzy<\/a><\/p>\n<h2>K<\/h2>\n<p><a title=\"KANTOR Tadeusz\" href=\"\/en\/product-tag\/kahlo-frida\/\">KAHLO Frida<\/a><br \/>\n<a title=\"KANTOR Tadeusz\" href=\"\/en\/product-tag\/kamocki-stanislaw\/\">KAMOCKI Stanis\u0142aw<\/a><br \/>\n<a title=\"KANTOR Tadeusz\" href=\"\/en\/product-tag\/kandinsky-wassily\/\">KANDINSKY Wassily<\/a><br \/>\n<a title=\"KANTOR Tadeusz\" href=\"\/en\/product-tag\/kanelba-rajmund\/\">KANELBA Rajmund<\/a><br \/>\n<a title=\"KANTOR Tadeusz\" href=\"\/en\/product-tag\/kantor-tadeusz\/\">KANTOR Tadeusz<\/a><br \/>\n<a href=\"\/en\/product-tag\/karpinski-alfons\/\">KARPI\u0143SKI Alfons<\/a><br \/>\n<a title=\"KARWACKI Janusz\" href=\"\/en\/product-tag\/karwacki-janusz\/\">KARWACKI Janusz<\/a><br \/>\n<a title=\"KARWACKI Janusz\" href=\"\/en\/product-tag\/kasprowicz-jan-maksymilian\/\">KASPROWICZ Jan Maksymilian<\/a><br \/>\n<a title=\"KARWACKI Janusz\" href=\"\/en\/product-tag\/kikoine-michel\/\">KIKOINE Michel<\/a><br \/>\n<a title=\"KARWACKI Janusz\" href=\"\/en\/product-tag\/kisling-mojzesz\/\">KISLING Moj\u017cesz<\/a><br \/>\n<a title=\"KANTOR Tadeusz\" href=\"\/en\/product-tag\/klee-paul\/\">KLEE Paul<\/a><br \/>\n<a title=\"KANTOR Tadeusz\" href=\"\/en\/product-tag\/klimek-ludwik\/\">KLIMEK Ludwik<\/a><br \/>\n<a title=\"KANTOR Tadeusz\" href=\"\/en\/product-tag\/klimt-gustav\/\">KLIMT Gustav<\/a><br \/>\n<a title=\"KANTOR Tadeusz\" href=\"\/en\/product-tag\/kochanowski-roman\/\">KOCHANOWSKI Roman<\/a><br \/>\n<a title=\"KANTOR Tadeusz\" href=\"\/en\/product-tag\/kokoschka-oskar\/\">KOKOSCHKA Oskar<\/a><br \/>\n<a title=\"KANTOR Tadeusz\" href=\"\/en\/product-tag\/korecki-wiktor\/\">KORECKI Wiktor<\/a><br \/>\n<a title=\"KANTOR Tadeusz\" href=\"\/en\/product-tag\/korzeniowska-wanda\/\">KORZENIOWSKA Wanda<\/a><br \/>\n<a title=\"KANTOR Tadeusz\" href=\"\/en\/product-tag\/kossak\/\">KOSSAK<\/a><br \/>\n<a title=\"KANTOR Tadeusz\" href=\"\/en\/product-tag\/krasnals\/\">KRASNALS<\/a><br \/>\n<a title=\"KANTOR Tadeusz\" href=\"\/en\/product-tag\/kraszewska-otolia\/\">KRASZEWSKA Otolia<\/a><br \/>\n<a title=\"KANTOR Tadeusz\" href=\"\/en\/product-tag\/kremegne-pinchus\/\">KREMEGNE Pinchus<\/a><br \/>\n<a href=\"\/en\/product-tag\/kukla-qkla-piotr\/\">KUKLA Qkla Piotr<\/a><br \/>\n<a href=\"\/en\/product-tag\/kuryluk-ewa\/\">KURYLUK Ewa<\/a><\/p>\n<h2>L<\/h2>\n<p><a title=\"MALCZEWSKI \u0141ukasz\" href=\"\/en\/product-tag\/lambert-rucki-jean\/\">LAMBERT-RUCKI Jean<\/a><br \/>\n<a title=\"MALCZEWSKI \u0141ukasz\" href=\"\/en\/product-tag\/landau-zygmunt\/\">LANDAU Zygmunt<\/a><br \/>\n<a title=\"MALCZEWSKI \u0141ukasz\" href=\"\/en\/product-tag\/laurencin-marie\/\">LAURENCIN Marie<\/a><br \/>\n<a title=\"MALCZEWSKI \u0141ukasz\" href=\"\/en\/product-tag\/lautrec-henri-toulouse\/\">LAUTREC Henri Toulouse<\/a><br \/>\n<a title=\"MALCZEWSKI \u0141ukasz\" href=\"\/en\/product-tag\/leger-fernand\/\">LEGER Fernand<\/a><br \/>\n<a title=\"MALCZEWSKI \u0141ukasz\" href=\"\/en\/product-tag\/lebenstein-jan\/\">LEBENSTEIN Jan<\/a><br \/>\n<a title=\"MALCZEWSKI \u0141ukasz\" href=\"\/en\/product-tag\/lichtenstein-roy\/\">LICHTENSTEIN Roy<\/a><\/p>\n<h2>\u0141<\/h2>\n<p><a title=\"MALCZEWSKI \u0141ukasz\" href=\"\/en\/product-tag\/lempicka-tamara\/\">\u0141EMPICKA Tamara<\/a><\/p>\n<h2>M<\/h2>\n<p><a title=\"MALCZEWSKI \u0141ukasz\" href=\"\/en\/product-tag\/magritte-rene\/\">MAGRITTE Rene<\/a><br \/>\n<a title=\"MALCZEWSKI \u0141ukasz\" href=\"\/en\/product-tag\/makabresku-laura\/\">MAKABRESKU Laura<\/a><br \/>\n<a title=\"MALCZEWSKI \u0141ukasz\" href=\"\/en\/product-tag\/makowski-tadeusz\/\">MAKOWSKI Tadeusz<\/a><br \/>\n<a title=\"MALCZEWSKI \u0141ukasz\" href=\"\/en\/product-tag\/malczewski-lukasz\/\">MALCZEWSKI \u0141ukasz<\/a><br \/>\n<a title=\"MALCZEWSKI \u0141ukasz\" href=\"\/en\/product-tag\/markiel-jakub\/\">MARKIEL Jakub<\/a><br \/>\n<a title=\"MALCZEWSKI \u0141ukasz\" href=\"\/en\/product-tag\/masson-andre\/\">MASSON Andre<\/a><br \/>\n<a title=\"MALCZEWSKI \u0141ukasz\" href=\"\/en\/product-tag\/masluszczak-franciszek\/\">MA\u015aLUSZCZAK Franciszek<\/a><br \/>\n<a title=\"MALCZEWSKI \u0141ukasz\" href=\"\/en\/product-tag\/menkes-zygmunt\/\">MENKES Zygmunt<\/a><br \/>\n<a title=\"MICHALSKA Paulina\" href=\"\/en\/product-tag\/mianowski-lucjan\/\">MIANOWSKI Lucjan<\/a><br \/>\n<a title=\"MICHALSKA Paulina\" href=\"\/en\/product-tag\/michalowski-herman\/\">MICHA\u0141OWSKI Herman<\/a><br \/>\n<a title=\"MIERNIK Magdalena\" href=\"\/en\/product-tag\/miernik-magdalena\/\">MIERNIK Magdalena<\/a><br \/>\n<a title=\"MIERNIK Magdalena\" href=\"\/en\/product-tag\/milich-adolf\/\">MILICH Adolf<\/a><br \/>\n<a title=\"MIERNIK Magdalena\" href=\"\/en\/product-tag\/miro-joan\/\">MIRO Joan<\/a><br \/>\n<a title=\"MIERNIK Magdalena\" href=\"\/en\/product-tag\/mitoraj-igor\/\">MITORAJ Igor<\/a><br \/>\n<a title=\"MIERNIK Magdalena\" href=\"\/en\/product-tag\/modigliani-amadeo\/\">MODIGLIANI Amadeo<\/a><br \/>\n<a title=\"MIERNIK Magdalena\" href=\"\/en\/product-tag\/mondzain-simon\/\">MONDZAIN Simon<\/a><br \/>\n<a title=\"MIERNIK Magdalena\" href=\"\/en\/product-tag\/mucha-alfons\/\">MUCHA Alfons<\/a><br \/>\n<a title=\"MIERNIK Magdalena\" href=\"\/en\/product-tag\/munch-edvard\/\">MUNCH Edvard<\/a><br \/>\n<a title=\"MIERNIK Magdalena\" href=\"\/en\/product-tag\/murakami-takashi\/\">MURAKAMI Takashi<\/a><br \/>\n<a title=\"MIERNIK Magdalena\" href=\"\/en\/product-tag\/murawska-beata\/\">MURAWSKA Beata<\/a><br \/>\n<a title=\"MIERNIK Magdalena\" href=\"\/en\/product-tag\/muter-mela\/\">MUTER Mela<\/a><\/p>\n<h2>N<\/h2>\n<p><a title=\"NIEDBA\u0141OWSKA Joanna\" href=\"\/en\/product-tag\/niedbalowska-joanna\/\">NIEDBA\u0141OWSKA Joanna<\/a><br \/>\n<a title=\"NIEDBA\u0141OWSKA Joanna\" href=\"\/en\/product-tag\/nikifor\/\">NIKIFOR<\/a><br \/>\n<a title=\"NOWOSIELSKI Jerzy\" href=\"\/en\/product-tag\/nowosielski-jerzy\/\">NOWOSIELSKI Jerzy<\/a><\/p>\n<h2>O<\/h2>\n<p><a title=\"OLBI\u0143SKI Rafa\u0142\" href=\"\/en\/product-tag\/olbinski-rafal\/\">OLBI\u0143SKI Rafa\u0142<\/a><br \/>\n<a title=\"OPA\u0141KA Henryk\" href=\"\/en\/product-tag\/opalka-henryk\/\">OPA\u0141KA Henryk<\/a><\/p>\n<h2>P<\/h2>\n<p><a title=\"PICASSO Pablo\" href=\"\/en\/product-tag\/palucha-jacek\/\">PA\u0141UCHA Jacek<\/a><br \/>\n<a title=\"PICASSO Pablo\" href=\"\/en\/product-tag\/panek-jerzy\/\">PANEK Jerzy<\/a><br \/>\n<a title=\"PICASSO Pablo\" href=\"\/en\/product-tag\/peske-jean\/\">PESKE Jean<\/a><br \/>\n<a title=\"PICASSO Pablo\" href=\"\/en\/product-tag\/picasso-pablo\/\">PICASSO Pablo<\/a><br \/>\n<a title=\"PICASSO Pablo\" href=\"\/en\/product-tag\/pietsch-andrzej\/\">PIETSCH Andrzej<\/a><br \/>\n<a title=\"P\u0141UCIENNIK Henryk\" href=\"\/en\/product-tag\/plociennik-henryk\/\">P\u0141\u00d3CIENNIK Henryk<\/a><br \/>\n<a title=\"P\u0141UCIENNIK Henryk\" href=\"\/en\/product-tag\/potworowski-piotr\/\">POTWOROWSKI Piotr<\/a><br \/>\n<a title=\"P\u0141UCIENNIK Henryk\" href=\"\/en\/product-tag\/pressmane-joseph\/\">PRESSMANE Joseph<\/a><\/p>\n\n\t\t<\/div>\n\t<\/div>\n<\/div><\/div><\/div><div class=\"wpb_column vc_column_container vc_col-sm-4\"><div class=\"vc_column-inner\"><div class=\"wpb_wrapper\">\n\t<div class=\"wpb_text_column wpb_content_element\" >\n\t\t<div class=\"wpb_wrapper\">\n\t\t\t<h2>R<\/h2>\n<p><a title=\"REMBRANDT\" href=\"\/en\/product-tag\/renoir-pierre-auguste\/\">RENOIR Pierre-Auguste<\/a><br \/>\n<a title=\"REMBRANDT\" href=\"\/en\/product-tag\/rembrandt\/\">REMBRANDT<\/a><br \/>\n<a title=\"REMBRANDT\" href=\"\/en\/product-tag\/rieper-august\/\">RIEPER August<\/a><\/p>\n<h2>S<\/h2>\n<p><a title=\"S\u0118TOWSK Tomasz\" href=\"\/en\/product-tag\/saudek-jan\/\">SAUDEK Jan<\/a><a title=\"S\u0118TOWSK Tomasz\" href=\"\/en\/product-tag\/setowski-tomasz\/\"><br \/>\n<\/a><a title=\"SREBRO Joanna\" href=\"\/en\/product-tag\/saudkova-sara\/\">SAUDKOVA Sara<\/a><br \/>\n<a title=\"SREBRO Joanna\" href=\"\/en\/product-tag\/schiele-egon\/\">SCHIELE Egon<\/a><br \/>\n<a title=\"SREBRO Joanna\" href=\"\/en\/product-tag\/setkowicz-adam\/\">SETKOWICZ Adam<\/a><br \/>\n<a title=\"S\u0118TOWSK Tomasz\" href=\"\/en\/product-tag\/setowski-tomasz\/\">S\u0118TOWSKI Tomasz<\/a><br \/>\n<a title=\"S\u0118TOWSK Tomasz\" href=\"\/en\/product-tag\/skorczewski-krzysztof\/\">SK\u00d3RCZEWSKI Krzysztof<\/a><br \/>\n<a title=\"S\u0118TOWSK Tomasz\" href=\"\/en\/product-tag\/smola-artur\/\">SMO\u0141A Artur<\/a><br \/>\n<a title=\"S\u0118TOWSK Tomasz\" href=\"\/en\/product-tag\/sobel-judyta\/\">SOBEL Judyta<\/a><br \/>\n<a title=\"SREBRO Joanna\" href=\"\/en\/product-tag\/srebro-joanna\/\">SREBRO Joanna<\/a><br \/>\n<a title=\"SROKA Jacek\" href=\"\/en\/product-tag\/sroka-jacek\/\">SROKA Jacek<\/a><br \/>\n<a title=\"SROKA Jacek\" href=\"\/en\/product-tag\/stanislawski-jan\/\">STANIS\u0141AWSKI Jan<\/a><br \/>\n<a title=\"SROKA Jacek\" href=\"\/en\/product-tag\/starowieyski-franciszek\/\">STAROWIEYSKI Franciszek<\/a><br \/>\n<a title=\"S\u0118TOWSK Tomasz\" href=\"\/en\/product-tag\/stern-jonasz\/\">STERN Jonasz<\/a><br \/>\n<a title=\"S\u0118TOWSK Tomasz\" href=\"\/en\/product-tag\/stryjenska-zofia\/\">STRYJE\u0143SKA Zofia<\/a><br \/>\n<a title=\"S\u0118TOWSK Tomasz\" href=\"\/en\/product-tag\/szankowski-boleslaw\/\">SZA\u0143KOWSKI Boles\u0142aw<\/a><br \/>\n<a title=\"S\u0118TOWSK Tomasz\" href=\"\/en\/product-tag\/szydlowska-katarzyna\/\">SZYD\u0141OWSKA Katarzyna<\/a><\/p>\n<h2>\u015a<\/h2>\n<p><a href=\"\/en\/product-tag\/sliwinska-anna\/\">\u015aLIWI\u0143SKA Anna<\/a><\/p>\n<h2>T<\/h2>\n<p><a title=\"TARASIN Jan\" href=\"\/en\/product-tag\/talwinski-igor\/\">TALWI\u0143SKI Igor<\/a><br \/>\n<a title=\"TARASIN Jan\" href=\"\/en\/product-tag\/tarasin-jan\/\">TARASIN Jan<\/a><br \/>\n<a title=\"TARASIN Jan\" href=\"\/en\/product-tag\/terlikowski-wlodzimierz\/\">TERLIKOWSKI W\u0142odzimierz<\/a><br \/>\n<a title=\"TARASIN Jan\" href=\"\/en\/product-tag\/trusz-iwan\/\">TRUSZ Iwan<\/a><\/p>\n<h2>U<\/h2>\n<p><a title=\"UTAGAWA Kunisada\" href=\"\/en\/product-tag\/utagawa-kunisada\/\">UTAGAWA Kunisada<\/a><br \/>\n<a href=\"\/en\/product-tag\/utagawa-kuniyoshi\/\">UTAGAWA Kuniyoshi<\/a><br \/>\n<a href=\"\/en\/product-tag\/utrillo-maurice\/\">UTRILLO Maurice<\/a><\/p>\n<h2>V<\/h2>\n<p><a href=\"\/en\/product-tag\/valadon-suzanne\/\">VALADON Suzanne<\/a><br \/>\n<a href=\"\/en\/product-tag\/vasarely-victor\/\">VASARELY Victor<\/a><br \/>\n<a href=\"\/en\/product-tag\/velazquez-diego\/\">VELAZQUEZ Diego<\/a><br \/>\n<a href=\"\/en\/product-tag\/vinci-leonardo\/\">VINCI Leonardo<\/a><\/p>\n<h2>W<\/h2>\n<p><a title=\"WALCZAK Ireneusz\" href=\"\/en\/product-tag\/walczak-ireneusz\/\">WALCZAK Ireneusz<\/a><br \/>\n<a title=\"WARHOL Andy\" href=\"\/en\/product-tag\/warhol-andy\/\">WARHOL Andy<\/a><br \/>\n<a href=\"\/en\/product-tag\/weinbaum-abraham\/\">WEINBAUM Abraham<\/a><br \/>\n<a href=\"\/en\/product-tag\/weingart-joachim\/\">WEINGART Joachim<\/a><br \/>\n<a href=\"\/en\/product-tag\/weiss-irena\/\">WEISS Irena<\/a><br \/>\n<a href=\"\/en\/product-tag\/wejman-mieczyslaw\/\">WEJMAN Mieczys\u0142aw<\/a><br \/>\n<a title=\"WEJMAN Stanis\u0142aw\" href=\"\/en\/product-tag\/wejman-stanislaw\/\">WEJMAN Stanis\u0142aw<\/a><br \/>\n<a href=\"\/en\/product-tag\/wenska-sylwia\/\">WENSKA Sylwia<\/a><br \/>\n<a title=\"WESTWALEWICZ Stanis\u0142aw\" href=\"\/en\/product-tag\/westwalewicz-stanislaw\/\">WESTWALEWICZ Stanis\u0142aw<\/a><br \/>\n<a title=\"WALCZAK Ireneusz\" href=\"\/en\/product-tag\/witold-k\/\">WITOLD K<\/a><br \/>\n<a title=\"WALCZAK Ireneusz\" href=\"\/en\/product-tag\/wodzinowski-wincenty\/\">WODZINOWSKI Wincenty<\/a><br \/>\n<a title=\"WALCZAK Ireneusz\" href=\"\/en\/product-tag\/wygrzywalski-feliks-michal\/\">WYGRZYWALSKI Feliks Micha\u0142<\/a><\/p>\n<h2>Y<\/h2>\n<p><a title=\"YERKA Jacek\" href=\"\/en\/product-tag\/yerka-jacek\/\">YERKA Jacek<\/a><\/p>\n<h2>Z<\/h2>\n<p><a title=\"YERKA Jacek\" href=\"\/en\/product-tag\/zadkine-ossip\/\">ZADKINE Ossip<\/a><br \/>\n<a title=\"YERKA Jacek\" href=\"\/en\/product-tag\/zak-eugeniusz\/\">ZAK Eugeniusz<\/a><br \/>\n<a title=\"YERKA Jacek\" href=\"\/en\/product-tag\/zakrzewski-wlodzimierz\/\">ZAKRZEWSKI W\u0142odzimierz<\/a><br \/>\n<a title=\"YERKA Jacek\" href=\"\/en\/product-tag\/zucker-jakub\/\">ZUCKER Jakub<\/a><\/p>\n<h2>\u017b<\/h2>\n<p><a title=\"YERKA Jacek\" href=\"\/en\/product-tag\/zurawski-stanislaw\/\">\u017bURAWSKI Stanis\u0142aw<\/a><\/p>\n\n\t\t<\/div>\n\t<\/div>\n<\/div><\/div><\/div><\/div>","protected":false},"excerpt":{"rendered":"A WYPRZEDA\u017b ARTYSTA NIEROZPOZNANY ARTYSTA MNIEJ ZNANY ABAKANOWICZ Magdalena ABERDAM Alfred ADLEN Michel ADLER Jankiel AJDUKIEWICZ Tadeusz AJWAZOWSKI Iwan Konstantynowicz ANDRYCHOWSKI Andrzej B BAJEK Zbigniew BAKA\u0141OWICZ W\u0142adys\u0142aw BALTHUS BA\u0141KA Miros\u0142aw BANKSY BASQUIAT Jean-Michel BEKSI\u0143SKI Zdzis\u0142aw BERLEWI Henryk BIENIAS Grzegorz BILSKA Ewa BONNEFOIT Alain BOTERO Fernando BOTTICELLI Sandro BO\u017bEK Kacper BRACH Stanis\u0142aw BREWKA Wojciech BUFFET Bernard [...]","protected":false},"author":1,"featured_media":0,"parent":0,"menu_order":0,"comment_status":"closed","ping_status":"closed","template":"template-page.php","meta":{"_monsterinsights_skip_tracking":false,"_monsterinsights_sitenote_active":false,"_monsterinsights_sitenote_note":"","_monsterinsights_sitenote_category":0,"_themeisle_gutenberg_block_has_review":false,"footnotes":""},"class_list":["post-1320","page","type-page","status-publish","hentry"],"aioseo_notices":[],"_links":{"self":[{"href":"https:\/\/kwintesencja.art\/en\/wp-json\/wp\/v2\/pages\/1320","targetHints":{"allow":["GET"]}}],"collection":[{"href":"https:\/\/kwintesencja.art\/en\/wp-json\/wp\/v2\/pages"}],"about":[{"href":"https:\/\/kwintesencja.art\/en\/wp-json\/wp\/v2\/types\/page"}],"author":[{"embeddable":true,"href":"https:\/\/kwintesencja.art\/en\/wp-json\/wp\/v2\/users\/1"}],"replies":[{"embeddable":true,"href":"https:\/\/kwintesencja.art\/en\/wp-json\/wp\/v2\/comments?post=1320"}],"version-history":[{"count":164,"href":"https:\/\/kwintesencja.art\/en\/wp-json\/wp\/v2\/pages\/1320\/revisions"}],"predecessor-version":[{"id":9686,"href":"https:\/\/kwintesencja.art\/en\/wp-json\/wp\/v2\/pages\/1320\/revisions\/9686"}],"wp:attachment":[{"href":"https:\/\/kwintesencja.art\/en\/wp-json\/wp\/v2\/media?parent=1320"}],"curies":[{"name":"wp","href":"https:\/\/api.w.org\/{rel}","templated":true}]}}